{"id":148987,"date":"2023-01-19T16:35:28","date_gmt":"2023-01-19T15:35:28","guid":{"rendered":"https:\/\/realdutchfood.com\/versandkosten\/"},"modified":"2026-04-01T15:38:02","modified_gmt":"2026-04-01T13:38:02","slug":"verzendkosten","status":"publish","type":"page","link":"https:\/\/staging.realdutchfood.com\/de\/verzendkosten\/","title":{"rendered":"Versandkosten und Informationen"},"content":{"rendered":"<div class=\"row row-main\">\n<div class=\"large-12 col\">\n<div class=\"col-inner\">\n<h1><strong>Versandkosten und Informationen<\/strong><\/h1>\n<p>Bei Real Dutch Food sorgen wir daf\u00fcr, dass Ihre Bestellung schnell und sorgf\u00e4ltig geliefert wird. Nachfolgend finden Sie alle wichtigen Informationen zu unseren Versandkosten, einschlie\u00dflich der Tarife f\u00fcr beliebte Reiseziele und anderer n\u00fctzlicher Details.<\/p>\n<h3><strong>Beliebte Reiseziele (Preise ab)<\/strong><\/h3>\n<ul>\n<li>Belgien: ab \u20ac10,00<\/li>\n<li>England: ab \u20ac24,25<\/li>\n<li>Frankreich: ab \u20ac16,5,00<\/li>\n<li>Niederlande: ab \u20ac7,90<\/li>\n<li>Deutschland: ab \u20ac10,00<\/li>\n<\/ul>\n<h3><strong>\u20acDie genauen Kosten h\u00e4ngen von Ihren Optionen ab:<\/strong><\/h3>\n<ul>\n<li>Land<\/li>\n<li>Spediteur: PostNL, DPD Home, DPD Pick Up Point<\/li>\n<li>Gewichtsklassen: 0-5 kg, 5-10 kg, 10-15 kg, 15-20 kg<\/li>\n<\/ul>\n<h3><strong>Wichtige Punkte<\/strong><\/h3>\n<ul>\n<li>Bearbeitungszeit: 3 bis 5 Werktage<\/li>\n<li>Maximales Gewicht pro Paket: 20 Kilo<\/li>\n<li>Lieferzeit innerhalb der EU: 5 bis 7 Werktage, au\u00dferhalb der EU: 7 bis 20 Werktage<\/li>\n<li>Keine Postfachzustellung m\u00f6glich<\/li>\n<li>Tipp: Versuchen Sie optimal bis zum Maximalgewicht Ihrer Versandklasse zu bestellen<\/li>\n<li>Warenkorb: Sehen Sie das Gesamtgewicht Ihrer Bestellung direkt im Warenkorb<\/li>\n<li><strong>Zoll: Informieren Sie sich immer \u00fcber die \u00f6rtlichen Zollbestimmungen. Real Dutch Food ist nicht verantwortlich f\u00fcr Einfuhrz\u00f6lle, Mehrwertsteuer oder abgelehnte Pakete. <\/strong><\/li>\n<li>DPD kann f\u00fcr abgelegene Gebiete einen Aufpreis erheben. Wenn dies auf Ihre Bestellung zutrifft, werden wir uns mit Ihnen in Verbindung setzen.<\/li>\n<\/ul>\n<h3><strong>Die vollst\u00e4ndigen Versandkosten finden Sie in der folgenden Tabelle.<\/strong><\/h3>\n<p>Die unten angegebenen Preise sind in Euro ohne Mehrwertsteuer<\/p>\n<table width=\"636\">\n<tbody>\n<tr>\n<td width=\"158\"><strong>L\u00e4nder der EU<\/strong><\/td>\n<td width=\"118\"><strong>PostNL 0-5 kg<\/strong><\/td>\n<td width=\"118\"><strong>PostNL 5-10 kg<\/strong><\/td>\n<td width=\"124\"><strong>PostNL 10-20 kg<\/strong><\/td>\n<td width=\"118\"><strong>DPD 0-20kg<\/strong><\/td>\n<\/tr>\n<tr>\n<td width=\"158\">Belgien<\/td>\n<td width=\"118\">11,50<\/td>\n<td width=\"118\">11,50<\/td>\n<td width=\"124\">11,50<\/td>\n<td width=\"118\">10,00<\/td>\n<\/tr>\n<tr>\n<td width=\"158\">Bulgarien<\/td>\n<td width=\"118\">21,00<\/td>\n<td width=\"118\">26,00<\/td>\n<td width=\"124\">31,00<\/td>\n<td width=\"118\">33,00<\/td>\n<\/tr>\n<tr>\n<td width=\"158\">D\u00e4nemark<\/td>\n<td width=\"118\">18,75<\/td>\n<td width=\"118\">22,50<\/td>\n<td width=\"124\">25,75<\/td>\n<td width=\"118\">16,50<\/td>\n<\/tr>\n<tr>\n<td width=\"158\">Deutschland<\/td>\n<td width=\"118\">11,25<\/td>\n<td width=\"118\">12,25<\/td>\n<td width=\"124\">13,25<\/td>\n<td width=\"118\">10,00<\/td>\n<\/tr>\n<tr>\n<td width=\"158\">Estland<\/td>\n<td width=\"118\">28,50<\/td>\n<td width=\"118\">31,75<\/td>\n<td width=\"124\">38,25<\/td>\n<td width=\"118\">21,50<\/td>\n<\/tr>\n<tr>\n<td width=\"158\">Finnland<\/td>\n<td width=\"118\">27,50<\/td>\n<td width=\"118\">33,50<\/td>\n<td width=\"124\">41,50<\/td>\n<td width=\"118\">31,50<\/td>\n<\/tr>\n<tr>\n<td width=\"158\">Frankreich<\/td>\n<td width=\"118\">16,00<\/td>\n<td width=\"118\">19,50<\/td>\n<td width=\"124\">24,50<\/td>\n<td width=\"118\">16,50<\/td>\n<\/tr>\n<tr>\n<td width=\"158\">Griechenland<\/td>\n<td width=\"118\">30,00<\/td>\n<td width=\"118\">38,00<\/td>\n<td width=\"124\">57,50<\/td>\n<td width=\"118\"><\/td>\n<\/tr>\n<tr>\n<td width=\"158\">Irland<\/td>\n<td width=\"118\">25,75<\/td>\n<td width=\"118\">30,50<\/td>\n<td width=\"124\">37,00<\/td>\n<td width=\"118\">20,50<\/td>\n<\/tr>\n<tr>\n<td width=\"158\">Italien<\/td>\n<td width=\"118\">19,50<\/td>\n<td width=\"118\">21,50<\/td>\n<td width=\"124\">25,00<\/td>\n<td width=\"118\">21,50<\/td>\n<\/tr>\n<tr>\n<td width=\"158\">Kroatien<\/td>\n<td width=\"118\">23,50<\/td>\n<td width=\"118\">27,50<\/td>\n<td width=\"124\">33,75<\/td>\n<td width=\"118\">35,00<\/td>\n<\/tr>\n<tr>\n<td width=\"158\">Lettland<\/td>\n<td width=\"118\">28,50<\/td>\n<td width=\"118\">31,50<\/td>\n<td width=\"124\">38,00<\/td>\n<td width=\"118\">21,50<\/td>\n<\/tr>\n<tr>\n<td width=\"158\">Litauen<\/td>\n<td width=\"118\">28,50<\/td>\n<td width=\"118\">31,50<\/td>\n<td width=\"124\">38,00<\/td>\n<td width=\"118\">25,50<\/td>\n<\/tr>\n<tr>\n<td width=\"158\">Luxemburg<\/td>\n<td width=\"118\">14,50<\/td>\n<td width=\"118\">16,75<\/td>\n<td width=\"124\">19,00<\/td>\n<td width=\"118\">13.50<\/td>\n<\/tr>\n<tr>\n<td width=\"158\">Malta<\/td>\n<td width=\"118\">33,50<\/td>\n<td width=\"118\">43,50<\/td>\n<td width=\"124\">64,50<\/td>\n<td width=\"118\"><\/td>\n<\/tr>\n<tr>\n<td width=\"158\">Niederlande<\/td>\n<td width=\"118\">8,00<\/td>\n<td width=\"118\">8,00<\/td>\n<td width=\"124\">9,00<\/td>\n<td width=\"118\">7,90<\/td>\n<\/tr>\n<tr>\n<td width=\"158\">\u00d6sterreich<\/td>\n<td width=\"118\">16,75<\/td>\n<td width=\"118\">18,75<\/td>\n<td width=\"124\">20,75<\/td>\n<td width=\"118\">15,50<\/td>\n<\/tr>\n<tr>\n<td width=\"158\">Polen<\/td>\n<td width=\"118\">16,50<\/td>\n<td width=\"118\">20,50<\/td>\n<td width=\"124\">30,50<\/td>\n<td width=\"118\">18,00<\/td>\n<\/tr>\n<tr>\n<td width=\"158\">Portugal<\/td>\n<td width=\"118\">19,50<\/td>\n<td width=\"118\">21,00<\/td>\n<td width=\"124\">29,00<\/td>\n<td width=\"118\">22,50<\/td>\n<\/tr>\n<tr>\n<td width=\"158\">Rum\u00e4nien<\/td>\n<td width=\"118\">22,00<\/td>\n<td width=\"118\">28,50<\/td>\n<td width=\"124\">40,00<\/td>\n<td width=\"118\">24,50<\/td>\n<\/tr>\n<tr>\n<td width=\"158\">Schweden<\/td>\n<td width=\"118\">21,75<\/td>\n<td width=\"118\">25,50<\/td>\n<td width=\"124\">27,50<\/td>\n<td width=\"118\">20,00<\/td>\n<\/tr>\n<tr>\n<td width=\"158\">Slowakei<\/td>\n<td width=\"118\">22,50<\/td>\n<td width=\"118\">27,50<\/td>\n<td width=\"124\">33,50<\/td>\n<td width=\"118\">20,50<\/td>\n<\/tr>\n<tr>\n<td width=\"158\">Slowenien<\/td>\n<td width=\"118\">18,50<\/td>\n<td width=\"118\">24,00<\/td>\n<td width=\"124\">39,00<\/td>\n<td width=\"118\">22,50<\/td>\n<\/tr>\n<tr>\n<td width=\"158\">Spanien (ohne Kanarische Inseln)<\/td>\n<td width=\"118\">16,50<\/td>\n<td width=\"118\">19,75<\/td>\n<td width=\"124\">26,50<\/td>\n<td width=\"118\">21,50<\/td>\n<\/tr>\n<tr>\n<td width=\"158\">Tschechische Republik<\/td>\n<td width=\"118\">19,00<\/td>\n<td width=\"118\">22,50<\/td>\n<td width=\"124\">27,50<\/td>\n<td width=\"118\">20,50<\/td>\n<\/tr>\n<tr>\n<td width=\"158\">Ungarn<\/td>\n<td width=\"118\">20,50<\/td>\n<td width=\"118\">23,00<\/td>\n<td width=\"124\">29,00<\/td>\n<td width=\"118\">20,50<\/td>\n<\/tr>\n<tr>\n<td width=\"158\">Zypern<\/td>\n<td width=\"118\">31,00<\/td>\n<td width=\"118\">40,75<\/td>\n<td width=\"124\">64,00<\/td>\n<td width=\"118\"><\/td>\n<\/tr>\n<tr>\n<td width=\"158\"><\/td>\n<td width=\"118\"><\/td>\n<td width=\"118\"><\/td>\n<td width=\"124\"><\/td>\n<td width=\"118\"><\/td>\n<\/tr>\n<tr>\n<td width=\"158\"><strong>Europa au\u00dferhalb der EU<\/strong><\/td>\n<td width=\"118\"><strong>0-5 kg<\/strong><\/td>\n<td width=\"118\"><strong>5-10 kg<\/strong><\/td>\n<td width=\"124\"><strong>10-15 kg<\/strong><\/td>\n<td width=\"118\"><strong>15-20 kg<\/strong><\/td>\n<\/tr>\n<tr>\n<td width=\"158\">Norwegen<\/td>\n<td width=\"118\">28,50<\/td>\n<td width=\"118\">37,75<\/td>\n<td width=\"124\">47,00<\/td>\n<td width=\"118\">56,25<\/td>\n<\/tr>\n<tr>\n<td width=\"158\">Restliches Europa<\/td>\n<td width=\"118\">38,75<\/td>\n<td width=\"118\">51,50<\/td>\n<td width=\"124\">77,00<\/td>\n<td width=\"118\">77,00<\/td>\n<\/tr>\n<tr>\n<td width=\"158\">Schweiz<\/td>\n<td width=\"118\">24,75<\/td>\n<td width=\"118\">29,25<\/td>\n<td width=\"124\">34,25<\/td>\n<td width=\"118\">39,25<\/td>\n<\/tr>\n<tr>\n<td width=\"158\">Vereinigtes K\u00f6nigreich<\/td>\n<td width=\"118\">24,75<\/td>\n<td width=\"118\">29,25<\/td>\n<td width=\"124\">34,25<\/td>\n<td width=\"118\">39,25<\/td>\n<\/tr>\n<tr>\n<td width=\"158\"><\/td>\n<td width=\"118\"><\/td>\n<td width=\"118\"><\/td>\n<td width=\"124\"><\/td>\n<td width=\"118\"><\/td>\n<\/tr>\n<tr>\n<td width=\"158\"><strong>Au\u00dferhalb Europas<\/strong><\/td>\n<td width=\"118\"><strong>0-5 kg<\/strong><\/td>\n<td width=\"118\"><strong>5-10 kg<\/strong><\/td>\n<td width=\"124\"><strong>10-20 kg<\/strong><\/td>\n<td width=\"118\"><\/td>\n<\/tr>\n<tr>\n<td>Rest der Welt<\/td>\n<td>56,50<\/td>\n<td>84,00<\/td>\n<td>139,00<\/td>\n<td><\/td>\n<\/tr>\n<\/tbody>\n<\/table>\n<h3><strong>HINWEIS: Ein Versand in die USA ist derzeit aufgrund der US-Vorschriften nicht m\u00f6glich!<\/strong><\/h3>\n<h2><strong>Fragen?<\/strong><\/h2>\n<p>Bei Fragen stehen wir Ihnen gerne zur Verf\u00fcgung: <a href=\"mailto:info@realdutchfood.com\">info@realdutchfood.com<\/a><\/p>\n<\/div>\n<\/div>\n<\/div>\n","protected":false},"excerpt":{"rendered":"<p>Versandkosten und Informationen Bei Real Dutch Food sorgen wir daf\u00fcr, dass Ihre Bestellung schnell und sorgf\u00e4ltig geliefert wird. Nachfolgend finden Sie alle wichtigen Informationen zu unseren Versandkosten, einschlie\u00dflich der Tarife f\u00fcr beliebte Reiseziele und anderer n\u00fctzlicher Details. Beliebte Reiseziele (Preise ab) Belgien: ab \u20ac10,00 England: ab \u20ac24,25 Frankreich: ab \u20ac16,5,00 Niederlande: ab \u20ac7,90 Deutschland: ab [&#8230;]\n","protected":false},"author":7875,"featured_media":0,"parent":0,"menu_order":0,"comment_status":"closed","ping_status":"closed","template":"","meta":{"_acf_changed":false,"footnotes":""},"class_list":["post-148987","page","type-page","status-publish","hentry"],"acf":[],"_links":{"self":[{"href":"https:\/\/staging.realdutchfood.com\/de\/wp-json\/wp\/v2\/pages\/148987","targetHints":{"allow":["GET"]}}],"collection":[{"href":"https:\/\/staging.realdutchfood.com\/de\/wp-json\/wp\/v2\/pages"}],"about":[{"href":"https:\/\/staging.realdutchfood.com\/de\/wp-json\/wp\/v2\/types\/page"}],"author":[{"embeddable":true,"href":"https:\/\/staging.realdutchfood.com\/de\/wp-json\/wp\/v2\/users\/7875"}],"replies":[{"embeddable":true,"href":"https:\/\/staging.realdutchfood.com\/de\/wp-json\/wp\/v2\/comments?post=148987"}],"version-history":[{"count":0,"href":"https:\/\/staging.realdutchfood.com\/de\/wp-json\/wp\/v2\/pages\/148987\/revisions"}],"wp:attachment":[{"href":"https:\/\/staging.realdutchfood.com\/de\/wp-json\/wp\/v2\/media?parent=148987"}],"curies":[{"name":"wp","href":"https:\/\/api.w.org\/{rel}","templated":true}]}}