{"id":149453,"date":"2021-08-19T09:41:25","date_gmt":"2021-08-19T07:41:25","guid":{"rendered":"https:\/\/realdutchfood.com\/mein-konto\/"},"modified":"2023-04-18T10:56:12","modified_gmt":"2023-04-18T08:56:12","slug":"mein-konto","status":"publish","type":"page","link":"https:\/\/staging.realdutchfood.com\/de\/mein-konto\/","title":{"rendered":"Mein Konto"},"content":{"rendered":"<div class=\"woocommerce\"><div class=\"woocommerce-notices-wrapper\"><\/div>\n<div class=\"account-container lightbox-inner\">\n\n\t\n\t<div class=\"col2-set row row-divided row-large\" id=\"customer_login\">\n\n\t\t<div class=\"col-1 large-6 col pb-0\">\n\n\t\t\t\n\t\t\t<div class=\"account-login-inner\">\n\n\t\t\t\t<h2 class=\"uppercase h3\">Anmelden<\/h2>\n\n\t\t\t\t<form class=\"woocommerce-form woocommerce-form-login login\" method=\"post\" novalidate>\n\n\t\t\t\t\t\n\t\t\t\t\t<p class=\"woocommerce-form-row woocommerce-form-row--wide form-row form-row-wide\">\n\t\t\t\t\t\t<label for=\"username\">Benutzername oder E-Mail-Adresse&nbsp;<span class=\"required\" aria-hidden=\"true\">*<\/span><span class=\"screen-reader-text\">Erforderlich<\/span><\/label>\n\t\t\t\t\t\t<input type=\"text\" class=\"woocommerce-Input woocommerce-Input--text input-text\" name=\"username\" id=\"username\" autocomplete=\"username\" value=\"\" required aria-required=\"true\" \/>\t\t\t\t\t<\/p>\n\t\t\t\t\t<p class=\"woocommerce-form-row woocommerce-form-row--wide form-row form-row-wide\">\n\t\t\t\t\t\t<label for=\"password\">Passwort&nbsp;<span class=\"required\" aria-hidden=\"true\">*<\/span><span class=\"screen-reader-text\">Erforderlich<\/span><\/label>\n\t\t\t\t\t\t<input class=\"woocommerce-Input woocommerce-Input--text input-text\" type=\"password\" name=\"password\" id=\"password\" autocomplete=\"current-password\" required aria-required=\"true\" \/>\n\t\t\t\t\t<\/p>\n\n\t\t\t\t\t\n\t\t\t\t\t<p class=\"form-row\">\n\t\t\t\t\t\t<label class=\"woocommerce-form__label woocommerce-form__label-for-checkbox woocommerce-form-login__rememberme\">\n\t\t\t\t\t\t\t<input class=\"woocommerce-form__input woocommerce-form__input-checkbox\" name=\"rememberme\" type=\"checkbox\" id=\"rememberme\" value=\"forever\" \/> <span>Angemeldet bleiben<\/span>\n\t\t\t\t\t\t<\/label>\n\t\t\t\t\t\t<input type=\"hidden\" id=\"woocommerce-login-nonce\" name=\"woocommerce-login-nonce\" value=\"9e1b3ce05e\" \/><input type=\"hidden\" name=\"_wp_http_referer\" value=\"\/de\/wp-json\/wp\/v2\/pages\/149453\" \/>\t\t\t\t\t\t<button type=\"submit\" class=\"woocommerce-button button woocommerce-form-login__submit\" name=\"login\" value=\"Anmelden\">Anmelden<\/button>\n\t\t\t\t\t<\/p>\n\t\t\t\t\t<p class=\"woocommerce-LostPassword lost_password\">\n\t\t\t\t\t\t<a href=\"https:\/\/staging.realdutchfood.com\/de\/mein-konto\/lost-password\/\">Passwort vergessen?<\/a>\n\t\t\t\t\t<\/p>\n\n\t\t\t\t\t\n\t\t\t\t<\/form>\n\t\t\t<\/div>\n\n\t\t\t\n\t\t<\/div>\n\n\t\t<div class=\"col-2 large-6 col pb-0\">\n\n\t\t\t<div class=\"account-register-inner\">\n\n\t\t\t\t<h2 class=\"uppercase h3\">Registrieren<\/h2>\n\n\t\t\t\t<form method=\"post\" class=\"woocommerce-form woocommerce-form-register register\"  >\n\n\t\t\t\t\t\n\t\t\t\t\t\n\t\t\t\t\t<p class=\"woocommerce-form-row woocommerce-form-row--wide form-row form-row-wide\">\n\t\t\t\t\t\t<label for=\"reg_email\">E-Mail-Adresse&nbsp;<span class=\"required\" aria-hidden=\"true\">*<\/span><span class=\"screen-reader-text\">Erforderlich<\/span><\/label>\n\t\t\t\t\t\t<input type=\"email\" class=\"woocommerce-Input woocommerce-Input--text input-text\" name=\"email\" id=\"reg_email\" autocomplete=\"email\" value=\"\" required aria-required=\"true\" \/>\t\t\t\t\t<\/p>\n\n\t\t\t\t\t\n\t\t\t\t\t\t<p>Ein Link zum Erstellen eines neuen Passworts wird an deine E-Mail-Adresse gesendet.<\/p>\n\n\t\t\t\t\t\n\t\t\t\t\t<input type=\"hidden\" name=\"tnp-nlang\" value=\"de\"><p class=\"woocommerce-form-row woocommerce-form-row--wide form-row form-row-wide\"><label class=\"woocommerce-form__label woocommerce-form__label-for-checkbox\">\r\n            <input type=\"checkbox\" class=\"input-checkbox\" name=\"tnp-nl\" > <span>Abonnieren Sie unseren Newsletter und verpassen Sie keine Informationen zu unseren neuen Angeboten<\/span><\/label><\/p><wc-order-attribution-inputs><\/wc-order-attribution-inputs><p class=\"form-row form-row-wide validate-eu-vat-number\" id=\"billing_eu_vat_number_field\" data-priority=\"200\"><label for=\"billing_eu_vat_number\" class=\"\">EU-Umsatzsteuer-Identifikationsnummer (optional)&nbsp;<span class=\"optional\">(optional)<\/span><\/label><span class=\"woocommerce-input-wrapper\"><input type=\"text\" class=\"input-text \" name=\"billing_eu_vat_number\" id=\"billing_eu_vat_number\" placeholder=\"Leer lassen, wenn Sie keine MwSt-Identifikationsnummer haben.\"  value=\"\"  \/><\/span><\/p><div class=\"woocommerce-privacy-policy-text\"><p>Ihre pers\u00f6nlichen Daten werden verwendet, um Ihr Erlebnis auf dieser Website zu unterst\u00fctzen, den Zugriff auf Ihr Konto zu verwalten und f\u00fcr andere in unserer <a href=\"https:\/\/staging.realdutchfood.com\/privacybeleid\/\" class=\"woocommerce-privacy-policy-link\" target=\"_blank\">Datenschutzerkl\u00e4rung<\/a> beschriebene Zwecke.<\/p>\n<\/div>\n\t\t\t\t\t<p class=\"woocommerce-form-row form-row\">\n\t\t\t\t\t\t<input type=\"hidden\" id=\"woocommerce-register-nonce\" name=\"woocommerce-register-nonce\" value=\"62608950e9\" \/><input type=\"hidden\" name=\"_wp_http_referer\" value=\"\/de\/wp-json\/wp\/v2\/pages\/149453\" \/>\t\t\t\t\t\t<button type=\"submit\" class=\"woocommerce-Button woocommerce-button button woocommerce-form-register__submit\" name=\"register\" value=\"Registrieren\">Registrieren<\/button>\n\t\t\t\t\t<\/p>\n\n\t\t\t\t\t\n\t\t\t\t<\/form>\n\n\t\t\t<\/div>\n\n\t\t<\/div>\n\n\t<\/div>\n\n<\/div>\n\n<\/div>\n","protected":false},"excerpt":{"rendered":"","protected":false},"author":1,"featured_media":0,"parent":0,"menu_order":0,"comment_status":"closed","ping_status":"closed","template":"page-my-account.php","meta":{"_acf_changed":false,"footnotes":""},"class_list":["post-149453","page","type-page","status-publish","hentry"],"acf":[],"_links":{"self":[{"href":"https:\/\/staging.realdutchfood.com\/de\/wp-json\/wp\/v2\/pages\/149453","targetHints":{"allow":["GET"]}}],"collection":[{"href":"https:\/\/staging.realdutchfood.com\/de\/wp-json\/wp\/v2\/pages"}],"about":[{"href":"https:\/\/staging.realdutchfood.com\/de\/wp-json\/wp\/v2\/types\/page"}],"author":[{"embeddable":true,"href":"https:\/\/staging.realdutchfood.com\/de\/wp-json\/wp\/v2\/users\/1"}],"replies":[{"embeddable":true,"href":"https:\/\/staging.realdutchfood.com\/de\/wp-json\/wp\/v2\/comments?post=149453"}],"version-history":[{"count":0,"href":"https:\/\/staging.realdutchfood.com\/de\/wp-json\/wp\/v2\/pages\/149453\/revisions"}],"wp:attachment":[{"href":"https:\/\/staging.realdutchfood.com\/de\/wp-json\/wp\/v2\/media?parent=149453"}],"curies":[{"name":"wp","href":"https:\/\/api.w.org\/{rel}","templated":true}]}}