{"id":152968,"date":"2020-05-30T09:23:38","date_gmt":"2020-05-30T07:23:38","guid":{"rendered":"https:\/\/realdutchfood.com\/ueber-uns\/"},"modified":"2024-11-15T13:02:01","modified_gmt":"2024-11-15T12:02:01","slug":"uber-uns","status":"publish","type":"page","link":"https:\/\/staging.realdutchfood.com\/de\/uber-uns\/","title":{"rendered":"\u00dcber uns"},"content":{"rendered":"\n\t<section class=\"section\" id=\"section_589844489\">\n\t\t<div class=\"section-bg fill\" >\n\t\t\t\t\t\t\t\t\t\n\t\t\t\n\n\t\t<\/div>\n\n\t\t\n\n\t\t<div class=\"section-content relative\">\n\t\t\t\n<h1><strong>\u00dcber uns<\/strong><img decoding=\"async\" class=\"size-full wp-image-105838 alignright\" src=\"https:\/\/staging.realdutchfood.com\/wp-content\/uploads\/2021\/08\/real-dutch-food-logo.png\" alt=\"Echtes niederl\u00e4ndisches Essen\" width=\"249\" height=\"42\" srcset=\"https:\/\/staging.realdutchfood.com\/wp-content\/uploads\/2021\/08\/real-dutch-food-logo.png 249w, https:\/\/staging.realdutchfood.com\/wp-content\/uploads\/2021\/08\/real-dutch-food-logo-247x42.png 247w, https:\/\/staging.realdutchfood.com\/wp-content\/uploads\/2021\/08\/real-dutch-food-logo-64x11.png 64w\" sizes=\"(max-width: 249px) 100vw, 249px\" \/><\/h1>\n<div class=\"row align-center\"  id=\"row-1051306901\">\n\n\t<div id=\"col-1900570612\" class=\"col small-10 large-12\"  >\n\t\t\t\t<div class=\"col-inner\"  >\n\t\t\t\n\t\t\t\n<div class=\"row\"  id=\"row-841997106\"><\/div>\n\n\t<div id=\"col-2080724662\" class=\"col medium-10 small-12 large-10\"  >\n\t\t\t\t<div class=\"col-inner\"  >\n\t\t\t\n\t\t\t\t\t<\/div>\n\t\t\t\t\t<\/div>\n\n\t\n<h3><strong>Wir sind Real Dutch Food!<\/strong><\/h3>\n<p>Geboren aus der Leidenschaft f\u00fcr typisch holl\u00e4ndische Produkte. Seit 2006 bringen wir niederl\u00e4ndische Produkte zu Niederl\u00e4ndern auf der ganzen Welt. Von Stroopwafels bis Lakritz sorgen wir daf\u00fcr, dass Sie sich immer wie zu Hause f\u00fchlen. Auf dieser Seite finden Sie ein wenig Hintergrundwissen \u00fcber uns und wie wir Ihre Lieblingsprodukte mit Sorgfalt zu Ihnen bringen.<\/p>\n<h3><strong>Die Gesichter hinter unserem Familienunternehmen<\/strong><\/h3>\n<p>Bei Real Dutch Food sind wir stolz darauf, ein echtes Familienunternehmen zu sein. Mit kurzen Kommunikationswegen, einer sachlichen Mentalit\u00e4t und einer gemeinsamen Leidenschaft f\u00fcr niederl\u00e4ndisches Essen arbeiten wir jeden Tag daran, unseren Kunden den besten Service zu bieten. Wir m\u00f6chten uns Ihnen vorstellen:<\/p>\n<h4><u>Aschwin van Fessem \u2013 Inhaber<\/u><\/h4>\n<p>Als Gr\u00fcnder und Inhaber bringt Aschwin seine langj\u00e4hrige Erfahrung in der Supermarktbranche ein. Seit 2006 leitet er Real Dutch Food mit dem Fokus auf Qualit\u00e4t und Kundenzufriedenheit. Seine Mission? So k\u00f6nnen die Niederl\u00e4nder ihre Lieblingsprodukte weltweit genie\u00dfen.<\/p>\n<h4><u>Audrey van Fessem \u2013 Inhaberin<\/u><\/h4>\n<p>Audrey verf\u00fcgt \u00fcber jahrelange Erfahrung im Logistik- und Verwaltungssektor, was sich bei Real Dutch Food als n\u00fctzlich erweist. Seit 2012 ist sie f\u00fcr das Sortimentsmanagement des Shops verantwortlich und sorgt daf\u00fcr, dass m\u00f6glichst viele Produkte, die den Kunden fehlen, auf der Website platziert werden.<\/p>\n<h4><u>Kyrill van Fessem &#8211; Entwickler<\/u><\/h4>\n<p>Kyrill arbeitet seit 2014 f\u00fcr Real Dutch Food. Anfangs in der Logistik und im Sortimentsmanagement und seit 2020 k\u00fcmmert sich Kyrill nach Abschluss seiner Ausbildung zum Entwickler um die Pflege und neue Funktionen der Website.<\/p>\n<h4><u>Impact Dronten \u2013 Gesch\u00fctzte Werkstatt<\/u><\/h4>\n<p>Impact ist eine gesch\u00fctzte Werkstatt, in der Menschen arbeiten, die sich zu 200 % daf\u00fcr einsetzen, dass Ihr Paket ordnungsgem\u00e4\u00df verpackt und versendet wird. Es bereitet den Mitarbeitern gro\u00dfe Freude, die guten Noten zu lesen und die Qualit\u00e4t der Verpackungsarbeit der Auftr\u00e4ge zu kommentieren, und es macht sie stolz auf ihre Arbeit.<\/p>\n<h3><strong>Pers\u00f6nlicher Ansprechpartner<\/strong><\/h3>\n<p>Bei Real Dutch Food glauben wir an Qualit\u00e4t, Zug\u00e4nglichkeit und pers\u00f6nlichen Kontakt. Wir sind stolz darauf, Niederl\u00e4ndern auf der ganzen Welt helfen zu k\u00f6nnen, ihre Lieblingsprodukte weiterhin zu genie\u00dfen. Wir w\u00e4hlen unser Sortiment sorgf\u00e4ltig aus und stellen sicher, dass jede Bestellung mit der gleichen Aufmerksamkeit behandelt wird wie bei unserem allerersten Kunden.<\/p>\n<h3><strong>Alles f\u00fcr einen zufriedenen Kunden<\/strong><\/h3>\n<p>Wir tun alles, um unsere Kunden zufrieden zu stellen, und das spiegelt sich in den Zahlen wider. Mit <strong>1.625 Bewertungen<\/strong> und einer durchschnittlichen Punktzahl von <strong>9,0 im letzten Jahr<\/strong> sind wir stolz auf unsere Arbeit. Nicht weniger als 94% unserer Kunden empfehlen uns weiter. Im Folgenden finden Sie einige Reaktionen unserer zufriedenen Kunden:<\/p>\n<h4><em><u>&#8222;Mein Shop f\u00fcr alles, was mit Niederl\u00e4ndischem zu tun hat<\/u><\/em><\/h4>\n<p><em>Ich LIEBE diesen Ort absolut. Ich habe als Kind in Nordholland gelebt und habe sehr sch\u00f6ne kulinarische Erinnerungen. Manchmal muss man einfach dem Verlangen nachgeben und einen Klecks Kalbmayonnaise auf die Chips geben, lol. Zu dieser Jahreszeit liebe ich die Schoko-Buchstaben &#8211; bringt mich sofort zur\u00fcck. Gl\u00fcckliche Tage &#8211; immer ein gutes Preis-Leistungs-Verh\u00e4ltnis und toller, schneller Service.&#8220; <\/em><\/p>\n<p>Julie , BLYTH<\/p>\n<h4><em><u>&#8222;Zufrieden mit den verpassten Dingen<\/u><\/em><\/h4>\n<p><em>Die Tatsache, dass wir jetzt in Schweden leben, bedeutet nicht, dass wir nicht einige niederl\u00e4ndische Artikel verpassen. Oft, weil sie es hier gar nicht verkaufen und\/oder keine gute Alternative haben. Super zufrieden mit Real Dutch Food und der schnellen Lieferung.&#8220; <\/em><\/p>\n<p>Carola , Hagfors<\/p>\n<h3><strong>Warum Real Dutch Food w\u00e4hlen:<\/strong><\/h3>\n<ul>\n<li>Alle typisch holl\u00e4ndischen Produkte<\/li>\n<li>Sendungen weltweit<\/li>\n<li>Versand per PostNL oder DPD<\/li>\n<li>Super Kundenservice<\/li>\n<li>9,0 Ergebnis aus \u00fcber 1.300 Bewertungen<\/li>\n<li>Sparen Sie sich einen Rabatt auf Ihre n\u00e4chste Bestellung<\/li>\n<li>Verpackt von einer gesch\u00fctzten Werkstatt<\/li>\n<li>Seit 2006<\/li>\n<\/ul>\n<h3><strong>Alles, was Sie \u00fcber Ihre Bestellung wissen m\u00fcssen<\/strong><\/h3>\n<p>Wir verwenden die Versandtarife von PostNL und DPD, mit Optionen f\u00fcr die Lieferung nach Hause oder einen Abholpunkt. Bestellungen werden innerhalb von 3-5 Werktagen bearbeitet, um frische Produkte zu gew\u00e4hrleisten. Die Versandkosten h\u00e4ngen vom Gewicht und dem Bestimmungsort ab. F\u00fcr L\u00e4nder au\u00dferhalb der EU gelten Einfuhrz\u00f6lle und Zollverfahren, und die Lieferzeiten betragen 7-20 Werktage.<\/p>\n<h3><strong>Mehr als 3.100 typisch holl\u00e4ndische Produkte<\/strong><\/h3>\n<p>Mit unserem typisch holl\u00e4ndischen Sortiment haben wir alles, was Sie brauchen, um Ihre Lieblingsaromen und -erinnerungen zum Leben zu erwecken. Unser Sortiment konzentriert sich ausschlie\u00dflich auf holl\u00e4ndische Lebensmittel, von Stroopwafels bis hin zu Lakritze. Fehlt Ihnen etwas? Lassen Sie es uns wissen und wir freuen uns zu sehen, ob wir es hinzuf\u00fcgen k\u00f6nnen!<\/p>\n<h3><strong>Bestellen Sie jetzt und holen Sie sich Ihre niederl\u00e4ndischen Lieblingsprodukte!<\/strong><\/h3>\n<h3><strong>Fragen?<\/strong><\/h3>\n<p>Mailen Sie uns direkt an: <a href=\"mailto:info@realdutchfood.com\">info@realdutchfood.com<\/a><\/p>\n<a href=\"https:\/\/staging.realdutchfood.com\/de\/kontakt\/\" class=\"button alert lowercase\" >\n\t\t<span>Kontaktieren Sie uns<\/span>\n\t<\/a>\n\n\t\t<\/div>\n\t\t\t\t\t<\/div>\n\n\t\n<\/div>\n\t\t<\/div>\n\n\t\t\n<style>\n#section_589844489 {\n  padding-top: 0px;\n  padding-bottom: 0px;\n}\n<\/style>\n\t<\/section>\n\t\n","protected":false},"excerpt":{"rendered":"","protected":false},"author":1699,"featured_media":152970,"parent":0,"menu_order":0,"comment_status":"closed","ping_status":"closed","template":"","meta":{"_acf_changed":false,"footnotes":""},"class_list":["post-152968","page","type-page","status-publish","has-post-thumbnail","hentry"],"acf":[],"_links":{"self":[{"href":"https:\/\/staging.realdutchfood.com\/de\/wp-json\/wp\/v2\/pages\/152968","targetHints":{"allow":["GET"]}}],"collection":[{"href":"https:\/\/staging.realdutchfood.com\/de\/wp-json\/wp\/v2\/pages"}],"about":[{"href":"https:\/\/staging.realdutchfood.com\/de\/wp-json\/wp\/v2\/types\/page"}],"author":[{"embeddable":true,"href":"https:\/\/staging.realdutchfood.com\/de\/wp-json\/wp\/v2\/users\/1699"}],"replies":[{"embeddable":true,"href":"https:\/\/staging.realdutchfood.com\/de\/wp-json\/wp\/v2\/comments?post=152968"}],"version-history":[{"count":0,"href":"https:\/\/staging.realdutchfood.com\/de\/wp-json\/wp\/v2\/pages\/152968\/revisions"}],"wp:featuredmedia":[{"embeddable":true,"href":"https:\/\/staging.realdutchfood.com\/de\/wp-json\/wp\/v2\/media\/152970"}],"wp:attachment":[{"href":"https:\/\/staging.realdutchfood.com\/de\/wp-json\/wp\/v2\/media?parent=152968"}],"curies":[{"name":"wp","href":"https:\/\/api.w.org\/{rel}","templated":true}]}}