{"id":152976,"date":"2020-05-18T15:46:15","date_gmt":"2020-05-18T13:46:15","guid":{"rendered":"https:\/\/realdutchfood.com\/datenschutzrichtlinie\/"},"modified":"2023-04-18T10:47:14","modified_gmt":"2023-04-18T08:47:14","slug":"datenschutzrichtlinie","status":"publish","type":"page","link":"https:\/\/staging.realdutchfood.com\/de\/datenschutzrichtlinie\/","title":{"rendered":"Datenschutzrichtlinie"},"content":{"rendered":"<h3>Datenschutzrichtlinie<\/h3>\n<p><!-- \/wp:post-content --><!-- wp:paragraph --><\/p>\n<p><span class=\"tlid-translation translation\" lang=\"nl\">Realdutchfood.com respektiert die Privatsph\u00e4re aller Nutzer seiner Website und stellt sicher, dass die von Ihnen zur Verf\u00fcgung gestellten personenbezogenen Daten vertraulich behandelt werden.<\/p>\n<p>Wir verwenden Ihre Daten, um Bestellungen so schnell und einfach wie m\u00f6glich abzuwickeln. Im \u00dcbrigen verwenden wir diese Informationen nur mit Ihrer Zustimmung. Realdutchfood.com werden Ihre pers\u00f6nlichen Daten nicht an Dritte verkaufen und sie nur Dritten zur Verf\u00fcgung stellen, die an der Bearbeitung Ihrer Bestellung beteiligt sind (denken Sie an PostNL)<\/p>\n<p>Realdutchfood.com verwendet die von seinen Kunden erhobenen Daten f\u00fcr folgende Zwecke: Wenn Sie eine Bestellung aufgeben, ben\u00f6tigen wir Ihren Namen, Ihre E-Mail-Adresse, Ihre Lieferadresse und Ihre Zahlungsdaten, um Ihre Bestellung zu bearbeiten und Sie zu behalten. Von den bisherigen Fortschritten.<\/p>\n<p>Mit Ihrer Erlaubnis verwenden wir Ihre Daten, um Sie \u00fcber die Entwicklung der Website, Sonderangebote und Werbeaktionen zu informieren. Sie geben die Adresse ein, wenn Sie \u00fcber einen Newsletter informiert werden m\u00f6chten. Ihre E-Mail-Adresse wird an Mailchimp in den USA \u00fcbermittelt<\/p>\n<p>Informationen \u00fcber die Nutzung unserer Website und das Feedback, das wir von unseren Besuchern erhalten, helfen uns, unsere Website weiterzuentwickeln und zu verbessern.<\/span><\/p>\n","protected":false},"excerpt":{"rendered":"<p>Datenschutzrichtlinie Realdutchfood.com respektiert die Privatsph\u00e4re aller Nutzer seiner Website und stellt sicher, dass die von Ihnen zur Verf\u00fcgung gestellten personenbezogenen Daten vertraulich behandelt werden. Wir verwenden Ihre Daten, um Bestellungen so schnell und einfach wie m\u00f6glich abzuwickeln. Im \u00dcbrigen verwenden wir diese Informationen nur mit Ihrer Zustimmung. Realdutchfood.com werden Ihre pers\u00f6nlichen Daten nicht an Dritte [&#8230;]\n","protected":false},"author":1,"featured_media":0,"parent":0,"menu_order":0,"comment_status":"closed","ping_status":"closed","template":"","meta":{"_acf_changed":false,"footnotes":""},"class_list":["post-152976","page","type-page","status-publish","hentry"],"acf":[],"_links":{"self":[{"href":"https:\/\/staging.realdutchfood.com\/de\/wp-json\/wp\/v2\/pages\/152976","targetHints":{"allow":["GET"]}}],"collection":[{"href":"https:\/\/staging.realdutchfood.com\/de\/wp-json\/wp\/v2\/pages"}],"about":[{"href":"https:\/\/staging.realdutchfood.com\/de\/wp-json\/wp\/v2\/types\/page"}],"author":[{"embeddable":true,"href":"https:\/\/staging.realdutchfood.com\/de\/wp-json\/wp\/v2\/users\/1"}],"replies":[{"embeddable":true,"href":"https:\/\/staging.realdutchfood.com\/de\/wp-json\/wp\/v2\/comments?post=152976"}],"version-history":[{"count":0,"href":"https:\/\/staging.realdutchfood.com\/de\/wp-json\/wp\/v2\/pages\/152976\/revisions"}],"wp:attachment":[{"href":"https:\/\/staging.realdutchfood.com\/de\/wp-json\/wp\/v2\/media?parent=152976"}],"curies":[{"name":"wp","href":"https:\/\/api.w.org\/{rel}","templated":true}]}}