{"id":149606,"date":"2024-08-24T14:10:45","date_gmt":"2024-08-24T12:10:45","guid":{"rendered":"https:\/\/realdutchfood.com\/cereal-less-sugars-stroopwafels\/"},"modified":"2024-09-17T13:47:02","modified_gmt":"2024-09-17T11:47:02","slug":"ah-butter-weniger-zuckersirup-waffeln","status":"publish","type":"product","link":"https:\/\/staging.realdutchfood.com\/de\/ah-butter-weniger-zuckersirup-waffeln\/","title":{"rendered":"AH Butter ohne Zucker, Sirup, Waffeln"},"content":{"rendered":"<h2 class=\"col-12\">Detaillierte Produktinformationen von: <span class=\"line-clamp_root__7DevG line-clamp_active__5Qc2L\">AH Butter minus Zucker Sirup Waffeln<\/span><\/h2>\n<p> Weniger Zucker, 100% Geschmack! Diese leckeren <a href=\"https:\/\/staging.realdutchfood.com\/de\/stroopwafel\/\">Stroopwafels<\/a> von AH enthalten 35% weniger Zucker als ein Standard-Stroopwafel und sind zudem reich an Ballaststoffen. Genie\u00dfen Sie diese sch\u00f6ne weiche Stroopwafel mit einer Tasse Kaffee oder Tee! <\/p>\n<div class=\"jum-nutritional-info jum-product-info-item col-12\">\n<h3>Produktbeschreibung zu: <span class=\"line-clamp_root__7DevG line-clamp_active__5Qc2L\">AH Butter Less Sugar Sirup Waffeln<\/span><\/h3>\n<p> AH Less Sugars Stroopwafels sind Stroopwafels, mit Zucker und S\u00fc\u00dfstoff. <\/p><\/div>\n<div class=\"jum-nutritional-info jum-product-info-item col-12\">\n<h3>N\u00e4hrwerte<\/h3>\n<table class=\"product-info-nutrition_table__Q3m80\">\n<thead>\n<tr>\n<th scope=\"col\">Sorte<\/th>\n<th scope=\"col\">pro 100 Gramm<\/th>\n<\/tr>\n<\/thead>\n<tbody>\n<tr>\n<td class=\"\">Energie<\/td>\n<td>1618 kJ (388 kcal)<\/td>\n<\/tr>\n<tr>\n<td class=\"\">Fett<\/td>\n<td>16 g<\/td>\n<\/tr>\n<tr>\n<td class=\"product-info-nutrition_indent__yFCyS\">davon ges\u00e4ttigt<\/td>\n<td>11 g<\/td>\n<\/tr>\n<tr>\n<td class=\"product-info-nutrition_indent__yFCyS\">davon unges\u00e4ttigte Fetts\u00e4uren<\/td>\n<td>5,8 g<\/td>\n<\/tr>\n<tr>\n<td class=\"\">Kohlenhydrate<\/td>\n<td>46 g<\/td>\n<\/tr>\n<tr>\n<td class=\"product-info-nutrition_indent__yFCyS\">davon Zucker<\/td>\n<td>20 g<\/td>\n<\/tr>\n<tr>\n<td class=\"\">Ballaststoffe<\/td>\n<td>22 g<\/td>\n<\/tr>\n<tr>\n<td class=\"\">Eiwei\u00df<\/td>\n<td>4 g<\/td>\n<\/tr>\n<tr>\n<td class=\"\">Salz<\/td>\n<td>0,55 g<\/td>\n<\/tr>\n<\/tbody>\n<\/table>\n<\/div>\n<div class=\"jum-ingredients-info jum-product-info-item col-12\">\n<h3>Zutaten zu: <span class=\"line-clamp_root__7DevG line-clamp_active__5Qc2L\">AH Butter ohne Zucker, Sirup, Waffeln<\/span><\/h3>\n<ul>\n<li><span class=\"jum-highlighted-ingredient\">Weizenblume<\/span><\/li>\n<li>Verdickungsmittel: Polydextrose<\/li>\n<li>Margarine (pflanzliche Fette (Sonnenblumen\u00f6l, Kakaobutter), Wasser, Emulgator: Sonnenblumenlecithin, Zitronensaft)<\/li>\n<li>Fruchtzucker<\/li>\n<li><span class=\"jum-highlighted-ingredient\">Butter<\/span><\/li>\n<li><span class=\"jum-highlighted-ingredient\">Ei aus Freilandhaltung<\/span><\/li>\n<li>S\u00fc\u00dfungsmittel: Isomalt<\/li>\n<li>Inulin<\/li>\n<li>Salz<\/li>\n<li>Zimt<\/li>\n<li>nat\u00fcrliches Aroma<\/li>\n<li>Backtriebmittel: Natriumcarbonate<\/li>\n<li>Zucker<\/li>\n<li>Vanille<\/li>\n<\/ul>\n<\/div>\n<div class=\"jum-ingredients-info jum-product-info-item col-12\">\n<ul>\n<li><span class=\"jum-highlighted-ingredient\">Kann Spuren von Soja, Haseln\u00fcssen und Sesam enthalten.<\/span><\/li>\n<\/ul>\n<\/div>\n<div class=\"jum-product-allergy-info jum-product-info-item col-12\">\n<h3 id=\"jum-allergy-title\" class=\"jum-warning\">Allergiewarnung<\/h3>\n<ul>\n<li>Enth\u00e4lt Eier<\/li>\n<li>Enth\u00e4lt Milch<\/li>\n<li>Enth\u00e4lt Weizen<\/li>\n<li>Kann Haseln\u00fcsse enthalten<\/li>\n<li>Kann folgendes Soja enthalten<\/li>\n<li>Kann Sesam enthalten<\/li>\n<\/ul>\n<\/div>\n<div class=\"jum-product-additive-info jum-product-info-item col-12\">\n<h3>K\u00fcnstliche Zusatzstoffe<\/h3>\n<p> Ohne k\u00fcnstliche Farbstoffe Enth\u00e4lt S\u00fc\u00dfstoffe <\/p><\/div>\n","protected":false},"excerpt":{"rendered":"<p>Detaillierte Produktinformationen von: AH Butter minus Zucker Sirup Waffeln Weniger Zucker, 100% Geschmack! Diese leckeren Stroopwafels von AH enthalten 35% weniger Zucker als ein Standard-Stroopwafel und sind zudem reich an Ballaststoffen. Genie\u00dfen Sie diese sch\u00f6ne weiche Stroopwafel mit einer Tasse Kaffee oder Tee! Produktbeschreibung zu: AH Butter Less Sugar Sirup Waffeln AH Less Sugars Stroopwafels [&#8230;]\n","protected":false},"featured_media":172322,"template":"","meta":{"_acf_changed":false,"_aipt_faq_data":""},"product_brand":[17253],"product_cat":[14687,14606,15008,14525],"product_tag":[14485,15015],"class_list":{"0":"post-149606","1":"product","2":"type-product","3":"status-publish","4":"has-post-thumbnail","6":"product_brand-ah-de","7":"product_cat-kuchen-in-folienverpackung","8":"product_cat-niederlandische-kekse-snacks","9":"product_cat-stroopwafel","10":"product_cat-susigkeiten-kekse-chips-und-brezeln","11":"product_tag-am-meisten-vermisste-niederlaendische-produkte","12":"product_tag-niederlaendische-stroopwafels","13":"pa_artikelnummer-539-de","14":"pa_dieet_allergie_biologisch-zuckerbewusst","16":"first","17":"onbackorder","18":"taxable","19":"shipping-taxable","20":"purchasable","21":"product-type-simple"},"bundled_by":[],"bundle_stock_status":"onbackorder","bundle_stock_quantity":null,"bundle_virtual":false,"bundle_layout":"","bundle_add_to_cart_form_location":"","bundle_editable_in_cart":false,"bundle_sold_individually_context":"","bundle_item_grouping":"","bundle_min_size":"","bundle_max_size":"","bundle_price":[],"bundled_items":[],"bundle_sell_ids":[],"acf":{"content":"320 gr"},"_links":{"self":[{"href":"https:\/\/staging.realdutchfood.com\/de\/wp-json\/wp\/v2\/product\/149606","targetHints":{"allow":["GET"]}}],"collection":[{"href":"https:\/\/staging.realdutchfood.com\/de\/wp-json\/wp\/v2\/product"}],"about":[{"href":"https:\/\/staging.realdutchfood.com\/de\/wp-json\/wp\/v2\/types\/product"}],"wp:featuredmedia":[{"embeddable":true,"href":"https:\/\/staging.realdutchfood.com\/de\/wp-json\/wp\/v2\/media\/172322"}],"wp:attachment":[{"href":"https:\/\/staging.realdutchfood.com\/de\/wp-json\/wp\/v2\/media?parent=149606"}],"wp:term":[{"taxonomy":"product_brand","embeddable":true,"href":"https:\/\/staging.realdutchfood.com\/de\/wp-json\/wp\/v2\/product_brand?post=149606"},{"taxonomy":"product_cat","embeddable":true,"href":"https:\/\/staging.realdutchfood.com\/de\/wp-json\/wp\/v2\/product_cat?post=149606"},{"taxonomy":"product_tag","embeddable":true,"href":"https:\/\/staging.realdutchfood.com\/de\/wp-json\/wp\/v2\/product_tag?post=149606"}],"curies":[{"name":"wp","href":"https:\/\/api.w.org\/{rel}","templated":true}]}}