{"id":150071,"date":"2017-01-21T06:50:41","date_gmt":"2017-01-21T05:50:41","guid":{"rendered":"https:\/\/realdutchfood.com\/van-wijngaarden-zaanse-halbvolle-mayo\/"},"modified":"2024-01-23T18:49:02","modified_gmt":"2024-01-23T17:49:02","slug":"van-wijngaarden-zaanse-halbvolle-mayo","status":"publish","type":"product","link":"https:\/\/staging.realdutchfood.com\/de\/van-wijngaarden-zaanse-halbvolle-mayo\/","title":{"rendered":"Van Wijngaarden Zaanse Halbvolle Mayo"},"content":{"rendered":"<div class=\"jum-nutritional-info jum-product-info-item\">\n<div class=\"jum-nutritional-info jum-product-info-item\">\n<div class=\"jum-nutritional-info jum-product-info-item\">\n<h3>Produktbeschreibung zu: Van Wijngaarden Zaanse Halbvolle Mayo<\/h3>\n<p>Die Zaanse Half-full Mayo wurde f\u00fcr den Verbraucher entwickelt, der die Kalorienzufuhr begrenzen m\u00f6chte und gleichzeitig nicht auf den Geschmack der Zaan Mayonnaise f\u00fcr Gold verzichten m\u00f6chte. F\u00fcr die Halbvolle Mayo werden daher die gleichen Geschmackszutaten wie f\u00fcr die Zaanse <a href=\"https:\/\/staging.realdutchfood.com\/de\/mayonnaise-pommes-sauce-ketchup\/\">Mayonnaise<\/a> verwendet. Der \u00d6lanteil wurde jedoch von 80% auf 35% reduziert. Um die Struktur zu gew\u00e4hrleisten, werden Wasser, St\u00e4rke und Gummi zugesetzt. Dar\u00fcber hinaus wurden Kr\u00e4uteraromen hinzugef\u00fcgt, um den k\u00f6stlichen Geschmack zu garantieren.<\/p>\n<\/div>\n<div class=\"jum-nutritional-info jum-product-info-item\">\n<h3>N\u00e4hrwerte<\/h3>\n<table class=\"stripes\">\n<thead>\n<tr>\n<th><\/th>\n<th class=\"jum-nutiriton-heading\">pro 100 g<\/th>\n<\/tr>\n<\/thead>\n<tbody>\n<tr>\n<th class=\"nutrition-title\">Energie:<\/th>\n<td>1470 kJ \/ 350 kcal<\/td>\n<\/tr>\n<tr class=\"jum-dark-row\">\n<th class=\"nutrition-title\">Fette:<\/th>\n<td>34 g<\/td>\n<\/tr>\n<tr>\n<th class=\"nutrition-title\">davon ges\u00e4ttigte Fetts\u00e4uren:<\/th>\n<td>ca. 2,6 g<\/td>\n<\/tr>\n<tr class=\"jum-dark-row\">\n<th class=\"nutrition-title\">Einfach unges\u00e4ttigt:<\/th>\n<td>21 g<\/td>\n<\/tr>\n<tr>\n<th class=\"nutrition-title\">Mehrfach unges\u00e4ttigte:<\/th>\n<td>ca. 10,4 g<\/td>\n<\/tr>\n<tr class=\"jum-dark-row\">\n<th class=\"nutrition-title\">Kohlenhydrate:<\/th>\n<td>9,3 g<\/td>\n<\/tr>\n<tr>\n<th class=\"nutrition-title\">Davon Zucker:<\/th>\n<td>ca. 5,6 g<\/td>\n<\/tr>\n<tr class=\"jum-dark-row\">\n<th class=\"nutrition-title\">Proteine:<\/th>\n<td>1 g<\/td>\n<\/tr>\n<tr>\n<th class=\"nutrition-title\">Salz:<\/th>\n<td>ca. 1,5 g<\/td>\n<\/tr>\n<\/tbody>\n<\/table>\n<\/div>\n<div class=\"jum-gda-info jum-product-info-item\">\n<h3>T\u00e4gliche Ern\u00e4hrungsrichtlinie (GDA)<\/h3>\n<p>Von der empfohlenen Tagesdosis (Erwachsene) enth\u00e4lt jede Portion:<\/p>\n<div class=\"jum-gda-info-item\">\n<p>Pro Portion<\/p>\n<p>1 Essl\u00f6ffel (15 ml) enth\u00e4lt:<\/p>\n<div class=\"jum-gda-pod\">\n<h3 class=\"jum-gda-name\">Energie<\/h3>\n<p class=\"jum-gda-description\">52 kcal<\/p>\n<p class=\"jum-gda-percentage\">2,6%<\/p>\n<\/div>\n<p>Referenzmenge f\u00fcr einen durchschnittlichen Erwachsenen (8400 kJ\/2000 kcal).<\/p>\n<\/div>\n<p>der empfohlenen Tagesdosis f\u00fcr Erwachsene<\/p>\n<\/div>\n<div class=\"jum-ingredients-info jum-product-info-item\">\n<h3>Zutaten f\u00fcr: Van Wijngaarden Zaanse Halbvolle Mayo<\/h3>\n<ul>\n<li>Wasser<\/li>\n<li>Raps\u00f6l (33%)<\/li>\n<li>nat\u00fcrlicher Essig<\/li>\n<li>Zucker<\/li>\n<li><span class=\"jum-highlighted-ingredient\">Eigelb aus Freilandhaltung<\/span> (3%)<\/li>\n<li><span class=\"jum-highlighted-ingredient\">Weizenst\u00e4rke<\/span><\/li>\n<li>Salz<\/li>\n<li>Modifizierte Maisst\u00e4rke<\/li>\n<li>Senf (Wasser, <span class=\"jum-highlighted-ingredient\">Senfk\u00f6rner<\/span>, Essig, Salz, Zucker)<\/li>\n<li>S\u00e4uerungsmittel (Zitronens\u00e4ure)<\/li>\n<li>Verdickungsmittel (Xanthan, Guarkernmehl)<\/li>\n<li>Aromen (<span class=\"jum-highlighted-ingredient\">Sellerie<\/span>)<\/li>\n<li>Konservierungsmittel (Kaliumsorbat)<\/li>\n<li>Farbstoff (Beta-Carotin)<\/li>\n<li>Antioxidationsmittel (E385)<\/li>\n<li>E = EU-zugelassener Hilfsstoff.<\/li>\n<\/ul>\n<\/div>\n<div class=\"jum-product-allergy-info jum-product-info-item\">\n<h3 id=\"jum-allergy-title\" class=\"jum-warning\">Allergiewarnung<\/h3>\n<ul>\n<li>Enth\u00e4lt Sellerie<\/li>\n<li>Enth\u00e4lt Eier<\/li>\n<li>Enth\u00e4lt Senf<\/li>\n<li>Enth\u00e4lt Weizen<\/li>\n<\/ul>\n<\/div>\n<\/div>\n<\/div>\n","protected":false},"excerpt":{"rendered":"<p>Produktbeschreibung zu: Van Wijngaarden Zaanse Halbvolle Mayo Die Zaanse Half-full Mayo wurde f\u00fcr den Verbraucher entwickelt, der die Kalorienzufuhr begrenzen m\u00f6chte und gleichzeitig nicht auf den Geschmack der Zaan Mayonnaise f\u00fcr Gold verzichten m\u00f6chte. F\u00fcr die Halbvolle Mayo werden daher die gleichen Geschmackszutaten wie f\u00fcr die Zaanse Mayonnaise verwendet. Der \u00d6lanteil wurde jedoch von 80% [&#8230;]\n","protected":false},"featured_media":122436,"template":"","meta":{"_acf_changed":false,"_aipt_faq_data":""},"product_brand":[14470],"product_cat":[14480,14472],"product_tag":[],"class_list":{"0":"post-150071","1":"product","2":"type-product","3":"status-publish","4":"has-post-thumbnail","6":"product_brand-van-wijngaarden","7":"product_cat-mayonnaise-pommes-sauce-ketchup","8":"product_cat-saucen-gewuerze","9":"pa_artikelnummer-1644-de","11":"first","12":"onbackorder","13":"taxable","14":"shipping-taxable","15":"purchasable","16":"product-type-simple"},"bundled_by":[],"bundle_stock_status":"onbackorder","bundle_stock_quantity":null,"bundle_virtual":false,"bundle_layout":"","bundle_add_to_cart_form_location":"","bundle_editable_in_cart":false,"bundle_sold_individually_context":"","bundle_item_grouping":"","bundle_min_size":"","bundle_max_size":"","bundle_price":[],"bundled_items":[],"bundle_sell_ids":[],"acf":{"content":"200ml"},"_links":{"self":[{"href":"https:\/\/staging.realdutchfood.com\/de\/wp-json\/wp\/v2\/product\/150071","targetHints":{"allow":["GET"]}}],"collection":[{"href":"https:\/\/staging.realdutchfood.com\/de\/wp-json\/wp\/v2\/product"}],"about":[{"href":"https:\/\/staging.realdutchfood.com\/de\/wp-json\/wp\/v2\/types\/product"}],"wp:featuredmedia":[{"embeddable":true,"href":"https:\/\/staging.realdutchfood.com\/de\/wp-json\/wp\/v2\/media\/122436"}],"wp:attachment":[{"href":"https:\/\/staging.realdutchfood.com\/de\/wp-json\/wp\/v2\/media?parent=150071"}],"wp:term":[{"taxonomy":"product_brand","embeddable":true,"href":"https:\/\/staging.realdutchfood.com\/de\/wp-json\/wp\/v2\/product_brand?post=150071"},{"taxonomy":"product_cat","embeddable":true,"href":"https:\/\/staging.realdutchfood.com\/de\/wp-json\/wp\/v2\/product_cat?post=150071"},{"taxonomy":"product_tag","embeddable":true,"href":"https:\/\/staging.realdutchfood.com\/de\/wp-json\/wp\/v2\/product_tag?post=150071"}],"curies":[{"name":"wp","href":"https:\/\/api.w.org\/{rel}","templated":true}]}}