{"id":150089,"date":"2017-01-02T12:19:52","date_gmt":"2017-01-02T11:19:52","guid":{"rendered":"https:\/\/realdutchfood.com\/rio-mare-insalatissime-mais-e-tonno\/"},"modified":"2023-12-18T16:32:25","modified_gmt":"2023-12-18T15:32:25","slug":"rio-mare-insalatissime-mais-e-tonno","status":"publish","type":"product","link":"https:\/\/staging.realdutchfood.com\/de\/rio-mare-insalatissime-mais-e-tonno\/","title":{"rendered":"Rio Mare Insalatissime Mais e Tonno"},"content":{"rendered":"<div class=\"product-information\" data-v-d6fd914a=\"\" data-v-d6d78002=\"\" data-v-49b0c6f8=\"\">\n<div class=\"jum-collapsible open\" data-v-4fb8929b=\"\" data-v-d6fd914a=\"\">\n<div class=\"title-wrapper\" data-v-4fb8929b=\"\">\n<h2>Produktbeschreibung von: Rio Mare Insalatissime Mais e Tonno<\/h2>\n<h3 class=\"title\">Inhaltsstoffe von: Rio Mare Insalatissime Mais e Tonno<\/h3>\n<\/div>\n<div id=\"jum-collapsible-0\" class=\"content\" data-v-4fb8929b=\"\">\n<ul class=\"mb\">\n<li>Mais 29%<\/li>\n<li><strong>Thunfisch<\/strong>** 26%<\/li>\n<li>Maiskeim\u00f6l<\/li>\n<li>Karotten 12%<\/li>\n<li>Erbsen 11%<\/li>\n<li>schwarze Oliven 4%<\/li>\n<li>Zitronensaft<\/li>\n<li>Salz<\/li>\n<li>**Euthynnus (Katsuwonus) pelamis.<\/li>\n<\/ul>\n<\/div>\n<\/div>\n<div class=\"jum-collapsible nutritions open\" data-v-4fb8929b=\"\" data-v-7f154835=\"\" data-v-d6fd914a=\"\">\n<div class=\"title-wrapper\" data-v-4fb8929b=\"\">\n<h3 class=\"title\">N\u00e4hrwerte<\/h3>\n<\/div>\n<div id=\"jum-collapsible-1\" class=\"content\" data-v-4fb8929b=\"\">\n<table class=\"jum-table striped\" data-v-e2cf3b44=\"\" data-v-7f154835=\"\" aria-label=\"Table containing info\">\n<tbody>\n<tr class=\"header-row\" data-v-e2cf3b44=\"\">\n<th class=\"header-column\" data-v-e2cf3b44=\"\">N\u00e4hrwerte<\/th>\n<th class=\"header-column\" data-v-e2cf3b44=\"\">Pro 100 g Produkt<\/th>\n<\/tr>\n<tr class=\"row\" data-v-7f154835=\"\" data-v-e2cf3b44=\"\">\n<td class=\"column\" data-v-7f154835=\"\" data-v-e2cf3b44=\"\">Energie<\/td>\n<td class=\"column\" data-v-7f154835=\"\" data-v-e2cf3b44=\"\">761 kJ<\/td>\n<\/tr>\n<tr class=\"row\" data-v-7f154835=\"\" data-v-e2cf3b44=\"\">\n<td class=\"column\" colspan=\"2\" data-v-7f154835=\"\" data-v-e2cf3b44=\"\"><\/td>\n<\/tr>\n<tr class=\"row\" data-v-7f154835=\"\" data-v-e2cf3b44=\"\">\n<td class=\"column\" data-v-7f154835=\"\" data-v-e2cf3b44=\"\">Fette<\/td>\n<td class=\"column\" data-v-7f154835=\"\" data-v-e2cf3b44=\"\">13 g<\/td>\n<\/tr>\n<tr class=\"row\" data-v-7f154835=\"\" data-v-e2cf3b44=\"\">\n<td class=\"column sub-label\" colspan=\"2\" data-v-7f154835=\"\" data-v-e2cf3b44=\"\">wessen:<\/td>\n<\/tr>\n<tr class=\"row\" data-v-7f154835=\"\" data-v-e2cf3b44=\"\">\n<td class=\"column\" data-v-7f154835=\"\" data-v-e2cf3b44=\"\">Davon ges\u00e4ttigte Fetts\u00e4uren<\/td>\n<td class=\"column\" data-v-7f154835=\"\" data-v-e2cf3b44=\"\">ca. 2,0 g<\/td>\n<\/tr>\n<tr class=\"row\" data-v-7f154835=\"\" data-v-e2cf3b44=\"\">\n<td class=\"column\" data-v-7f154835=\"\" data-v-e2cf3b44=\"\">Kohlenhydrate<\/td>\n<td class=\"column\" data-v-7f154835=\"\" data-v-e2cf3b44=\"\">ca. 6,5 g<\/td>\n<\/tr>\n<tr class=\"row\" data-v-7f154835=\"\" data-v-e2cf3b44=\"\">\n<td class=\"column\" data-v-7f154835=\"\" data-v-e2cf3b44=\"\">Davon Zucker<\/td>\n<td class=\"column\" data-v-7f154835=\"\" data-v-e2cf3b44=\"\">ca. 2,0 g<\/td>\n<\/tr>\n<tr class=\"row\" data-v-7f154835=\"\" data-v-e2cf3b44=\"\">\n<td class=\"column\" data-v-7f154835=\"\" data-v-e2cf3b44=\"\">Proteine<\/td>\n<td class=\"column\" data-v-7f154835=\"\" data-v-e2cf3b44=\"\">9,0 g<\/td>\n<\/tr>\n<tr class=\"row\" data-v-7f154835=\"\" data-v-e2cf3b44=\"\">\n<td class=\"column\" data-v-7f154835=\"\" data-v-e2cf3b44=\"\">Salz<\/td>\n<td class=\"column\" data-v-7f154835=\"\" data-v-e2cf3b44=\"\">ca. 1,2 g<\/td>\n<\/tr>\n<\/tbody>\n<\/table>\n<\/div>\n<\/div>\n<div class=\"jum-collapsible open\" data-v-4fb8929b=\"\" data-v-d6fd914a=\"\">\n<div class=\"title-wrapper\" data-v-4fb8929b=\"\">\n<h3 class=\"title\">Produktbeschreibung von: Rio Mare Insalatissime Mais e Tonno<\/h3>\n<\/div>\n<div id=\"jum-collapsible-2\" class=\"content\" data-v-4fb8929b=\"\">\n<div class=\"mb\">\n<p class=\"mb-0\">Einzigartiger Geschmack von Rio Mare <a href=\"https:\/\/staging.realdutchfood.com\/de\/dosenfisch\/\">Thunfisch<\/a> kombiniert mit Mais und leckerem Gem\u00fcse. K\u00f6stlich als Snack oder, erg\u00e4nzt mit frischem s la und anderen Zutaten, als kompletter Mahlzeitsalat.<br \/>\nRio Mare, der wahre Geschmack Italiens.<\/p>\n<\/div>\n<\/div>\n<\/div>\n<div class=\"jum-collapsible open\" data-v-4fb8929b=\"\" data-v-1fa7cae0=\"\" data-v-d6fd914a=\"\">\n<div class=\"title-wrapper\" data-v-4fb8929b=\"\">\n<h3 class=\"title\">Allergen-Warnungen<\/h3>\n<\/div>\n<div id=\"jum-collapsible-3\" class=\"content\" data-v-4fb8929b=\"\">\n<h6 class=\"jum-heading h6\" data-v-6b4430ff=\"\" data-v-1fa7cae0=\"\">Enth\u00e4lt:<\/h6>\n<ul class=\"jum-list contains\" role=\"\" data-v-8e5d626a=\"\" data-v-1fa7cae0=\"\">\n<li data-v-8e5d626a=\"\" data-v-1fa7cae0=\"\">Thunfisch<\/li>\n<\/ul>\n<h6 class=\"jum-heading h6\" data-v-6b4430ff=\"\" data-v-1fa7cae0=\"\">Kann umfassen:<\/h6>\n<ul class=\"jum-list\" role=\"\" data-v-8e5d626a=\"\" data-v-1fa7cae0=\"\">\n<li data-v-8e5d626a=\"\" data-v-1fa7cae0=\"\">Gluten<\/li>\n<\/ul>\n<\/div>\n<\/div>\n<div class=\"jum-collapsible open\" data-v-4fb8929b=\"\" data-v-d6fd914a=\"\">\n<div class=\"title-wrapper\" data-v-4fb8929b=\"\">\n<div class=\"title\" data-v-4fb8929b=\"\">Lagerung &amp; Nutzung<\/div>\n<\/div>\n<div id=\"jum-collapsible-4\" class=\"content\" data-v-4fb8929b=\"\">\n<p><strong>Erhalten<\/strong> Mindestens haltbar bis<\/p>\n<\/div>\n<\/div>\n<div class=\"jum-collapsible open\" data-v-4fb8929b=\"\" data-v-d6fd914a=\"\">\n<div class=\"title-wrapper\" data-v-4fb8929b=\"\">\n<div class=\"title\" data-v-4fb8929b=\"\">Erg\u00e4nzungen<\/div>\n<\/div>\n<div id=\"jum-collapsible-5\" class=\"content\" data-v-4fb8929b=\"\">\n<p>Recycelbares ALUMINIUM &#8211; alu<\/p>\n<\/div>\n<\/div>\n<div class=\"jum-collapsible open\" data-v-4fb8929b=\"\" data-v-d6fd914a=\"\">\n<div class=\"title-wrapper\" data-v-4fb8929b=\"\">\n<div class=\"title\" data-v-4fb8929b=\"\">\u00dcber den Hersteller<\/div>\n<\/div>\n<div id=\"jum-collapsible-6\" class=\"content\" data-v-4fb8929b=\"\"><strong>Marke<\/strong> Rio Mare N\u00b01 in Italien*<br \/>\n*Marktf\u00fchrer in Italien IRI-Daten Y.E. Sept 2020)wwww.riomare.com<\/p>\n<p>Wir von Rio Mare bieten Ihnen verantwortungsvolle Qualit\u00e4t in all unseren Produkten. Wir setzen uns f\u00fcr eine nachhaltige Fischerei ein, respektieren die Umwelt und die Menschen und f\u00f6rdern eine gute Ern\u00e4hrung. Lesen Sie mehr auf http:\/\/www.responsiblequality.com\/<\/p>\n<p><strong>Webseite<\/strong>wwww.riomare.com<\/p>\n<p><strong>Adresse<\/strong> Bolton Nederland BV, Antwoordnummer 58791, 3508<br \/>\nWH Utrecht<\/p>\n<p><strong>Telefonnummer<\/strong>: 0800-0234566<\/p>\n<\/div>\n<\/div>\n<\/div>\n","protected":false},"excerpt":{"rendered":"<p>Produktbeschreibung von: Rio Mare Insalatissime Mais e Tonno Inhaltsstoffe von: Rio Mare Insalatissime Mais e Tonno Mais 29% Thunfisch** 26% Maiskeim\u00f6l Karotten 12% Erbsen 11% schwarze Oliven 4% Zitronensaft Salz **Euthynnus (Katsuwonus) pelamis. N\u00e4hrwerte N\u00e4hrwerte Pro 100 g Produkt Energie 761 kJ Fette 13 g wessen: Davon ges\u00e4ttigte Fetts\u00e4uren ca. 2,0 g Kohlenhydrate ca. 6,5 [&#8230;]\n","protected":false},"featured_media":150090,"template":"","meta":{"_acf_changed":false,"_aipt_faq_data":""},"product_brand":[15301],"product_cat":[15281,14529],"product_tag":[],"class_list":{"0":"post-150089","1":"product","2":"type-product","3":"status-publish","4":"has-post-thumbnail","6":"product_brand-rio-mare-de","7":"product_cat-dosenfisch","8":"product_cat-fleisch-fisch-huhn","9":"pa_artikelnummer-2015-de","11":"first","12":"onbackorder","13":"taxable","14":"shipping-taxable","15":"purchasable","16":"product-type-simple"},"bundled_by":[],"bundle_stock_status":"onbackorder","bundle_stock_quantity":null,"bundle_virtual":false,"bundle_layout":"","bundle_add_to_cart_form_location":"","bundle_editable_in_cart":false,"bundle_sold_individually_context":"","bundle_item_grouping":"","bundle_min_size":"","bundle_max_size":"","bundle_price":[],"bundled_items":[],"bundle_sell_ids":[],"acf":{"content":"160 gr"},"_links":{"self":[{"href":"https:\/\/staging.realdutchfood.com\/de\/wp-json\/wp\/v2\/product\/150089","targetHints":{"allow":["GET"]}}],"collection":[{"href":"https:\/\/staging.realdutchfood.com\/de\/wp-json\/wp\/v2\/product"}],"about":[{"href":"https:\/\/staging.realdutchfood.com\/de\/wp-json\/wp\/v2\/types\/product"}],"wp:featuredmedia":[{"embeddable":true,"href":"https:\/\/staging.realdutchfood.com\/de\/wp-json\/wp\/v2\/media\/150090"}],"wp:attachment":[{"href":"https:\/\/staging.realdutchfood.com\/de\/wp-json\/wp\/v2\/media?parent=150089"}],"wp:term":[{"taxonomy":"product_brand","embeddable":true,"href":"https:\/\/staging.realdutchfood.com\/de\/wp-json\/wp\/v2\/product_brand?post=150089"},{"taxonomy":"product_cat","embeddable":true,"href":"https:\/\/staging.realdutchfood.com\/de\/wp-json\/wp\/v2\/product_cat?post=150089"},{"taxonomy":"product_tag","embeddable":true,"href":"https:\/\/staging.realdutchfood.com\/de\/wp-json\/wp\/v2\/product_tag?post=150089"}],"curies":[{"name":"wp","href":"https:\/\/api.w.org\/{rel}","templated":true}]}}