{"id":150099,"date":"2017-01-02T09:24:26","date_gmt":"2017-01-02T08:24:26","guid":{"rendered":"https:\/\/realdutchfood.com\/coertjens-6-haehnchenwuerste\/"},"modified":"2023-05-19T22:08:35","modified_gmt":"2023-05-19T20:08:35","slug":"coertjens-6-huehnerwuerste","status":"publish","type":"product","link":"https:\/\/staging.realdutchfood.com\/de\/coertjens-6-huehnerwuerste\/","title":{"rendered":"Coertjens 6 H\u00fchnerw\u00fcrste"},"content":{"rendered":"<div class=\"product-information\" data-v-d6fd914a=\"\" data-v-d6d78002=\"\" data-v-49b0c6f8=\"\">\n<div class=\"jum-collapsible open\" data-v-4fb8929b=\"\" data-v-d6fd914a=\"\">\n<div class=\"title-wrapper\" data-v-4fb8929b=\"\">\n<h3 class=\"title\">Zutaten f\u00fcr: Coertjens 6 H\u00fchnerw\u00fcrste<\/h3>\n<\/div>\n<div id=\"jum-collapsible-0\" class=\"content\" data-v-4fb8929b=\"\">\n<div class=\"product-panel__info jum-grid-cell span-12 span-m-7 span-l-6 span-xl-7\" data-v-49b0c6f8=\"\" data-v-d6d78002=\"\" data-v-19def2b6=\"\">\n<div class=\"product-panel__info__container\" data-v-49b0c6f8=\"\" data-v-d6d78002=\"\">\n<h4 class=\"jum-heading h3\">H\u00fchnerseparatorfleisch (63%), H\u00fchnerfleisch (13%), Wasser, Kartoffelst\u00e4rke, Salz, Zucker, Kr\u00e4uter und Gew\u00fcrze (enth\u00e4lt SELLERIE), Emulgator: Di-, Tri- und Polyphosphate, Antioxidationsmittel: Ascorbins\u00e4ure, S\u00e4uerungsmittel: Zitronens\u00e4ure, Konservierungsstoff: Natriumnitrit. Kann Spuren von Gluten, Eiern, Schalenfr\u00fcchten, Erdn\u00fcssen, Milch, Soja und Senf enthalten.<\/h4>\n<\/div>\n<\/div>\n<\/div>\n<\/div>\n<div class=\"jum-collapsible nutritions open\" data-v-4fb8929b=\"\" data-v-7f154835=\"\" data-v-d6fd914a=\"\">\n<div class=\"title-wrapper\" data-v-4fb8929b=\"\">\n<h3 class=\"title\">N\u00e4hrwerte<\/h3>\n<\/div>\n<div id=\"jum-collapsible-1\" class=\"content\" data-v-4fb8929b=\"\">\n<table class=\"jum-table striped\" data-v-e2cf3b44=\"\" data-v-7f154835=\"\" aria-label=\"Table containing info\">\n<tbody>\n<tr class=\"header-row\" data-v-e2cf3b44=\"\">\n<th class=\"header-column\" data-v-e2cf3b44=\"\">N\u00e4hrwerte<\/th>\n<th class=\"header-column\" data-v-e2cf3b44=\"\">pro 100 g<\/th>\n<\/tr>\n<tr class=\"row\" data-v-7f154835=\"\" data-v-e2cf3b44=\"\">\n<td class=\"column\" data-v-7f154835=\"\" data-v-e2cf3b44=\"\">Energiewert<\/td>\n<td class=\"column\" data-v-7f154835=\"\" data-v-e2cf3b44=\"\">186 kJ \/ 774 kcal<\/td>\n<\/tr>\n<tr class=\"row\" data-v-7f154835=\"\" data-v-e2cf3b44=\"\">\n<td class=\"column\" data-v-7f154835=\"\" data-v-e2cf3b44=\"\">Fette<\/td>\n<td class=\"column\" data-v-7f154835=\"\" data-v-e2cf3b44=\"\">ca. 14,1 g<\/td>\n<\/tr>\n<tr class=\"row\" data-v-7f154835=\"\" data-v-e2cf3b44=\"\">\n<td class=\"column\" data-v-7f154835=\"\" data-v-e2cf3b44=\"\">Davon ges\u00e4ttigte Fetts\u00e4uren<\/td>\n<td class=\"column\" data-v-7f154835=\"\" data-v-e2cf3b44=\"\">ca. 3,8 g<\/td>\n<\/tr>\n<tr class=\"row\" data-v-7f154835=\"\" data-v-e2cf3b44=\"\">\n<td class=\"column\" data-v-7f154835=\"\" data-v-e2cf3b44=\"\">Kohlenhydrate<\/td>\n<td class=\"column\" data-v-7f154835=\"\" data-v-e2cf3b44=\"\">5,0 g<\/td>\n<\/tr>\n<tr class=\"row\" data-v-7f154835=\"\" data-v-e2cf3b44=\"\">\n<td class=\"column\" data-v-7f154835=\"\" data-v-e2cf3b44=\"\">Davon Zucker<\/td>\n<td class=\"column\" data-v-7f154835=\"\" data-v-e2cf3b44=\"\">0,8 g<\/td>\n<\/tr>\n<tr class=\"row\" data-v-7f154835=\"\" data-v-e2cf3b44=\"\">\n<td class=\"column\" data-v-7f154835=\"\" data-v-e2cf3b44=\"\">Proteine<\/td>\n<td class=\"column\" data-v-7f154835=\"\" data-v-e2cf3b44=\"\">9,8 g<\/td>\n<\/tr>\n<tr class=\"row\" data-v-7f154835=\"\" data-v-e2cf3b44=\"\">\n<td class=\"column\" data-v-7f154835=\"\" data-v-e2cf3b44=\"\">Salz<\/td>\n<td class=\"column\" data-v-7f154835=\"\" data-v-e2cf3b44=\"\">ca. 1,8 g<\/td>\n<\/tr>\n<\/tbody>\n<\/table>\n<\/div>\n<\/div>\n<div class=\"jum-collapsible open\" data-v-4fb8929b=\"\" data-v-1fa7cae0=\"\" data-v-d6fd914a=\"\">\n<div class=\"title-wrapper\" data-v-4fb8929b=\"\">\n<h3 class=\"title\">Allergenwarnungen von: Coertjens 6 H\u00fchnerw\u00fcrste<\/h3>\n<\/div>\n<div id=\"jum-collapsible-2\" class=\"content\" data-v-4fb8929b=\"\">\n<h6 class=\"jum-heading h6\" data-v-6b4430ff=\"\" data-v-1fa7cae0=\"\">Enth\u00e4lt <a href=\"https:\/\/staging.realdutchfood.com\/de\/dosenfleisch\/\">W\u00fcrstchen <\/a><\/h6>\n<ul class=\"jum-list contains\" role=\"\" data-v-8e5d626a=\"\" data-v-1fa7cae0=\"\">\n<li data-v-8e5d626a=\"\" data-v-1fa7cae0=\"\">Sellerie<\/li>\n<li data-v-8e5d626a=\"\" data-v-1fa7cae0=\"\">Senf<\/li>\n<\/ul>\n<h6 class=\"jum-heading h6\" data-v-6b4430ff=\"\" data-v-1fa7cae0=\"\">Kann umfassen:<\/h6>\n<ul class=\"jum-list\" role=\"\" data-v-8e5d626a=\"\" data-v-1fa7cae0=\"\">\n<li data-v-8e5d626a=\"\" data-v-1fa7cae0=\"\">Eier<\/li>\n<li data-v-8e5d626a=\"\" data-v-1fa7cae0=\"\">Milch<\/li>\n<li data-v-8e5d626a=\"\" data-v-1fa7cae0=\"\">N\u00fcsse<\/li>\n<li data-v-8e5d626a=\"\" data-v-1fa7cae0=\"\">Erdn\u00fcsse<\/li>\n<li data-v-8e5d626a=\"\" data-v-1fa7cae0=\"\">Gluten<\/li>\n<li data-v-8e5d626a=\"\" data-v-1fa7cae0=\"\">Soja<\/li>\n<\/ul>\n<\/div>\n<\/div>\n<div class=\"jum-collapsible open\" data-v-4fb8929b=\"\" data-v-d6fd914a=\"\">\n<div class=\"title-wrapper\" data-v-4fb8929b=\"\">\n<div class=\"title\" data-v-4fb8929b=\"\">Lagerung &amp; Nutzung<\/div>\n<\/div>\n<div id=\"jum-collapsible-3\" class=\"content\" data-v-4fb8929b=\"\">\n<p><strong>Erhalten<\/strong> Trocken bei Raumtemperatur lagern. Kann nach dem \u00d6ffnen 2 Tage gek\u00fchlt aufbewahrt werden (max. 7\u00b0C).<\/p>\n<\/div>\n<\/div>\n<div class=\"jum-collapsible open\" data-v-4fb8929b=\"\" data-v-d6fd914a=\"\">\n<div class=\"title-wrapper\" data-v-4fb8929b=\"\">\n<div class=\"title\" data-v-4fb8929b=\"\">\u00dcber den Hersteller<\/div>\n<\/div>\n<div id=\"jum-collapsible-4\" class=\"content\" data-v-4fb8929b=\"\"><strong>Adresse<\/strong><\/div>\n<div class=\"content\" data-v-4fb8929b=\"\">N.V. Theo Coertjens Int. S.A.<br \/>\nKlein Veerle 101<br \/>\n2960 Brecht<br \/>\nBelgien<\/div>\n<\/div>\n<\/div>\n","protected":false},"excerpt":{"rendered":"<p>Zutaten f\u00fcr: Coertjens 6 H\u00fchnerw\u00fcrste H\u00fchnerseparatorfleisch (63%), H\u00fchnerfleisch (13%), Wasser, Kartoffelst\u00e4rke, Salz, Zucker, Kr\u00e4uter und Gew\u00fcrze (enth\u00e4lt SELLERIE), Emulgator: Di-, Tri- und Polyphosphate, Antioxidationsmittel: Ascorbins\u00e4ure, S\u00e4uerungsmittel: Zitronens\u00e4ure, Konservierungsstoff: Natriumnitrit. Kann Spuren von Gluten, Eiern, Schalenfr\u00fcchten, Erdn\u00fcssen, Milch, Soja und Senf enthalten. N\u00e4hrwerte N\u00e4hrwerte pro 100 g Energiewert 186 kJ \/ 774 kcal Fette ca. 14,1 [&#8230;]\n","protected":false},"featured_media":190173,"template":"","meta":{"_acf_changed":false,"_aipt_faq_data":""},"product_brand":[15308],"product_cat":[14534,14529,14536],"product_tag":[],"class_list":{"0":"post-150099","1":"product","2":"type-product","3":"status-publish","4":"has-post-thumbnail","6":"product_brand-coertjens-de","7":"product_cat-dosenfleisch","8":"product_cat-fleisch-fisch-huhn","9":"product_cat-knakworsten-de","10":"pa_artikelnummer-1993-de","12":"first","13":"onbackorder","14":"taxable","15":"shipping-taxable","16":"purchasable","17":"product-type-simple"},"bundled_by":[],"bundle_stock_status":"onbackorder","bundle_stock_quantity":1,"bundle_virtual":false,"bundle_layout":"","bundle_add_to_cart_form_location":"","bundle_editable_in_cart":false,"bundle_sold_individually_context":"","bundle_item_grouping":"","bundle_min_size":"","bundle_max_size":"","bundle_price":[],"bundled_items":[],"bundle_sell_ids":[],"acf":{"content":"330 gr"},"_links":{"self":[{"href":"https:\/\/staging.realdutchfood.com\/de\/wp-json\/wp\/v2\/product\/150099","targetHints":{"allow":["GET"]}}],"collection":[{"href":"https:\/\/staging.realdutchfood.com\/de\/wp-json\/wp\/v2\/product"}],"about":[{"href":"https:\/\/staging.realdutchfood.com\/de\/wp-json\/wp\/v2\/types\/product"}],"wp:featuredmedia":[{"embeddable":true,"href":"https:\/\/staging.realdutchfood.com\/de\/wp-json\/wp\/v2\/media\/190173"}],"wp:attachment":[{"href":"https:\/\/staging.realdutchfood.com\/de\/wp-json\/wp\/v2\/media?parent=150099"}],"wp:term":[{"taxonomy":"product_brand","embeddable":true,"href":"https:\/\/staging.realdutchfood.com\/de\/wp-json\/wp\/v2\/product_brand?post=150099"},{"taxonomy":"product_cat","embeddable":true,"href":"https:\/\/staging.realdutchfood.com\/de\/wp-json\/wp\/v2\/product_cat?post=150099"},{"taxonomy":"product_tag","embeddable":true,"href":"https:\/\/staging.realdutchfood.com\/de\/wp-json\/wp\/v2\/product_tag?post=150099"}],"curies":[{"name":"wp","href":"https:\/\/api.w.org\/{rel}","templated":true}]}}