{"id":150104,"date":"2016-12-30T13:29:19","date_gmt":"2016-12-30T12:29:19","guid":{"rendered":"https:\/\/realdutchfood.com\/bolletje-fruehstueckscracker-dinkelvollkorn\/"},"modified":"2023-05-18T19:08:43","modified_gmt":"2023-05-18T17:08:43","slug":"bolletje-fruehstueckscracker-dinkelvollkorn","status":"publish","type":"product","link":"https:\/\/staging.realdutchfood.com\/de\/bolletje-fruehstueckscracker-dinkelvollkorn\/","title":{"rendered":"Bolletje Fr\u00fchst\u00fcckscracker Dinkelvollkorn"},"content":{"rendered":"<div class=\"jum-nutritional-info jum-product-info-item col-12\">\n<h3>Produktbeschreibung von: Bolletje Fr\u00fchst\u00fcckscracker Dinkelvollkorn<\/h3>\n<p>Zubereitet mit 100% Vollkornprodukten \/ Vollgepackt mit Ballaststoffen \/ Bolletje Fr\u00fchst\u00fcckscracker Dinkelvollkorn produkte sind 100% nat\u00fcrlich. Sie werden mit sorgf\u00e4ltig ausgew\u00e4hlten Zutaten nat\u00fcrlichen Ursprungs zubereitet. Die<a href=\"https:\/\/staging.realdutchfood.com\/product-categorie\/ontbijt\/crackers\/\"> Cracker<\/a> enthalten keine k\u00fcnstlichen Farb-, Duft- und Geschmacksstoffe.\/&#8217;On ze Fr\u00fchst\u00fcckscracker sind sch\u00f6n knusprig gebacken in den Bolletje-\u00d6fen&#8217;\/&#8217;Unter anderem aufgrund des besten Dinkelvollkornmehls sind sie reich an Ballaststoffen und daher k\u00f6stlich nahrhaft. Die K\u00fcrbis- und Sonnenblumenkerne sorgen f\u00fcr einen charakteristischen Geschmack. Wir packten unsere Cracker zu dritt. Sehr praktisch! Mit Bolletje Ontbijtcracker k\u00f6nnen Sie gut in den Tag starten!&#8220; \/Weitere Informationen zu Allergenen finden Sie unter <a href=\"https:\/\/bolletje.nl\/\" target=\"_blank\" rel=\"noopener\">www.bolletje.nl<\/a>.<\/p>\n<\/div>\n<div class=\"jum-nutritional-info jum-product-info-item col-12\">\n<h3>N\u00e4hrwerte<\/h3>\n<table class=\"stripes\">\n<thead>\n<tr>\n<th><\/th>\n<th class=\"jum-nutiriton-heading\">pro 100 g:<\/th>\n<th class=\"jum-nutiriton-heading\">pro St\u00fcck (ca. 20 g):<\/th>\n<th class=\"jum-nutiriton-heading\">RI**<\/th>\n<\/tr>\n<\/thead>\n<tbody>\n<tr>\n<th class=\"nutrition-title\">Energie<\/th>\n<td>1824 kJ<\/td>\n<td>365 kJ<\/td>\n<td>4%<\/td>\n<\/tr>\n<tr class=\"jum-dark-row\">\n<th class=\"nutrition-title\"><\/th>\n<td>435 kcal<\/td>\n<td>87 kcal<\/td>\n<td>4%<\/td>\n<\/tr>\n<tr>\n<th class=\"nutrition-title\">Fette, davon<\/th>\n<td>14 g<\/td>\n<td>ca. 2,7 g<\/td>\n<td>4%<\/td>\n<\/tr>\n<tr class=\"jum-dark-row\">\n<th class=\"nutrition-title\">ges\u00e4ttigte Fetts\u00e4uren<\/th>\n<td>1,4 g<\/td>\n<td>0,3 g<\/td>\n<td>1%<\/td>\n<\/tr>\n<tr>\n<th class=\"nutrition-title\">Kohlenhydrate, davon<\/th>\n<td>ca. 57 g<\/td>\n<td>11 g<\/td>\n<td>4%<\/td>\n<\/tr>\n<tr class=\"jum-dark-row\">\n<th class=\"nutrition-title\">Zuckerarten<\/th>\n<td>3,4 g<\/td>\n<td>0,7 g<\/td>\n<td>&lt;1%<\/td>\n<\/tr>\n<tr>\n<th class=\"nutrition-title\">Faser<\/th>\n<td>14 g<\/td>\n<td>ca. 2,8 g<\/td>\n<td><\/td>\n<\/tr>\n<tr class=\"jum-dark-row\">\n<th class=\"nutrition-title\">Proteine<\/th>\n<td>14 g<\/td>\n<td>ca. 2,8 g<\/td>\n<td>6%<\/td>\n<\/tr>\n<tr>\n<th class=\"nutrition-title\">Salz<\/th>\n<td>ca. 1,1 g<\/td>\n<td>0,20 g<\/td>\n<td>3%<\/td>\n<\/tr>\n<tr class=\"jum-dark-row\">\n<th class=\"nutrition-title\" colspan=\"4\">**RI = Referenzmenge f\u00fcr einen durchschnittlichen Erwachsenen (8400 kJ\/2000 kcal).<\/th>\n<\/tr>\n<\/tbody>\n<\/table>\n<\/div>\n<div class=\"jum-gda-info jum-product-info-item col-12\">\n<h3>T\u00e4gliche Ern\u00e4hrungsrichtlinie (GDA)<\/h3>\n<div class=\"jum-gda-info-item\">\n<p>Pro St\u00fcck (ca. 20 g):<\/p>\n<div class=\"jum-gda-pod\">\n<h3 class=\"jum-gda-name\">Energie<\/h3>\n<p class=\"jum-gda-description\">87 kcal<\/p>\n<p class=\"jum-gda-percentage\">4%<\/p>\n<\/div>\n<p>Pro 100 g: 1824 kJ\/435 kcal.<\/p>\n<p>RI = Referenzmenge eines durchschnittlichen Erwachsenen (8400 kJ\/2000 kcal).<\/p>\n<\/div>\n<\/div>\n<div class=\"jum-ingredients-info jum-product-info-item col-12\">\n<h3>Zutaten von: Bolletje Fr\u00fchst\u00fcckscracker Dinkelvollkorn<\/h3>\n<ul>\n<li>85% Dinkel (Weizen) (52<span class=\"jum-highlighted-ingredient\">% Vollkornmehl<\/span>, Mehl, Flocken, Sirup)<\/li>\n<li>Leinsamen<\/li>\n<li>Pflanzen\u00f6l (R\u00fcbe)<\/li>\n<li>pflanzliche Fasern<\/li>\n<li>4,5% Sonnenblumenkerne<\/li>\n<li>2,5% K\u00fcrbiskerne<\/li>\n<li>Salz<\/li>\n<li>Hefe<\/li>\n<\/ul>\n<\/div>\n<div class=\"jum-ingredients-info jum-product-info-item col-12\">\n<ul>\n<li>Kann Spuren von anderen glutenhaltigen K\u00f6rnern, Eiern, Soja, Milch, N\u00fcssen und Sesam enthalten. Weitere Informationen zu Allergenen finden Sie unter www.bolletje.nl.<\/li>\n<\/ul>\n<\/div>\n<div class=\"jum-product-allergy-info jum-product-info-item col-12\">\n<h3 id=\"jum-allergy-title\" class=\"jum-warning\">Allergiewarnung<\/h3>\n<ul>\n<li>Kann glutenhaltige K\u00f6rner enthalten<\/li>\n<li>Kann folgende Eier enthalten<\/li>\n<li>Kann Milch enthalten<\/li>\n<li>Kann folgende Hinweise enthalten:<\/li>\n<li>Enth\u00e4lt Weizen<\/li>\n<li>Kann folgendes Soja enthalten<\/li>\n<li>Kann Sesam enthalten<\/li>\n<\/ul>\n<\/div>\n<div class=\"jum-product-additive-info jum-product-info-item col-12\">\n<h3>K\u00fcnstliche Zusatzstoffe<\/h3>\n<p>Ohne k\u00fcnstliche Farbstoffe<\/p>\n<p>Ohne k\u00fcnstliche Aromen<\/p>\n<p>Keine k\u00fcnstlichen Farb-, Duft- und Geschmacksstoffe.<\/p>\n<\/div>\n","protected":false},"excerpt":{"rendered":"<p>Produktbeschreibung von: Bolletje Fr\u00fchst\u00fcckscracker Dinkelvollkorn Zubereitet mit 100% Vollkornprodukten \/ Vollgepackt mit Ballaststoffen \/ Bolletje Fr\u00fchst\u00fcckscracker Dinkelvollkorn produkte sind 100% nat\u00fcrlich. Sie werden mit sorgf\u00e4ltig ausgew\u00e4hlten Zutaten nat\u00fcrlichen Ursprungs zubereitet. Die Cracker enthalten keine k\u00fcnstlichen Farb-, Duft- und Geschmacksstoffe.\/&#8217;On ze Fr\u00fchst\u00fcckscracker sind sch\u00f6n knusprig gebacken in den Bolletje-\u00d6fen&#8217;\/&#8217;Unter anderem aufgrund des besten Dinkelvollkornmehls sind sie [&#8230;]\n","protected":false},"featured_media":189385,"template":"","meta":{"_acf_changed":false,"_aipt_faq_data":""},"product_brand":[14476],"product_cat":[14479,15215],"product_tag":[],"class_list":{"0":"post-150104","1":"product","2":"type-product","3":"status-publish","4":"has-post-thumbnail","6":"product_brand-bolletje","7":"product_cat-fruehstueck","8":"product_cat-kekse","9":"pa_artikelnummer-3765-de","11":"first","12":"onbackorder","13":"sale","14":"taxable","15":"shipping-taxable","16":"purchasable","17":"product-type-simple"},"bundled_by":[],"bundle_stock_status":"onbackorder","bundle_stock_quantity":null,"bundle_virtual":false,"bundle_layout":"","bundle_add_to_cart_form_location":"","bundle_editable_in_cart":false,"bundle_sold_individually_context":"","bundle_item_grouping":"","bundle_min_size":"","bundle_max_size":"","bundle_price":[],"bundled_items":[],"bundle_sell_ids":[],"acf":{"content":"240 gr"},"_links":{"self":[{"href":"https:\/\/staging.realdutchfood.com\/de\/wp-json\/wp\/v2\/product\/150104","targetHints":{"allow":["GET"]}}],"collection":[{"href":"https:\/\/staging.realdutchfood.com\/de\/wp-json\/wp\/v2\/product"}],"about":[{"href":"https:\/\/staging.realdutchfood.com\/de\/wp-json\/wp\/v2\/types\/product"}],"wp:featuredmedia":[{"embeddable":true,"href":"https:\/\/staging.realdutchfood.com\/de\/wp-json\/wp\/v2\/media\/189385"}],"wp:attachment":[{"href":"https:\/\/staging.realdutchfood.com\/de\/wp-json\/wp\/v2\/media?parent=150104"}],"wp:term":[{"taxonomy":"product_brand","embeddable":true,"href":"https:\/\/staging.realdutchfood.com\/de\/wp-json\/wp\/v2\/product_brand?post=150104"},{"taxonomy":"product_cat","embeddable":true,"href":"https:\/\/staging.realdutchfood.com\/de\/wp-json\/wp\/v2\/product_cat?post=150104"},{"taxonomy":"product_tag","embeddable":true,"href":"https:\/\/staging.realdutchfood.com\/de\/wp-json\/wp\/v2\/product_tag?post=150104"}],"curies":[{"name":"wp","href":"https:\/\/api.w.org\/{rel}","templated":true}]}}