{"id":150112,"date":"2017-01-02T08:22:53","date_gmt":"2017-01-02T07:22:53","guid":{"rendered":"https:\/\/realdutchfood.com\/limco-frankfurters\/"},"modified":"2023-11-06T17:41:04","modified_gmt":"2023-11-06T16:41:04","slug":"limco-frankfurters","status":"publish","type":"product","link":"https:\/\/staging.realdutchfood.com\/de\/limco-frankfurters\/","title":{"rendered":"Limco Frankfurters"},"content":{"rendered":"<div class=\"jum-nutritional-info jum-product-info-item\">\n<h2 class=\"jum-heading h4\">Produktinformation zu: Limco Frankfurters<\/h2>\n<p>Die W\u00fcrstchen aus der Dose nehmen und 6 bis 8 Minuten im ca. 70 \u00b0C warmen Wasser erhitzen lassen.<\/p>\n<div class=\"jum-collapsible open\" data-v-f2925cea=\"\" data-v-a1f06082=\"\">\n<div class=\"title-wrapper\" data-v-f2925cea=\"\">\n<h3 class=\"title\">Zutaten f\u00fcr: Limco Frankfurters<\/h3>\n<\/div>\n<div id=\"jum-collapsible-0\" class=\"content\" data-v-f2925cea=\"\">\n<ul class=\"mb\">\n<li>Schweinefleisch 82%<\/li>\n<li>Wasser<\/li>\n<li>Salz<\/li>\n<li>Schweinespeck<\/li>\n<li>Stabilisator: E451<\/li>\n<li>Antioxidationsmittel: E316<\/li>\n<li>Gew\u00fcrze<\/li>\n<li>Pflanzlich<\/li>\n<li>Hefeextrakt<\/li>\n<li>Aroma<\/li>\n<li>Dextrose<\/li>\n<li>Konservierungsstoff: E250<\/li>\n<li>Wursth\u00fclle: Schafsschnur<\/li>\n<li>Buchenholz Rauch<\/li>\n<li>Sole: Wasser<\/li>\n<\/ul>\n<\/div>\n<\/div>\n<div class=\"jum-collapsible nutritions open\" data-v-f2925cea=\"\" data-v-571b9804=\"\" data-v-a1f06082=\"\">\n<div class=\"title-wrapper\" data-v-f2925cea=\"\">\n<h3 class=\"title\">N\u00e4hrwerte<\/h3>\n<\/div>\n<div id=\"jum-collapsible-1\" class=\"content\" data-v-f2925cea=\"\">\n<table class=\"mb\" width=\"100%\" data-v-571b9804=\"\">\n<thead data-v-571b9804=\"\">\n<tr class=\"text-left\" data-v-571b9804=\"\">\n<th data-v-571b9804=\"\">N\u00e4hrwerte<\/th>\n<th data-v-571b9804=\"\">(100 g)<\/th>\n<\/tr>\n<\/thead>\n<tbody data-v-571b9804=\"\">\n<tr data-v-571b9804=\"\">\n<td data-v-571b9804=\"\">Energie<\/td>\n<td data-v-571b9804=\"\">1213 kJ \/ 293 kcal<\/td>\n<\/tr>\n<tr data-v-571b9804=\"\">\n<td data-v-571b9804=\"\">Fette<\/td>\n<td data-v-571b9804=\"\">ca. 27 g<\/td>\n<\/tr>\n<tr data-v-571b9804=\"\">\n<td class=\"sub-label\" data-v-571b9804=\"\">&#8211; davon: Ges\u00e4ttigte Fetts\u00e4uren<\/td>\n<td data-v-571b9804=\"\">ca. 10,2 g<\/td>\n<\/tr>\n<tr data-v-571b9804=\"\">\n<td data-v-571b9804=\"\">Kohlenhydrate<\/td>\n<td data-v-571b9804=\"\">0,1 g<\/td>\n<\/tr>\n<tr data-v-571b9804=\"\">\n<td class=\"sub-label\" data-v-571b9804=\"\">&#8211; davon: Zucker<\/td>\n<td data-v-571b9804=\"\">0,1 g<\/td>\n<\/tr>\n<tr data-v-571b9804=\"\">\n<td data-v-571b9804=\"\">Proteine<\/td>\n<td data-v-571b9804=\"\">ca. 12,5 g<\/td>\n<\/tr>\n<tr data-v-571b9804=\"\">\n<td data-v-571b9804=\"\">Salz<\/td>\n<td data-v-571b9804=\"\">ca. 1,90 g<\/td>\n<\/tr>\n<\/tbody>\n<\/table>\n<\/div>\n<h3>Produktbeschreibung<\/h3>\n<p>Mit diesen limco frankfurter <a href=\"https:\/\/staging.realdutchfood.com\/de\/knakworsten-de\/\">knakworsten <\/a>kannst du die leckersten Wurstbr\u00f6tchen zubereiten, aber sie schmecken auch lecker zum Eintopf oder zu den Pommes.<\/p>\n<\/div>\n<\/div>\n","protected":false},"excerpt":{"rendered":"<p>Produktinformation zu: Limco Frankfurters Die W\u00fcrstchen aus der Dose nehmen und 6 bis 8 Minuten im ca. 70 \u00b0C warmen Wasser erhitzen lassen. Zutaten f\u00fcr: Limco Frankfurters Schweinefleisch 82% Wasser Salz Schweinespeck Stabilisator: E451 Antioxidationsmittel: E316 Gew\u00fcrze Pflanzlich Hefeextrakt Aroma Dextrose Konservierungsstoff: E250 Wursth\u00fclle: Schafsschnur Buchenholz Rauch Sole: Wasser N\u00e4hrwerte N\u00e4hrwerte (100 g) Energie 1213 [&#8230;]\n","protected":false},"featured_media":121407,"template":"","meta":{"_acf_changed":false,"_aipt_faq_data":""},"product_brand":[14667],"product_cat":[14534,14529,14536],"product_tag":[],"class_list":{"0":"post-150112","1":"product","2":"type-product","3":"status-publish","4":"has-post-thumbnail","6":"product_brand-limco-de","7":"product_cat-dosenfleisch","8":"product_cat-fleisch-fisch-huhn","9":"product_cat-knakworsten-de","10":"pa_artikelnummer-1947-de","12":"first","13":"onbackorder","14":"taxable","15":"shipping-taxable","16":"purchasable","17":"product-type-simple"},"bundled_by":[],"bundle_stock_status":"onbackorder","bundle_stock_quantity":null,"bundle_virtual":false,"bundle_layout":"","bundle_add_to_cart_form_location":"","bundle_editable_in_cart":false,"bundle_sold_individually_context":"","bundle_item_grouping":"","bundle_min_size":"","bundle_max_size":"","bundle_price":[],"bundled_items":[],"bundle_sell_ids":[],"acf":{"content":"590 gr"},"_links":{"self":[{"href":"https:\/\/staging.realdutchfood.com\/de\/wp-json\/wp\/v2\/product\/150112","targetHints":{"allow":["GET"]}}],"collection":[{"href":"https:\/\/staging.realdutchfood.com\/de\/wp-json\/wp\/v2\/product"}],"about":[{"href":"https:\/\/staging.realdutchfood.com\/de\/wp-json\/wp\/v2\/types\/product"}],"wp:featuredmedia":[{"embeddable":true,"href":"https:\/\/staging.realdutchfood.com\/de\/wp-json\/wp\/v2\/media\/121407"}],"wp:attachment":[{"href":"https:\/\/staging.realdutchfood.com\/de\/wp-json\/wp\/v2\/media?parent=150112"}],"wp:term":[{"taxonomy":"product_brand","embeddable":true,"href":"https:\/\/staging.realdutchfood.com\/de\/wp-json\/wp\/v2\/product_brand?post=150112"},{"taxonomy":"product_cat","embeddable":true,"href":"https:\/\/staging.realdutchfood.com\/de\/wp-json\/wp\/v2\/product_cat?post=150112"},{"taxonomy":"product_tag","embeddable":true,"href":"https:\/\/staging.realdutchfood.com\/de\/wp-json\/wp\/v2\/product_tag?post=150112"}],"curies":[{"name":"wp","href":"https:\/\/api.w.org\/{rel}","templated":true}]}}