{"id":150117,"date":"2016-12-30T21:53:22","date_gmt":"2016-12-30T20:53:22","guid":{"rendered":"https:\/\/realdutchfood.com\/bolletje-oerknaeck-waldkorn\/"},"modified":"2023-05-18T19:13:27","modified_gmt":"2023-05-18T17:13:27","slug":"bolletje-oerknaeck-waldkorn","status":"publish","type":"product","link":"https:\/\/staging.realdutchfood.com\/de\/bolletje-oerknaeck-waldkorn\/","title":{"rendered":"Bolletje Oerkn\u00e4ck Waldkorn"},"content":{"rendered":"<div class=\"jum-summary-description\">\n<div class=\"jum-nutritional-info jum-product-info-item\">\n<div class=\"jum-nutritional-info jum-product-info-item\">\n<h3>Produktbeschreibung von: Bolletje Oerkn\u00e4ck Waldkorn<\/h3>\n<p><a href=\"http:\/\/www.bolletje.nl\" target=\"_blank\" rel=\"noopener\">Bolletje<\/a> Oerkn\u00e4ck Waldkorn ist ein \u00e4u\u00dferst schmackhaftes, robustes und knuspriges <a href=\"https:\/\/staging.realdutchfood.com\/de\/kekse\/\">Kn\u00e4ckebrot<\/a>. Lecker zum Fr\u00fchst\u00fcck, Mittagessen oder einfach zwischendurch. Die Waldkorn-Beregnung sorgt f\u00fcr einen reichen Geschmack.<\/p>\n<ul>\n<li>100% nat\u00fcrlich<\/li>\n<li>Mit vollem Waldkorngeschmack<\/li>\n<li>Vollgepackt mit Ballaststoffen, Samen und Kernen<\/li>\n<li>Verpackt zu je 4 Personen, also l\u00e4nger frisch<\/li>\n<\/ul>\n<\/div>\n<div class=\"jum-nutritional-info jum-product-info-item\">\n<h3>N\u00e4hrwerte<\/h3>\n<table class=\"stripes\">\n<thead>\n<tr>\n<th><\/th>\n<th class=\"jum-nutiriton-heading\">pro 100 g:<\/th>\n<th class=\"jum-nutiriton-heading\">pro St\u00fcck (ca. 15 g):<\/th>\n<th class=\"jum-nutiriton-heading\">Ri*<\/th>\n<\/tr>\n<\/thead>\n<tbody>\n<tr>\n<th class=\"nutrition-title\">Energie<\/th>\n<td>1775 kJ<\/td>\n<td>266 kJ<\/td>\n<td>3%<\/td>\n<\/tr>\n<tr class=\"jum-dark-row\">\n<th class=\"nutrition-title\"><\/th>\n<td>422 kcal<\/td>\n<td>63 kcal<\/td>\n<td>3%<\/td>\n<\/tr>\n<tr>\n<th class=\"nutrition-title\">Fette, davon<\/th>\n<td>12 g<\/td>\n<td>ca. 1,8 g<\/td>\n<td>3%<\/td>\n<\/tr>\n<tr class=\"jum-dark-row\">\n<th class=\"nutrition-title\">Ges\u00e4ttigte Fetts\u00e4uren<\/th>\n<td>3,7 g<\/td>\n<td>0,5 g<\/td>\n<td>3%<\/td>\n<\/tr>\n<tr>\n<th class=\"nutrition-title\">Kohlenhydrate, davon<\/th>\n<td>ca. 61 g<\/td>\n<td>9,2 g<\/td>\n<td>4%<\/td>\n<\/tr>\n<tr class=\"jum-dark-row\">\n<th class=\"nutrition-title\">Zuckerarten<\/th>\n<td>ca. 1,7 g<\/td>\n<td>0,3 g<\/td>\n<td>&lt;1%<\/td>\n<\/tr>\n<tr>\n<th class=\"nutrition-title\">Faser<\/th>\n<td>6,3 g<\/td>\n<td>0,9 g<\/td>\n<td><\/td>\n<\/tr>\n<tr class=\"jum-dark-row\">\n<th class=\"nutrition-title\">Proteine<\/th>\n<td>14 g<\/td>\n<td>ca. 2,1 g<\/td>\n<td>4%<\/td>\n<\/tr>\n<tr>\n<th class=\"nutrition-title\">Salz<\/th>\n<td>ca. 1,1 g<\/td>\n<td>0,16 g<\/td>\n<td>3%<\/td>\n<\/tr>\n<tr class=\"jum-dark-row\">\n<th class=\"nutrition-title\" colspan=\"4\">*RI = Referenzmenge eines durchschnittlichen Erwachsenen (8400 KJ\/2000 kcal).<\/th>\n<\/tr>\n<\/tbody>\n<\/table>\n<\/div>\n<div class=\"jum-lifestyle-images jum-product-info-item\"><\/div>\n<div class=\"jum-gda-info jum-product-info-item\">\n<h3>T\u00e4gliche Ern\u00e4hrungsrichtlinie (GDA)<\/h3>\n<p>Von der empfohlenen Tagesdosis (Erwachsene) enth\u00e4lt jede Portion:<\/p>\n<div class=\"jum-gda-info-item\">\n<p>Pro Portion<\/p>\n<p>Pro St\u00fcck (ca. 15 g):<\/p>\n<div class=\"jum-gda-pod\">\n<h3 class=\"jum-gda-name\">Energie<\/h3>\n<p class=\"jum-gda-description\">63 kcal<\/p>\n<p class=\"jum-gda-percentage\">3%<\/p>\n<\/div>\n<p>Pro 100g: 1775 kJ\/422 kcal.<\/p>\n<p>RI = Referenzmenge eines durchschnittlichen Erwachsenen (8400 kJ\/2000 kcal).<\/p>\n<\/div>\n<p>der empfohlenen Tagesdosis f\u00fcr Erwachsene<\/p>\n<\/div>\n<div class=\"jum-ingredients-info jum-product-info-item\">\n<h3>Zutaten aus: Bolletje Oerkn\u00e4ck Waldkorn<\/h3>\n<ul>\n<li><span class=\"jum-highlighted-ingredient\">Weizenmehl<\/span><\/li>\n<li><span class=\"jum-highlighted-ingredient\">Sesam<\/span> (10%)<\/li>\n<li>Pflanzliche \u00d6le (Palme, R\u00fcbe)<\/li>\n<li>Hefe<\/li>\n<li>Roggenvollkornmehl<\/li>\n<li>pflanzliche Fasern<\/li>\n<li>Salz<\/li>\n<li><span class=\"jum-highlighted-ingredient\">Roggenmalzmehl<\/span><\/li>\n<li>Semmelbr\u00f6sel (enth\u00e4lt Weizen, Roggen, <span class=\"jum-highlighted-ingredient\">Gerste<\/span> und Sesam)<\/li>\n<\/ul>\n<\/div>\n<div class=\"jum-ingredients-info jum-product-info-item\">\n<ul>\n<li>Kann Spuren von anderen glutenhaltigen K\u00f6rnern, Eiern, Soja und Milch enthalten.<\/li>\n<\/ul>\n<\/div>\n<div class=\"jum-product-allergy-info jum-product-info-item\">\n<h3 id=\"jum-allergy-title\" class=\"jum-warning\">Allergiewarnung<\/h3>\n<ul>\n<li>Kann folgendes enthalten: Getreide mit Gluten<\/li>\n<li>Kann folgende Eier enthalten<\/li>\n<li>Kann Milch enthalten<\/li>\n<li>Enth\u00e4lt Roggen<\/li>\n<li>Enth\u00e4lt Weizen<\/li>\n<li>Enth\u00e4lt Gerste<\/li>\n<li>Kann folgendes Soja enthalten<\/li>\n<li>Enth\u00e4lt Sesam<\/li>\n<\/ul>\n<\/div>\n<\/div>\n<\/div>\n","protected":false},"excerpt":{"rendered":"<p>Produktbeschreibung von: Bolletje Oerkn\u00e4ck Waldkorn Bolletje Oerkn\u00e4ck Waldkorn ist ein \u00e4u\u00dferst schmackhaftes, robustes und knuspriges Kn\u00e4ckebrot. Lecker zum Fr\u00fchst\u00fcck, Mittagessen oder einfach zwischendurch. Die Waldkorn-Beregnung sorgt f\u00fcr einen reichen Geschmack. 100% nat\u00fcrlich Mit vollem Waldkorngeschmack Vollgepackt mit Ballaststoffen, Samen und Kernen Verpackt zu je 4 Personen, also l\u00e4nger frisch N\u00e4hrwerte pro 100 g: pro St\u00fcck [&#8230;]\n","protected":false},"featured_media":189379,"template":"","meta":{"_acf_changed":false,"_aipt_faq_data":""},"product_brand":[14476],"product_cat":[14479,15215],"product_tag":[],"class_list":{"0":"post-150117","1":"product","2":"type-product","3":"status-publish","4":"has-post-thumbnail","6":"product_brand-bolletje","7":"product_cat-fruehstueck","8":"product_cat-kekse","9":"pa_artikelnummer-1342-de","11":"first","12":"onbackorder","13":"sale","14":"taxable","15":"shipping-taxable","16":"purchasable","17":"product-type-simple"},"bundled_by":[],"bundle_stock_status":"onbackorder","bundle_stock_quantity":-1,"bundle_virtual":false,"bundle_layout":"","bundle_add_to_cart_form_location":"","bundle_editable_in_cart":false,"bundle_sold_individually_context":"","bundle_item_grouping":"","bundle_min_size":"","bundle_max_size":"","bundle_price":[],"bundled_items":[],"bundle_sell_ids":[],"acf":{"content":"285 gr"},"_links":{"self":[{"href":"https:\/\/staging.realdutchfood.com\/de\/wp-json\/wp\/v2\/product\/150117","targetHints":{"allow":["GET"]}}],"collection":[{"href":"https:\/\/staging.realdutchfood.com\/de\/wp-json\/wp\/v2\/product"}],"about":[{"href":"https:\/\/staging.realdutchfood.com\/de\/wp-json\/wp\/v2\/types\/product"}],"wp:featuredmedia":[{"embeddable":true,"href":"https:\/\/staging.realdutchfood.com\/de\/wp-json\/wp\/v2\/media\/189379"}],"wp:attachment":[{"href":"https:\/\/staging.realdutchfood.com\/de\/wp-json\/wp\/v2\/media?parent=150117"}],"wp:term":[{"taxonomy":"product_brand","embeddable":true,"href":"https:\/\/staging.realdutchfood.com\/de\/wp-json\/wp\/v2\/product_brand?post=150117"},{"taxonomy":"product_cat","embeddable":true,"href":"https:\/\/staging.realdutchfood.com\/de\/wp-json\/wp\/v2\/product_cat?post=150117"},{"taxonomy":"product_tag","embeddable":true,"href":"https:\/\/staging.realdutchfood.com\/de\/wp-json\/wp\/v2\/product_tag?post=150117"}],"curies":[{"name":"wp","href":"https:\/\/api.w.org\/{rel}","templated":true}]}}