{"id":150158,"date":"2016-10-22T20:03:25","date_gmt":"2016-10-22T18:03:25","guid":{"rendered":"https:\/\/realdutchfood.com\/maggi-sosse-dosierbar-natuerlich\/"},"modified":"2023-11-13T19:13:23","modified_gmt":"2023-11-13T18:13:23","slug":"maggi-natural-sauce-dosierbar","status":"publish","type":"product","link":"https:\/\/staging.realdutchfood.com\/de\/maggi-natural-sauce-dosierbar\/","title":{"rendered":"Maggi Natural Sauce dosierbar"},"content":{"rendered":"<h2 class=\"jum-heading h4\">Produktinformationen zu: Maggi Natural Sauce dosierbar<\/h2>\n<div class=\"jum-collapsible open\" data-v-4fb8929b=\"\" data-v-e49d766c=\"\">\n<div class=\"title-wrapper\" data-v-4fb8929b=\"\">\n<h3 class=\"title\">Inhaltsstoffe von: Maggi Natural Sauce dosierbar<\/h3>\n<\/div>\n<div id=\"jum-collapsible-0\" class=\"content\" data-v-4fb8929b=\"\">\n<ul class=\"mb\">\n<li>Kartoffelst\u00e4rke<\/li>\n<li>Maisst\u00e4rke<\/li>\n<li>Maltodextrin<\/li>\n<li>Salz<\/li>\n<li>Gem\u00fcse (Tomaten (7,7%), rote Paprika, Zwiebeln)<\/li>\n<li>Hefeextrakt<\/li>\n<li>Karamellisierter Zucker<\/li>\n<li>Milchproteine<\/li>\n<li>Aromen (b<strong>evat <\/strong>Weizen)<\/li>\n<li>Geschmacksverst\u00e4rker (E621)<\/li>\n<li>Sonnenblumen\u00f6l<\/li>\n<\/ul>\n<\/div>\n<\/div>\n<div class=\"jum-collapsible nutritions open\" data-v-4fb8929b=\"\" data-v-921da544=\"\" data-v-e49d766c=\"\">\n<div class=\"title-wrapper\" data-v-4fb8929b=\"\">\n<h3 class=\"title\">N\u00e4hrwerte von: Maggi Natural Sauce dosierbar<\/h3>\n<\/div>\n<div id=\"jum-collapsible-1\" class=\"content\" data-v-4fb8929b=\"\">\n<table class=\"mb\" width=\"100%\" data-v-921da544=\"\">\n<thead data-v-921da544=\"\">\n<tr class=\"text-left\" data-v-921da544=\"\">\n<th data-v-921da544=\"\">N\u00e4hrwerte<\/th>\n<th data-v-921da544=\"\">Pro 100g (unzubereitet)<\/th>\n<th data-v-921da544=\"\">Zubereitet pro Portion** 50ml<\/th>\n<th data-v-921da544=\"\">%RI*<\/th>\n<\/tr>\n<\/thead>\n<tbody data-v-921da544=\"\">\n<tr data-v-921da544=\"\">\n<td data-v-921da544=\"\">Energie<\/td>\n<td data-v-921da544=\"\">1419kJ<\/td>\n<td data-v-921da544=\"\">85kJ<\/td>\n<td data-v-921da544=\"\">1%<\/td>\n<\/tr>\n<tr data-v-921da544=\"\">\n<td data-v-921da544=\"\"><\/td>\n<td data-v-921da544=\"\">335kcal<\/td>\n<td data-v-921da544=\"\">20kcal<\/td>\n<td data-v-921da544=\"\">1%<\/td>\n<\/tr>\n<tr data-v-921da544=\"\">\n<td data-v-921da544=\"\">Fette<\/td>\n<td data-v-921da544=\"\">2,4 g<\/td>\n<td data-v-921da544=\"\">0,1 g<\/td>\n<td data-v-921da544=\"\">&lt;1%<\/td>\n<\/tr>\n<tr data-v-921da544=\"\">\n<td data-v-921da544=\"\">Davon ges\u00e4ttigte Fetts\u00e4uren<\/td>\n<td data-v-921da544=\"\">0,5 g<\/td>\n<td data-v-921da544=\"\">0,0 g<\/td>\n<td data-v-921da544=\"\">&lt;1%<\/td>\n<\/tr>\n<tr data-v-921da544=\"\">\n<td data-v-921da544=\"\">Kohlenhydrate<\/td>\n<td data-v-921da544=\"\">63,3 g<\/td>\n<td data-v-921da544=\"\">3,8 g<\/td>\n<td data-v-921da544=\"\">1%<\/td>\n<\/tr>\n<tr data-v-921da544=\"\">\n<td data-v-921da544=\"\">Davon Zucker<\/td>\n<td data-v-921da544=\"\">6,0 g<\/td>\n<td data-v-921da544=\"\">0,4 g<\/td>\n<td data-v-921da544=\"\">&lt;1%<\/td>\n<\/tr>\n<tr data-v-921da544=\"\">\n<td data-v-921da544=\"\">Faser<\/td>\n<td data-v-921da544=\"\">ca. 1,1 g<\/td>\n<td data-v-921da544=\"\">0,1 g<\/td>\n<td data-v-921da544=\"\"><\/td>\n<\/tr>\n<tr data-v-921da544=\"\">\n<td data-v-921da544=\"\">Proteine<\/td>\n<td data-v-921da544=\"\">ca. 14,1 g<\/td>\n<td data-v-921da544=\"\">0,8 g<\/td>\n<td data-v-921da544=\"\">2%<\/td>\n<\/tr>\n<tr data-v-921da544=\"\">\n<td data-v-921da544=\"\">Salz<\/td>\n<td data-v-921da544=\"\">12,5 g<\/td>\n<td data-v-921da544=\"\">0,75 g<\/td>\n<td data-v-921da544=\"\">13%<\/td>\n<\/tr>\n<tr data-v-921da544=\"\">\n<td colspan=\"4\" data-v-921da544=\"\">* Referenzmenge f\u00fcr einen durchschnittlichen Erwachsenen (8400 kJ \/ 2000 kcal).<\/td>\n<\/tr>\n<tr data-v-921da544=\"\">\n<td colspan=\"4\" data-v-921da544=\"\">** Zubereitet mit 180 g f\u00fcr 1,5 l So\u00dfe, basierend auf 30 Portionen.<\/td>\n<\/tr>\n<\/tbody>\n<\/table>\n<\/div>\n<\/div>\n<div class=\"jum-collapsible open\" data-v-4fb8929b=\"\" data-v-e49d766c=\"\">\n<div class=\"title-wrapper\" data-v-4fb8929b=\"\">\n<h3 class=\"title\">Produktbeschreibung zu: Maggi Natural Sauce dosierbar<\/h3>\n<\/div>\n<div id=\"jum-collapsible-2\" class=\"content\" data-v-4fb8929b=\"\">\n<div class=\"mb\">\n<p class=\"mb-0\">Wer ist nicht schon einmal mit einem Gr\u00fcbchen So\u00dfe im Eintopf aufgewachsen? MAGGI Dosierso\u00dfe Nat\u00fcrlich schmeckt wie die So\u00dfe von gestern. Jung und Alt erfreuen sich an den herzhaften und reichhaltigen Gew\u00fcrzen.<br \/>\nMit MAGGI Dosierso\u00dfe Natural k\u00f6nnen Sie jedes Gericht vervollst\u00e4ndigen. Unentbehrlich \u00fcber dem Eintopf, passt aber auch gut zu einer Frikadelle, MAGGI Kartoffelp\u00fcree und frischem Gem\u00fcse.<br \/>\nUnd innerhalb von 3 Minuten fertig!<br \/>\nMAGGI Dosing Gravy Natural ist ein Produkt, das auch f\u00fcr Vegetarier geeignet ist. Ein ideales Basisprodukt f\u00fcr die Speisekammer.<\/p>\n<\/div>\n<\/div>\n<\/div>\n<div class=\"jum-collapsible open\" data-v-4fb8929b=\"\" data-v-e49d766c=\"\">\n<div class=\"title-wrapper\" data-v-4fb8929b=\"\">\n<div class=\"title\" data-v-4fb8929b=\"\">Zubereitungsmethode<\/div>\n<\/div>\n<div id=\"jum-collapsible-3\" class=\"content\" data-v-4fb8929b=\"\">\n<p>F\u00fcr ca. 1,5 Liter So\u00dfe. Dies entspricht 5-6 Beuteln So\u00dfe.<br \/>\nBestimmen Sie die gew\u00fcnschte Menge und St\u00e4rke Ihrer So\u00dfe selbst.<br \/>\nKann direkt mit hei\u00dfem Wasser und\/oder R\u00f6stfl\u00fcssigkeit bestreut werden.<br \/>\nVariationstipp!<br \/>\nF\u00fcgen Sie fein gehackte Paprikast\u00fccke hinzu und kochen Sie sie.<br \/>\nVerfahren<br \/>\nBratpfanne 1 Min.<br \/>\n1) Braten Sie das Fleisch an und l\u00f6schen Sie die Bratfl\u00fcssigkeit mit Wasser. Nehmen Sie so viel Wasser, wie Sie m\u00f6chten, um So\u00dfe zuzubereiten. Reduzieren Sie die Hitze auf niedrig und f\u00fcgen Sie unter R\u00fchren So\u00dfenpulver auf die gew\u00fcnschte Dicke hinzu.<br \/>\n2) Lassen Sie die So\u00dfe unter gelegentlichem R\u00fchren weitere 1 Minute einwirken. durchkochen. F\u00fcr eine dickere So\u00dfe zus\u00e4tzliches So\u00dfenpulver hinzuf\u00fcgen und eine Weile kochen lassen.<br \/>\nVerfahren<br \/>\nPfanne 1 Min.<br \/>\n1) Nehmen Sie so viel Wasser, wie Sie m\u00f6chten, um So\u00dfe zuzubereiten. Bringen Sie dies zum Kochen. Als R\u00fchrso\u00dfenpulver auf die gew\u00fcnschte Dicke geben.<br \/>\n2) Lassen Sie die So\u00dfe vorsichtig 1 Minute einwirken. durchkochen. F\u00fcr eine dickere So\u00dfe zus\u00e4tzliches So\u00dfenpulver hinzuf\u00fcgen und eine Weile kochen lassen.<br \/>\nSuchen Sie nach Rezepten auf maggi.nl<\/p>\n<\/div>\n<\/div>\n<div class=\"jum-collapsible open\" data-v-4fb8929b=\"\" data-v-e49d766c=\"\">\n<div class=\"title-wrapper\" data-v-4fb8929b=\"\">\n<div class=\"title\" data-v-4fb8929b=\"\">Allergen-Warnungen<\/div>\n<\/div>\n<div id=\"jum-collapsible-4\" class=\"content\" data-v-4fb8929b=\"\">\n<ul class=\"mb\">\n<li>Kann Sellerie enthalten<\/li>\n<li>Kann folgende Eier enthalten<\/li>\n<li>Enth\u00e4lt Milch<\/li>\n<li>Kann Senf enthalten<\/li>\n<li>Enth\u00e4lt Weizen<\/li>\n<li>Kann folgendes Soja enthalten<\/li>\n<\/ul>\n<\/div>\n<\/div>\n<div class=\"jum-collapsible open\" data-v-4fb8929b=\"\" data-v-e49d766c=\"\">\n<div class=\"title-wrapper\" data-v-4fb8929b=\"\">\n<h3 class=\"title\">\u00dcber den Hersteller<\/h3>\n<\/div>\n<div id=\"jum-collapsible-6\" class=\"content\" data-v-4fb8929b=\"\"><strong>Marke<\/strong><\/div>\n<div class=\"content\" data-v-4fb8929b=\"\">\n<p>Suchen Sie nach Rezepten auf <a href=\"http:\/\/maggi.nl\" target=\"_blank\" rel=\"noopener\">maggi.nl<\/a><\/p>\n<p><strong>Website<\/strong><\/p>\n<\/div>\n<div class=\"content\" data-v-4fb8929b=\"\">\n<p><a href=\"http:\/\/nestle.nl\" target=\"_blank\" rel=\"noopener\">nestle.nl<\/a>| <a href=\"http:\/\/maggi.nl\" target=\"_blank\" rel=\"noopener\">maggi.nl<\/a><\/p>\n<p><strong>Adresse<\/strong><\/p>\n<\/div>\n<div class=\"content\" data-v-4fb8929b=\"\">\n<p>Nestl\u00e9 Niederlande<br \/>\nPostfach 134<br \/>\nNL-1180 AC Amstelveen<\/p>\n<\/div>\n<\/div>\n","protected":false},"excerpt":{"rendered":"<p>Produktinformationen zu: Maggi Natural Sauce dosierbar Inhaltsstoffe von: Maggi Natural Sauce dosierbar Kartoffelst\u00e4rke Maisst\u00e4rke Maltodextrin Salz Gem\u00fcse (Tomaten (7,7%), rote Paprika, Zwiebeln) Hefeextrakt Karamellisierter Zucker Milchproteine Aromen (bevat Weizen) Geschmacksverst\u00e4rker (E621) Sonnenblumen\u00f6l N\u00e4hrwerte von: Maggi Natural Sauce dosierbar N\u00e4hrwerte Pro 100g (unzubereitet) Zubereitet pro Portion** 50ml %RI* Energie 1419kJ 85kJ 1% 335kcal 20kcal 1% Fette [&#8230;]\n","protected":false},"featured_media":122837,"template":"","meta":{"_acf_changed":false,"_aipt_faq_data":""},"product_brand":[14749],"product_cat":[14751,14472,14475],"product_tag":[],"class_list":{"0":"post-150158","1":"product","2":"type-product","3":"status-publish","4":"has-post-thumbnail","6":"product_brand-maggi-de","7":"product_cat-bratensose","8":"product_cat-saucen-gewuerze","9":"product_cat-sosse","10":"pa_artikelnummer-1577-de","12":"first","13":"onbackorder","14":"taxable","15":"shipping-taxable","16":"purchasable","17":"product-type-simple"},"bundled_by":[],"bundle_stock_status":"onbackorder","bundle_stock_quantity":null,"bundle_virtual":false,"bundle_layout":"","bundle_add_to_cart_form_location":"","bundle_editable_in_cart":false,"bundle_sold_individually_context":"","bundle_item_grouping":"","bundle_min_size":"","bundle_max_size":"","bundle_price":[],"bundled_items":[],"bundle_sell_ids":[],"acf":{"content":"180 gr"},"_links":{"self":[{"href":"https:\/\/staging.realdutchfood.com\/de\/wp-json\/wp\/v2\/product\/150158","targetHints":{"allow":["GET"]}}],"collection":[{"href":"https:\/\/staging.realdutchfood.com\/de\/wp-json\/wp\/v2\/product"}],"about":[{"href":"https:\/\/staging.realdutchfood.com\/de\/wp-json\/wp\/v2\/types\/product"}],"wp:featuredmedia":[{"embeddable":true,"href":"https:\/\/staging.realdutchfood.com\/de\/wp-json\/wp\/v2\/media\/122837"}],"wp:attachment":[{"href":"https:\/\/staging.realdutchfood.com\/de\/wp-json\/wp\/v2\/media?parent=150158"}],"wp:term":[{"taxonomy":"product_brand","embeddable":true,"href":"https:\/\/staging.realdutchfood.com\/de\/wp-json\/wp\/v2\/product_brand?post=150158"},{"taxonomy":"product_cat","embeddable":true,"href":"https:\/\/staging.realdutchfood.com\/de\/wp-json\/wp\/v2\/product_cat?post=150158"},{"taxonomy":"product_tag","embeddable":true,"href":"https:\/\/staging.realdutchfood.com\/de\/wp-json\/wp\/v2\/product_tag?post=150158"}],"curies":[{"name":"wp","href":"https:\/\/api.w.org\/{rel}","templated":true}]}}