{"id":150159,"date":"2016-12-17T12:06:02","date_gmt":"2016-12-17T11:06:02","guid":{"rendered":"https:\/\/realdutchfood.com\/bonne-maman-aprikosen-confiture\/"},"modified":"2023-05-18T22:11:00","modified_gmt":"2023-05-18T20:11:00","slug":"bonne-maman-aprikosen-confiture","status":"publish","type":"product","link":"https:\/\/staging.realdutchfood.com\/de\/bonne-maman-aprikosen-confiture\/","title":{"rendered":"Bonne Maman Aprikosen Confiture"},"content":{"rendered":"<div class=\"jum-nutritional-info jum-product-info-item\">\n<h2>Umfangreiche Produktinformationen zu: Bonne Maman Aprikosen-Confiture<\/h2>\n<p>Zubereitet mit 50 Gramm Fr\u00fcchten pro 100 Gramm. Gesamtzuckergehalt 60 Gramm pro 100 Gramm. Glutenfrei. <a href=\"https:\/\/staging.realdutchfood.com\/de\/konfiture\/\">Aprikosen-Extra-Marmelade<\/a><\/p>\n<\/div>\n<div class=\"jum-nutritional-info jum-product-info-item\">\n<p>Aprikosen-Extra-Marmelade<br \/>\nDie Bonne Maman Conservs sind perfekt f\u00fcr Ihren Fr\u00fchst\u00fcckstisch, Nachmittagstee oder Backen. Aprikose ist voller saftiger, reifer Fr\u00fcchte und eine lebendige und k\u00f6stliche Marmelade.<br \/>\nDie gro\u00dfe Auswahl an Konserven, die von Bonne Maman zubereitet werden, ist eine k\u00f6stliche Erg\u00e4nzung f\u00fcr jede Speisekammer. Ob auf Toast, Croissants und Scones oder als Zutat in Kuchen und Desserts \u2013 Bonne Maman macht jeden Anlass zu einem k\u00f6stlichen Erlebnis.<br \/>\nFrei von k\u00fcnstlichen Substanzen, Gluten, GVO und f\u00fcr Vegetarier geeignet<\/p>\n<\/div>\n<div class=\"jum-ingredients-info jum-product-info-item\">\n<h3>Zutaten von: Bonne Maman Aprikosen-Konfit\u00fcre<\/h3>\n<ul>\n<li>Aprikosen<\/li>\n<li>Zucker<\/li>\n<li>Rohrzucker<\/li>\n<li>konzentrierter Zitronensaft<\/li>\n<li>Geliermittel: Fruchtpektin<\/li>\n<li>Zubereitet mit 50 Gramm Aprikosen pro 100 Gramm.<\/li>\n<li>Gesamtzuckergehalt 60 Gramm pro 100 Gramm.<\/li>\n<\/ul>\n<\/div>\n<div class=\"title-wrapper\" data-v-0ec7390e=\"\">\n<h3 class=\"title\">\u00dcber den Hersteller<\/h3>\n<\/div>\n<div id=\"jum-collapsible-4\" class=\"content\" data-v-0ec7390e=\"\">\n<p><strong>Marke<\/strong><\/p>\n<p>Bonne Maman<\/p>\n<p><strong>Website<\/strong><\/p>\n<p><a href=\"https:\/\/www.bonnemaman.nl\/\" target=\"_blank\" rel=\"noopener\">https:\/\/www.bonnemaman.nl\/<\/a><\/p>\n<\/div>\n","protected":false},"excerpt":{"rendered":"<p>Umfangreiche Produktinformationen zu: Bonne Maman Aprikosen-Confiture Zubereitet mit 50 Gramm Fr\u00fcchten pro 100 Gramm. Gesamtzuckergehalt 60 Gramm pro 100 Gramm. Glutenfrei. Aprikosen-Extra-Marmelade Aprikosen-Extra-Marmelade Die Bonne Maman Conservs sind perfekt f\u00fcr Ihren Fr\u00fchst\u00fcckstisch, Nachmittagstee oder Backen. Aprikose ist voller saftiger, reifer Fr\u00fcchte und eine lebendige und k\u00f6stliche Marmelade. Die gro\u00dfe Auswahl an Konserven, die von Bonne [&#8230;]\n","protected":false},"featured_media":189408,"template":"","meta":{"_acf_changed":false,"_aipt_faq_data":""},"product_brand":[15323],"product_cat":[14528,14479,14569],"product_tag":[],"class_list":{"0":"post-150159","1":"product","2":"type-product","3":"status-publish","4":"has-post-thumbnail","6":"product_brand-bonne-maman-de","7":"product_cat-brotbelag","8":"product_cat-fruehstueck","9":"product_cat-konfiture","10":"pa_artikelnummer-3546-de","11":"pa_dieet_allergie_biologisch-vegan-de","13":"first","14":"onbackorder","15":"taxable","16":"shipping-taxable","17":"purchasable","18":"product-type-simple"},"bundled_by":[],"bundle_stock_status":"onbackorder","bundle_stock_quantity":null,"bundle_virtual":false,"bundle_layout":"","bundle_add_to_cart_form_location":"","bundle_editable_in_cart":false,"bundle_sold_individually_context":"","bundle_item_grouping":"","bundle_min_size":"","bundle_max_size":"","bundle_price":[],"bundled_items":[],"bundle_sell_ids":[],"acf":{"content":"370 gr"},"_links":{"self":[{"href":"https:\/\/staging.realdutchfood.com\/de\/wp-json\/wp\/v2\/product\/150159","targetHints":{"allow":["GET"]}}],"collection":[{"href":"https:\/\/staging.realdutchfood.com\/de\/wp-json\/wp\/v2\/product"}],"about":[{"href":"https:\/\/staging.realdutchfood.com\/de\/wp-json\/wp\/v2\/types\/product"}],"wp:featuredmedia":[{"embeddable":true,"href":"https:\/\/staging.realdutchfood.com\/de\/wp-json\/wp\/v2\/media\/189408"}],"wp:attachment":[{"href":"https:\/\/staging.realdutchfood.com\/de\/wp-json\/wp\/v2\/media?parent=150159"}],"wp:term":[{"taxonomy":"product_brand","embeddable":true,"href":"https:\/\/staging.realdutchfood.com\/de\/wp-json\/wp\/v2\/product_brand?post=150159"},{"taxonomy":"product_cat","embeddable":true,"href":"https:\/\/staging.realdutchfood.com\/de\/wp-json\/wp\/v2\/product_cat?post=150159"},{"taxonomy":"product_tag","embeddable":true,"href":"https:\/\/staging.realdutchfood.com\/de\/wp-json\/wp\/v2\/product_tag?post=150159"}],"curies":[{"name":"wp","href":"https:\/\/api.w.org\/{rel}","templated":true}]}}