{"id":150194,"date":"2016-11-19T20:18:38","date_gmt":"2016-11-19T19:18:38","guid":{"rendered":"https:\/\/realdutchfood.com\/dr-oetker-taartina-taartjei-helder\/"},"modified":"2023-06-11T14:45:40","modified_gmt":"2023-06-11T12:45:40","slug":"dr-oetker-taartina-taartjei-helder","status":"publish","type":"product","link":"https:\/\/staging.realdutchfood.com\/de\/dr-oetker-taartina-taartjei-helder\/","title":{"rendered":"Dr. Oetker Taartina Taartjei Helder"},"content":{"rendered":"<div class=\"jum-summary-description\">\n<div class=\"jum-collapsible open\" data-v-410e9d19=\"\" data-v-6d4f1d38=\"\">\n<div class=\"title-wrapper\" data-v-410e9d19=\"\">\n<h3 class=\"title\">Inhaltsstoffe Dr. Oetker Taartina Taartjei Helder<\/h3>\n<\/div>\n<div data-v-410e9d19=\"\">\n<div id=\"jum-collapsible-0\" class=\"content\" data-v-410e9d19=\"\">\n<ul class=\"mb\">\n<li>St\u00e4rke<\/li>\n<li>Verdickungsmittel (Carrageen)<\/li>\n<li>S\u00e4uerungsmittel (E336)<\/li>\n<li>Festigungsmittel (E508)<\/li>\n<\/ul>\n<\/div>\n<\/div>\n<\/div>\n<div class=\"jum-collapsible open\" data-v-410e9d19=\"\" data-v-6d4f1d38=\"\">\n<div class=\"title-wrapper\" data-v-410e9d19=\"\">\n<h3 class=\"title\">Produktinformation Dr. Oetker Taartina Taartjei Helder<\/h3>\n<\/div>\n<div data-v-410e9d19=\"\">\n<div id=\"jum-collapsible-1\" class=\"content\" data-v-410e9d19=\"\">\n<div class=\"mb\">\n<p class=\"block\">Kuchengelee klar<\/p>\n<p class=\"block\">Das Kuchengelee von Taartina verleiht den Fr\u00fcchten einen sch\u00f6nen Glanz und ist leicht zu schneiden.<\/p>\n<p>Eine Packung Dr. Oetker Taartina enth\u00e4lt 5 Beutel \u00e0 12 Gramm. 1 Beutel Taartina reicht f\u00fcr 200-250 ml Fruchtsaft oder Wasser.<\/p>\n<p>M\u00f6chten Sie Kuchengelee mit einer Farbe machen? Dies kann mit Limonade erfolgen. Halten Sie die Wassermenge auf der Packung und f\u00fcgen Sie die Limonade hinzu. Die Menge an Limonade h\u00e4ngt von der Farbe des Kuchengelees ab, das Sie erhalten m\u00f6chten.<\/p>\n<\/div>\n<\/div>\n<\/div>\n<\/div>\n<div class=\"jum-collapsible open\" data-v-410e9d19=\"\" data-v-6d4f1d38=\"\">\n<div class=\"title-wrapper\" data-v-410e9d19=\"\">\n<h3 class=\"title\">Zubereitungsmethode Dr. Oetker Taartina Taartjei Helder<\/h3>\n<\/div>\n<div data-v-410e9d19=\"\">\n<div id=\"jum-collapsible-2\" class=\"content\" data-v-410e9d19=\"\">\n<p>Dr. Oetker Taartina klar f\u00fcr 200-250 ml. Fruchtsaft oder Wasser (200 ml. f\u00fcr ein festeres Gelee)<br \/>\nNehmen Sie 200 oder 250 ml. Fruchtsaft oder Wasser 3 EL. R\u00fchren Sie den Inhalt dieses Beutels ein. Die restliche Fl\u00fcssigkeit zum Kochen bringen. Bei Verwendung von Wasser ca. 2 EL. Zucker hinzuf\u00fcgen.<\/p>\n<\/div>\n<\/div>\n<\/div>\n<div class=\"jum-collapsible open\" data-v-410e9d19=\"\" data-v-6d4f1d38=\"\">\n<div class=\"title-wrapper\" data-v-410e9d19=\"\">\n<div class=\"title\" data-v-410e9d19=\"\">Lagerung &amp; Nutzung<\/div>\n<\/div>\n<div data-v-410e9d19=\"\">\n<div id=\"jum-collapsible-3\" class=\"content\" data-v-410e9d19=\"\"><strong>Erhalten<\/strong> Mindestens haltbar bis: siehe Verpackung.<br \/>\nK\u00fchl und trocken lagern.<\/div>\n<\/div>\n<\/div>\n<div class=\"jum-collapsible open\" data-v-410e9d19=\"\" data-v-6d4f1d38=\"\">\n<div class=\"title-wrapper\" data-v-410e9d19=\"\">\n<div class=\"title\" data-v-410e9d19=\"\">\u00dcber den Hersteller<\/div>\n<\/div>\n<div data-v-410e9d19=\"\">\n<div id=\"jum-collapsible-4\" class=\"content\" data-v-410e9d19=\"\">\n<p><strong>Webseite<\/strong>www.bakken.nl<\/p>\n<p><strong>Adresse<\/strong>Dr. Oetker<br \/>\nAntwortnummer: 7204<br \/>\n3800 TE Amersfoort<\/p>\n<p><strong>Telefonnummer<\/strong>: 0800-0220770<\/p>\n<\/div>\n<\/div>\n<\/div>\n<div class=\"jum-collapsible open\" data-v-410e9d19=\"\" data-v-6d4f1d38=\"\">\n<div class=\"title-wrapper\" data-v-410e9d19=\"\">\n<div class=\"title\" data-v-410e9d19=\"\">Ursprung<\/div>\n<\/div>\n<div data-v-410e9d19=\"\">\n<div id=\"jum-collapsible-5\" class=\"content\" data-v-410e9d19=\"\"><strong>Land der<\/strong><\/div>\n<\/div>\n<\/div>\n<\/div>\n","protected":false},"excerpt":{"rendered":"<p>Inhaltsstoffe Dr. Oetker Taartina Taartjei Helder St\u00e4rke Verdickungsmittel (Carrageen) S\u00e4uerungsmittel (E336) Festigungsmittel (E508) Produktinformation Dr. Oetker Taartina Taartjei Helder Kuchengelee klar Das Kuchengelee von Taartina verleiht den Fr\u00fcchten einen sch\u00f6nen Glanz und ist leicht zu schneiden. Eine Packung Dr. Oetker Taartina enth\u00e4lt 5 Beutel \u00e0 12 Gramm. 1 Beutel Taartina reicht f\u00fcr 200-250 ml Fruchtsaft [&#8230;]\n","protected":false},"featured_media":150202,"template":"","meta":{"_acf_changed":false,"_aipt_faq_data":""},"product_brand":[14760],"product_cat":[14535,14538],"product_tag":[],"class_list":{"0":"post-150194","1":"product","2":"type-product","3":"status-publish","4":"has-post-thumbnail","6":"product_brand-dr-oetker-de","7":"product_cat-backwaren-und-backmischungen","8":"product_cat-backzutaten","9":"pa_artikelnummer-960-de","11":"first","12":"onbackorder","13":"taxable","14":"shipping-taxable","15":"purchasable","16":"product-type-simple"},"bundled_by":[],"bundle_stock_status":"onbackorder","bundle_stock_quantity":null,"bundle_virtual":false,"bundle_layout":"","bundle_add_to_cart_form_location":"","bundle_editable_in_cart":false,"bundle_sold_individually_context":"","bundle_item_grouping":"","bundle_min_size":"","bundle_max_size":"","bundle_price":[],"bundled_items":[],"bundle_sell_ids":[],"acf":{"content":"5 x 12 gr"},"_links":{"self":[{"href":"https:\/\/staging.realdutchfood.com\/de\/wp-json\/wp\/v2\/product\/150194","targetHints":{"allow":["GET"]}}],"collection":[{"href":"https:\/\/staging.realdutchfood.com\/de\/wp-json\/wp\/v2\/product"}],"about":[{"href":"https:\/\/staging.realdutchfood.com\/de\/wp-json\/wp\/v2\/types\/product"}],"wp:featuredmedia":[{"embeddable":true,"href":"https:\/\/staging.realdutchfood.com\/de\/wp-json\/wp\/v2\/media\/150202"}],"wp:attachment":[{"href":"https:\/\/staging.realdutchfood.com\/de\/wp-json\/wp\/v2\/media?parent=150194"}],"wp:term":[{"taxonomy":"product_brand","embeddable":true,"href":"https:\/\/staging.realdutchfood.com\/de\/wp-json\/wp\/v2\/product_brand?post=150194"},{"taxonomy":"product_cat","embeddable":true,"href":"https:\/\/staging.realdutchfood.com\/de\/wp-json\/wp\/v2\/product_cat?post=150194"},{"taxonomy":"product_tag","embeddable":true,"href":"https:\/\/staging.realdutchfood.com\/de\/wp-json\/wp\/v2\/product_tag?post=150194"}],"curies":[{"name":"wp","href":"https:\/\/api.w.org\/{rel}","templated":true}]}}