{"id":150208,"date":"2016-11-26T10:34:03","date_gmt":"2016-11-26T09:34:03","guid":{"rendered":"https:\/\/realdutchfood.com\/jumbo-mix-fuer-keksboden-fuer-kuchen\/"},"modified":"2023-09-17T17:42:43","modified_gmt":"2023-09-17T15:42:43","slug":"jumbo-mix-fuer-keksboden-fuer-kuchen","status":"publish","type":"product","link":"https:\/\/staging.realdutchfood.com\/de\/jumbo-mix-fuer-keksboden-fuer-kuchen\/","title":{"rendered":"Jumbo Mischung f\u00fcr Biskuitboden f\u00fcr Kuchen"},"content":{"rendered":"<h2>Umfangreiche Produktinformationen zu: Jumbo Mischung f\u00fcr Biskuitboden f\u00fcr Kuchen<\/h2>\n<div class=\"jum-nutritional-info jum-product-info-item\">\n<div class=\"jum-collapsible open\" data-v-4fb8929b=\"\" data-v-d6fd914a=\"\">\n<div class=\"title-wrapper\" data-v-4fb8929b=\"\">\n<h3 class=\"title\">Zutaten<\/h3>\n<\/div>\n<div id=\"jum-collapsible-0\" class=\"content\" data-v-4fb8929b=\"\">\n<ul class=\"mb\">\n<li>Zucker<\/li>\n<li>Weizenmehl<\/li>\n<li>Weizenst\u00e4rke<\/li>\n<li>Emulgatoren: E472a und E472b<\/li>\n<li>glukosesirup<\/li>\n<li><strong>Magermilchpulver<\/strong><\/li>\n<li>S\u00e4ureregulator: E450<\/li>\n<li>Backtriebmittel: E500<\/li>\n<li>nat\u00fcrliches Bourbon-Vanille-Aroma<\/li>\n<li>Verdickungsmittel: E415<\/li>\n<li>E = EU-zugelassener Hilfsstoff.<\/li>\n<\/ul>\n<\/div>\n<\/div>\n<div class=\"jum-collapsible nutritions open\" data-v-4fb8929b=\"\" data-v-7f154835=\"\" data-v-d6fd914a=\"\">\n<div class=\"title-wrapper\" data-v-4fb8929b=\"\">\n<h3 class=\"title\">N\u00e4hrwerte Jumbo Mischung f\u00fcr Biskuitboden f\u00fcr Kuchen<\/h3>\n<\/div>\n<div id=\"jum-collapsible-1\" class=\"content\" data-v-4fb8929b=\"\">\n<table class=\"jum-table striped\" data-v-e2cf3b44=\"\" data-v-7f154835=\"\" aria-label=\"Table containing info\">\n<tbody>\n<tr class=\"header-row\" data-v-e2cf3b44=\"\">\n<th class=\"header-column\" data-v-e2cf3b44=\"\">N\u00e4hrwerte<\/th>\n<th class=\"header-column\" data-v-e2cf3b44=\"\">je 100 g zubereitet*:<\/th>\n<\/tr>\n<tr class=\"row\" data-v-7f154835=\"\" data-v-e2cf3b44=\"\">\n<td class=\"column\" data-v-7f154835=\"\" data-v-e2cf3b44=\"\">Energie<\/td>\n<td class=\"column\" data-v-7f154835=\"\" data-v-e2cf3b44=\"\">kJ 1171<\/td>\n<\/tr>\n<tr class=\"row\" data-v-7f154835=\"\" data-v-e2cf3b44=\"\">\n<td class=\"column\" colspan=\"2\" data-v-7f154835=\"\" data-v-e2cf3b44=\"\"><\/td>\n<\/tr>\n<tr class=\"row\" data-v-7f154835=\"\" data-v-e2cf3b44=\"\">\n<td class=\"column\" data-v-7f154835=\"\" data-v-e2cf3b44=\"\">Fette<\/td>\n<td class=\"column\" data-v-7f154835=\"\" data-v-e2cf3b44=\"\">ca. 7,4 g<\/td>\n<\/tr>\n<tr class=\"row\" data-v-7f154835=\"\" data-v-e2cf3b44=\"\">\n<td class=\"column\" data-v-7f154835=\"\" data-v-e2cf3b44=\"\">Davon ges\u00e4ttigte Fetts\u00e4uren<\/td>\n<td class=\"column\" data-v-7f154835=\"\" data-v-e2cf3b44=\"\">ca. 3,3 g<\/td>\n<\/tr>\n<tr class=\"row\" data-v-7f154835=\"\" data-v-e2cf3b44=\"\">\n<td class=\"column\" data-v-7f154835=\"\" data-v-e2cf3b44=\"\">Kohlenhydrate<\/td>\n<td class=\"column\" data-v-7f154835=\"\" data-v-e2cf3b44=\"\">43,6 g<\/td>\n<\/tr>\n<tr class=\"row\" data-v-7f154835=\"\" data-v-e2cf3b44=\"\">\n<td class=\"column\" data-v-7f154835=\"\" data-v-e2cf3b44=\"\">Davon Zucker<\/td>\n<td class=\"column\" data-v-7f154835=\"\" data-v-e2cf3b44=\"\">ca. 22,0 g<\/td>\n<\/tr>\n<tr class=\"row\" data-v-7f154835=\"\" data-v-e2cf3b44=\"\">\n<td class=\"column\" data-v-7f154835=\"\" data-v-e2cf3b44=\"\">Faser<\/td>\n<td class=\"column\" data-v-7f154835=\"\" data-v-e2cf3b44=\"\">0,8 g<\/td>\n<\/tr>\n<tr class=\"row\" data-v-7f154835=\"\" data-v-e2cf3b44=\"\">\n<td class=\"column\" data-v-7f154835=\"\" data-v-e2cf3b44=\"\">Proteine<\/td>\n<td class=\"column\" data-v-7f154835=\"\" data-v-e2cf3b44=\"\">ca. 8,8 g<\/td>\n<\/tr>\n<tr class=\"row\" data-v-7f154835=\"\" data-v-e2cf3b44=\"\">\n<td class=\"column\" data-v-7f154835=\"\" data-v-e2cf3b44=\"\">Salz<\/td>\n<td class=\"column\" data-v-7f154835=\"\" data-v-e2cf3b44=\"\">0,7 g<\/td>\n<\/tr>\n<tr class=\"row\" data-v-7f154835=\"\" data-v-e2cf3b44=\"\">\n<td class=\"column\" colspan=\"2\" data-v-7f154835=\"\" data-v-e2cf3b44=\"\">* Zubereitet nach der allgemeinen Zubereitungsmethode.<\/td>\n<\/tr>\n<\/tbody>\n<\/table>\n<\/div>\n<\/div>\n<div class=\"jum-collapsible\" data-v-4fb8929b=\"\" data-v-d6fd914a=\"\">\n<div class=\"title-wrapper\" data-v-4fb8929b=\"\">\n<div class=\"title\" data-v-4fb8929b=\"\"><\/div>\n<\/div>\n<\/div>\n<div class=\"jum-collapsible open\" data-v-4fb8929b=\"\" data-v-1fa7cae0=\"\" data-v-d6fd914a=\"\">\n<div class=\"title-wrapper\" data-v-4fb8929b=\"\">\n<h3 class=\"title\">Allergiewarnungen<\/h3>\n<\/div>\n<div id=\"jum-collapsible-3\" class=\"content\" data-v-4fb8929b=\"\">\n<p class=\"jum-heading h6\">Enth\u00e4lt:<\/p>\n<ul class=\"jum-list contains\" role=\"\" data-v-8e5d626a=\"\" data-v-1fa7cae0=\"\">\n<li data-v-8e5d626a=\"\" data-v-1fa7cae0=\"\">Milch<\/li>\n<li data-v-8e5d626a=\"\" data-v-1fa7cae0=\"\">Weizen<\/li>\n<li data-v-8e5d626a=\"\" data-v-1fa7cae0=\"\">Gluten<\/li>\n<\/ul>\n<p class=\"jum-heading h6\">Kann umfassen:<\/p>\n<ul class=\"jum-list\" role=\"\" data-v-8e5d626a=\"\" data-v-1fa7cae0=\"\">\n<li data-v-8e5d626a=\"\" data-v-1fa7cae0=\"\">N\u00fcsse<\/li>\n<\/ul>\n<\/div>\n<\/div>\n<div class=\"jum-collapsible\" data-v-4fb8929b=\"\" data-v-d6fd914a=\"\">\n<div class=\"title-wrapper\" data-v-4fb8929b=\"\">\n<h3 class=\"title\">\u00dcber den Hersteller<\/h3>\n<\/div>\n<\/div>\n<div class=\"jum-collapsible open\" data-v-4fb8929b=\"\" data-v-d6fd914a=\"\">\n<div id=\"jum-collapsible-5\" class=\"content\" data-v-4fb8929b=\"\"><strong>Website<\/strong><\/div>\n<div class=\"content\" data-v-4fb8929b=\"\">\n<p><a href=\"http:\/\/jumbo.com\" target=\"_blank\" rel=\"noopener\">jumbo.com<\/a><\/p>\n<p><strong>Adresse<\/strong><\/p>\n<\/div>\n<div class=\"content\" data-v-4fb8929b=\"\">\n<p>Jumbo Supermarkets B.V.<br \/>\nAntwortnummer: 10072<br \/>\nNL-5460 VB Veghel<\/p>\n<\/div>\n<\/div>\n<\/div>\n","protected":false},"excerpt":{"rendered":"<p>Umfangreiche Produktinformationen zu: Jumbo Mischung f\u00fcr Biskuitboden f\u00fcr Kuchen Zutaten Zucker Weizenmehl Weizenst\u00e4rke Emulgatoren: E472a und E472b glukosesirup Magermilchpulver S\u00e4ureregulator: E450 Backtriebmittel: E500 nat\u00fcrliches Bourbon-Vanille-Aroma Verdickungsmittel: E415 E = EU-zugelassener Hilfsstoff. N\u00e4hrwerte Jumbo Mischung f\u00fcr Biskuitboden f\u00fcr Kuchen N\u00e4hrwerte je 100 g zubereitet*: Energie kJ 1171 Fette ca. 7,4 g Davon ges\u00e4ttigte Fetts\u00e4uren ca. 3,3 [&#8230;]\n","protected":false},"featured_media":130650,"template":"","meta":{"_acf_changed":false,"_aipt_faq_data":""},"product_brand":[14474],"product_cat":[17223,14535,14603],"product_tag":[],"class_list":{"0":"post-150208","1":"product","2":"type-product","3":"status-publish","4":"has-post-thumbnail","6":"product_brand-jumbo-de","7":"product_cat-andere-backmischung","8":"product_cat-backwaren-und-backmischungen","9":"product_cat-kuchen-backwaren-und-backmischungen","10":"pa_artikelnummer-947-de","12":"first","13":"onbackorder","14":"taxable","15":"shipping-taxable","16":"purchasable","17":"product-type-simple"},"bundled_by":[],"bundle_stock_status":"onbackorder","bundle_stock_quantity":null,"bundle_virtual":false,"bundle_layout":"","bundle_add_to_cart_form_location":"","bundle_editable_in_cart":false,"bundle_sold_individually_context":"","bundle_item_grouping":"","bundle_min_size":"","bundle_max_size":"","bundle_price":[],"bundled_items":[],"bundle_sell_ids":[],"acf":{"content":"250gr"},"_links":{"self":[{"href":"https:\/\/staging.realdutchfood.com\/de\/wp-json\/wp\/v2\/product\/150208","targetHints":{"allow":["GET"]}}],"collection":[{"href":"https:\/\/staging.realdutchfood.com\/de\/wp-json\/wp\/v2\/product"}],"about":[{"href":"https:\/\/staging.realdutchfood.com\/de\/wp-json\/wp\/v2\/types\/product"}],"wp:featuredmedia":[{"embeddable":true,"href":"https:\/\/staging.realdutchfood.com\/de\/wp-json\/wp\/v2\/media\/130650"}],"wp:attachment":[{"href":"https:\/\/staging.realdutchfood.com\/de\/wp-json\/wp\/v2\/media?parent=150208"}],"wp:term":[{"taxonomy":"product_brand","embeddable":true,"href":"https:\/\/staging.realdutchfood.com\/de\/wp-json\/wp\/v2\/product_brand?post=150208"},{"taxonomy":"product_cat","embeddable":true,"href":"https:\/\/staging.realdutchfood.com\/de\/wp-json\/wp\/v2\/product_cat?post=150208"},{"taxonomy":"product_tag","embeddable":true,"href":"https:\/\/staging.realdutchfood.com\/de\/wp-json\/wp\/v2\/product_tag?post=150208"}],"curies":[{"name":"wp","href":"https:\/\/api.w.org\/{rel}","templated":true}]}}