{"id":150531,"date":"2013-05-12T19:31:54","date_gmt":"2013-05-12T17:31:54","guid":{"rendered":"https:\/\/realdutchfood.com\/nutrilon-kleinkindmilch-4\/"},"modified":"2026-03-20T14:08:42","modified_gmt":"2026-03-20T13:08:42","slug":"nutrilon-kleinkindmilch-4","status":"publish","type":"product","link":"https:\/\/staging.realdutchfood.com\/de\/nutrilon-kleinkindmilch-4\/","title":{"rendered":"Nutrilon Kleinkindmilch 4"},"content":{"rendered":"<p>Nutrilon Kleinkindmilch 4 ist optimal auf die Bed\u00fcrfnisse von Kindern ab einem Jahr abgestimmt und unterst\u00fctzt eine abwechslungsreiche, gesunde Ern\u00e4hrung. Diese speziell entwickelte Milchpulverformel liefert essenzielle N\u00e4hrstoffe, die die normale Entwicklung Ihres Kindes f\u00f6rdern.<\/p>\n<p>Viele Eltern suchen eine zuverl\u00e4ssige Ern\u00e4hrungsl\u00f6sung f\u00fcr ihr Kleinkind, die \u00fcber einfache Milch hinausgeht. Nutrilon Kleinkindmilch 4 kombiniert bew\u00e4hrte Rezepturen mit nat\u00fcrlichen Zutaten, damit Ihr Kind bestens versorgt ist.<\/p>\n<h3>Produktmerkmale und Vorteile<\/h3>\n<ul>\n<li><strong>Nat\u00fcrliche 3&#8217;GL-Fasern:<\/strong> Diese aus einem patentierten Fermentationsverfahren gewonnenen Fasern unterst\u00fctzen die Verdauung und f\u00f6rdern eine gesunde Darmflora.<\/li>\n<li><strong>Reich an Eisen:<\/strong> Eisen ist entscheidend f\u00fcr die kognitive Entwicklung. Nutrilon Kleinkindmilch 4 enth\u00e4lt eine angepasste Menge, um das Wachstum und Lernen Ihres Kindes zu unterst\u00fctzen.<\/li>\n<li><strong>Optimale Fettzusammensetzung:<\/strong> Enth\u00e4lt eine ausgewogene Mischung aus ges\u00e4ttigten, einfach und mehrfach unges\u00e4ttigten Fetts\u00e4uren inklusive DHA, die f\u00fcr die Gehirnentwicklung wichtig sind.<\/li>\n<li><strong>Enth\u00e4lt wichtige Vitamine und Mineralstoffe:<\/strong> Vitamin A, D, E, K, B-Vitamine, Zink und andere essentielle N\u00e4hrstoffe sind enthalten, um das Immunsystem und den Stoffwechsel Ihres Kindes zu st\u00e4rken.<\/li>\n<li><strong>Praktische 800 g Verpackung:<\/strong> Gen\u00fcgend Inhalt f\u00fcr mehrere Wochen, ideal f\u00fcr den t\u00e4glichen Gebrauch und einfache Portionierung.<\/li>\n<\/ul>\n<h3>Zutaten<\/h3>\n<p>Laktose (Milch), Magermilch, Maltodextrin, Galacto-Oligosaccharide (Milch), Molkenerzeugnis (Milch) (demineralisierte Molke, Molkenproteinkonzentrat), Raps\u00f6l, Sonnenblumen\u00f6l, Sonnenblumen\u00f6l mit hohem \u00d6ls\u00e4uregehalt, Kokos\u00f6l, Tricalciumphosphat, Fructo-Oligosaccharide, Calciumcarbonat, Fisch\u00f6l, Kaliumcitrat, Magnesiumhydrogenphosphat, Natriumcitrat, Kaliumchlorid, L-Ascorbins\u00e4ure, Emulgator (Sojalecithin), Cholinchlorid, Eisensulfat, Inosit, Magnesiumchlorid, Natrium-L-Ascorbat, Zinksulfat, Antioxidans (Ascorbylpalmitat), Calcium-D-Pantothenat, DL-\u03b1-Tocopherylacetat, Aroma (Milch), Nicotinamid, Riboflavin, Retinylpalmitat, Cholecalciferol, Pyridoxinhydrochlorid, Thiaminhydrochlorid, Kaliumiodid, Pteroylmonoglutamins\u00e4ure, Phytomenadion, D-Biotin, Cyanocobalamin.<\/p>\n<h3>Allergene<\/h3>\n<p>Enth\u00e4lt Fisch, Milch und Soja.<\/p>\n<h3>Ern\u00e4hrungswerte pro 100 g Pulver<\/h3>\n<ul>\n<li>Energie: 1900 kJ \/ 453 kcal<\/li>\n<li>Fette: 19,0 g (davon ges\u00e4ttigte Fetts\u00e4uren 5,2 g, einfach unges\u00e4ttigte 8,8 g, mehrfach unges\u00e4ttigte 5,1 g)<\/li>\n<li>Linols\u00e4ure: 4200 mg<\/li>\n<li>\u03b1-Linolens\u00e4ure: 460 mg<\/li>\n<li>Docosahexaens\u00e4ure (DHA): 80 mg<\/li>\n<li>Kohlenhydrate: 59,6 g (davon Zucker 44,4 g, Milchzucker 41,6 g)<\/li>\n<li>Ballaststoffe: 4,0 g (Galacto-Oligosaccharide 3,4 g, Fructo-Oligosaccharide 0,56 g, 3&#8217;GL 70 mg)<\/li>\n<li>Proteine: 9,1 g<\/li>\n<li>Vitamin A: 516 \u00b5g<\/li>\n<li>Vitamin D: 23 \u00b5g<\/li>\n<li>Vitamin E: 10 mg<\/li>\n<li>Vitamin K: 46 \u00b5g<\/li>\n<li>Thiamin: 0,29 mg<\/li>\n<li>Riboflavin: 1,6 mg<\/li>\n<li>Niacin: 1,7 mg<\/li>\n<li>Pantothens\u00e4ure: 4,22 mg<\/li>\n<li>Vitamin B6: 0,452 mg<\/li>\n<li>Folat: 500 \u00b5g<\/li>\n<li>Vitamin B12: 2,2 \u00b5g<\/li>\n<li>Biotin: 11 \u00b5g<\/li>\n<li>Ascorbins\u00e4ure: 99 mg<\/li>\n<li>Natrium: 178 mg<\/li>\n<li>Kalium: 696 mg<\/li>\n<li>Chlorid: 355 mg<\/li>\n<li>Kalzium: 837 mg<\/li>\n<li>Phosphor: 459 mg<\/li>\n<li>Magnesium: 68 mg<\/li>\n<li>Eisen: 9,1 mg<\/li>\n<li>Zink: 2,7 mg<\/li>\n<li>Jod: 109 \u00b5g<\/li>\n<\/ul>\n<p>Nutrilon Kleinkindmilch 4 ist eine bew\u00e4hrte Wahl f\u00fcr Eltern, die eine nahrhafte Erg\u00e4nzung zur Ern\u00e4hrung ihrer Kleinkinder suchen. Die Kombination aus wichtigen Vitaminen, Mineralien und speziell entwickelten Fasern unterst\u00fctzt eine gesunde Entwicklung und kann problemlos in den Alltag integriert werden. Durch die praktische Packungsgr\u00f6\u00dfe ist die Milch ideal f\u00fcr Familien mit kleinen Kindern, die Wert auf eine ausgewogene Ern\u00e4hrung legen.<\/p>\n<p>F\u00fcr Fragen steht der Nutricia S\u00e4uglingsern\u00e4hrungsservice rund um die Uhr zur Verf\u00fcgung und begleitet Sie bei der Ern\u00e4hrung Ihres Kindes mit professioneller Beratung.<\/p>\n<p>Mit Nutrilon Kleinkindmilch 4 setzen Sie auf eine Formel, die auf \u00fcber 125 Jahren Forschung in den Niederlanden basiert und speziell auf die Bed\u00fcrfnisse von Kleinkindern abgestimmt ist.<\/p>\n","protected":false},"excerpt":{"rendered":"<p>Speziell entwickelt f\u00fcr Kleinkinder ab 1 Jahr, unterst\u00fctzt diese 800 g Packung Nutrilon Kleinkindmilch 4 eine ausgewogene Ern\u00e4hrung mit wichtigen N\u00e4hrstoffen wie Eisen und nat\u00fcrlichen 3&#039;GL-Fasern. Ideal f\u00fcr den Alltag, um die kognitive Entwicklung Ihres Kindes zu f\u00f6rdern. Die praktische Menge erm\u00f6glicht eine einfache Integration in die t\u00e4gliche Ern\u00e4hrung.<\/p>\n","protected":false},"featured_media":128121,"template":"","meta":{"_acf_changed":false,"_aipt_faq_data":""},"product_brand":[15392],"product_cat":[15029,14791,15370],"product_tag":[],"class_list":{"0":"post-150531","1":"product","2":"type-product","3":"status-publish","4":"has-post-thumbnail","6":"product_brand-nutrilon-de","7":"product_cat-babynahrung-pflege","8":"product_cat-drogeriemarkt","9":"product_cat-saeuglingsmilch","10":"pa_artikelnummer-163-de","12":"first","13":"onbackorder","14":"taxable","15":"shipping-taxable","16":"purchasable","17":"product-type-simple"},"bundled_by":[],"bundle_stock_status":"onbackorder","bundle_stock_quantity":null,"bundle_virtual":false,"bundle_layout":"","bundle_add_to_cart_form_location":"","bundle_editable_in_cart":false,"bundle_sold_individually_context":"","bundle_item_grouping":"","bundle_min_size":"","bundle_max_size":"","bundle_price":[],"bundled_items":[],"bundle_sell_ids":[],"acf":{"content":"800 gr"},"_links":{"self":[{"href":"https:\/\/staging.realdutchfood.com\/de\/wp-json\/wp\/v2\/product\/150531","targetHints":{"allow":["GET"]}}],"collection":[{"href":"https:\/\/staging.realdutchfood.com\/de\/wp-json\/wp\/v2\/product"}],"about":[{"href":"https:\/\/staging.realdutchfood.com\/de\/wp-json\/wp\/v2\/types\/product"}],"wp:featuredmedia":[{"embeddable":true,"href":"https:\/\/staging.realdutchfood.com\/de\/wp-json\/wp\/v2\/media\/128121"}],"wp:attachment":[{"href":"https:\/\/staging.realdutchfood.com\/de\/wp-json\/wp\/v2\/media?parent=150531"}],"wp:term":[{"taxonomy":"product_brand","embeddable":true,"href":"https:\/\/staging.realdutchfood.com\/de\/wp-json\/wp\/v2\/product_brand?post=150531"},{"taxonomy":"product_cat","embeddable":true,"href":"https:\/\/staging.realdutchfood.com\/de\/wp-json\/wp\/v2\/product_cat?post=150531"},{"taxonomy":"product_tag","embeddable":true,"href":"https:\/\/staging.realdutchfood.com\/de\/wp-json\/wp\/v2\/product_tag?post=150531"}],"curies":[{"name":"wp","href":"https:\/\/api.w.org\/{rel}","templated":true}]}}