{"id":150541,"date":"2013-03-27T18:57:07","date_gmt":"2013-03-27T17:57:07","guid":{"rendered":"https:\/\/realdutchfood.com\/zonnatura-reiswaffeln-natur\/"},"modified":"2026-03-20T14:19:16","modified_gmt":"2026-03-20T13:19:16","slug":"zonnatura-reiswaffeln-natur","status":"publish","type":"product","link":"https:\/\/staging.realdutchfood.com\/de\/zonnatura-reiswaffeln-natur\/","title":{"rendered":"Zonnatura Reiswaffeln natur"},"content":{"rendered":"<p>Zonnatura Reiswaffeln natur bieten eine schmackhafte, leichte Basis f\u00fcr ein gesundes Fr\u00fchst\u00fcck oder einen schnellen Snack. Hergestellt aus gepufftem Bio-Naturreis, \u00fcberzeugen sie durch ihre nat\u00fcrliche Knusprigkeit und den milden Geschmack. Als veganes und biologisches Produkt sprechen sie besonders ern\u00e4hrungsbewusste Kunden und alle, die Wert auf nachhaltige Lebensmittel legen, an.<\/p>\n<p>Viele Snacks enthalten Zus\u00e4tze und k\u00fcnstliche Inhaltsstoffe \u2013 hier bietet Zonnatura eine klare Alternative mit nat\u00fcrlichen Zutaten, die f\u00fcr eine ausgewogene Ern\u00e4hrung unterst\u00fctzen. Durch den niedrigen Zuckeranteil sind die Reiswaffeln auch f\u00fcr Menschen geeignet, die auf ihre Zuckerzufuhr achten m\u00f6chten.<\/p>\n<h3>Produkteigenschaften und Vorteile<\/h3>\n<ul>\n<li><strong>Biologisch und vegan:<\/strong> Die Reiswaffeln stammen aus kontrolliert biologischem Anbau und sind frei von tierischen Inhaltsstoffen, ideal f\u00fcr eine bewusste Ern\u00e4hrung.<\/li>\n<li><strong>Nat\u00fcrlicher Geschmack:<\/strong> Gefertigt aus 99,8 % braunem Reis und einer Prise Salz \u2013 kein Schnickschnack, daf\u00fcr ein reiner, milder Geschmack.<\/li>\n<li><strong>Leicht und vielseitig:<\/strong> Die knusprigen Waffeln sind die perfekte Grundlage f\u00fcr s\u00fc\u00dfe und herzhafte Bel\u00e4ge, unterst\u00fctzen eine glutenfreie Ern\u00e4hrung und bieten Energie f\u00fcr zwischendurch.<\/li>\n<li><strong>Wenig Zucker und Fett:<\/strong> Mit nur 0,5 g Zucker und 3,2 g Fett pro 100 g sind die Reiswaffeln ideal f\u00fcr eine kalorienbewusste Ern\u00e4hrung.<\/li>\n<\/ul>\n<h3>Inhaltsstoffe<\/h3>\n<p>Brauner Reis 99,8 %, Salz. Zutaten aus kontrolliert biologischem Anbau.<\/p>\n<h3>Allergene<\/h3>\n<p>Kann Spuren von Milch, Soja und Sesam enthalten.<\/p>\n<h3>Ern\u00e4hrungswerte pro 100 g<\/h3>\n<ul>\n<li>Energie: 1665 kJ \/ 393 kcal<\/li>\n<li>Fett: 3,2 g<\/li>\n<li>davon ges\u00e4ttigte Fetts\u00e4uren: 0,9 g<\/li>\n<li>Kohlenhydrate: 82 g<\/li>\n<li>davon Zucker: 0,5 g<\/li>\n<li>Ballaststoffe: 3,1 g<\/li>\n<li>Eiwei\u00df: 7,8 g<\/li>\n<li>Salz: 0,20 g<\/li>\n<\/ul>\n<p>Zonnatura Reiswaffeln natur sind vielseitig einsetzbar: Ob als Basis f\u00fcr Marmelade, K\u00e4se oder Gem\u00fcse, als leichter Snack f\u00fcr unterwegs oder als glutenfreie Alternative zu Brot. Dank ihrer nat\u00fcrlichen Zutaten passen sie zu unterschiedlichsten Ern\u00e4hrungsweisen \u2013 ideal f\u00fcr niederl\u00e4ndische Expats und alle, die authentische, gesunde Produkte suchen.<\/p>\n<p>Bestellen Sie diese biologischen, veganen Reiswaffeln bequem bei Real Dutch Food und genie\u00dfen Sie ein St\u00fcck Heimat mit nat\u00fcrlichem Geschmack, weltweit geliefert.<\/p>\n","protected":false},"excerpt":{"rendered":"<p>Genie\u00dfen Sie einen leichten, knusprigen Snack mit 130 g Zonnatura Reiswaffeln natur, der komplett biologisch und vegan ist. Ideal als glutenfreie Alternative zum Fr\u00fchst\u00fcck oder als gesunder Snack zwischendurch. Die Reiswaffeln bieten nat\u00fcrliche Energie und wenig Zucker \u2013 perfekt f\u00fcr bewusste Ern\u00e4hrung und vielseitigen Genuss.<\/p>\n","protected":false},"featured_media":114938,"template":"","meta":{"_acf_changed":false,"_aipt_faq_data":""},"product_brand":[15237],"product_cat":[14479,15213],"product_tag":[],"class_list":{"0":"post-150541","1":"product","2":"type-product","3":"status-publish","4":"has-post-thumbnail","6":"product_brand-zonnatura","7":"product_cat-fruehstueck","8":"product_cat-reiswaffeln","9":"pa_artikelnummer-50-de","10":"pa_dieet_allergie_biologisch-biologisch-de","11":"pa_dieet_allergie_biologisch-vegan-de","13":"first","14":"onbackorder","15":"taxable","16":"shipping-taxable","17":"purchasable","18":"product-type-simple"},"bundled_by":[],"bundle_stock_status":"onbackorder","bundle_stock_quantity":null,"bundle_virtual":false,"bundle_layout":"","bundle_add_to_cart_form_location":"","bundle_editable_in_cart":false,"bundle_sold_individually_context":"","bundle_item_grouping":"","bundle_min_size":"","bundle_max_size":"","bundle_price":[],"bundled_items":[],"bundle_sell_ids":[],"acf":{"content":"130 g"},"_links":{"self":[{"href":"https:\/\/staging.realdutchfood.com\/de\/wp-json\/wp\/v2\/product\/150541","targetHints":{"allow":["GET"]}}],"collection":[{"href":"https:\/\/staging.realdutchfood.com\/de\/wp-json\/wp\/v2\/product"}],"about":[{"href":"https:\/\/staging.realdutchfood.com\/de\/wp-json\/wp\/v2\/types\/product"}],"wp:featuredmedia":[{"embeddable":true,"href":"https:\/\/staging.realdutchfood.com\/de\/wp-json\/wp\/v2\/media\/114938"}],"wp:attachment":[{"href":"https:\/\/staging.realdutchfood.com\/de\/wp-json\/wp\/v2\/media?parent=150541"}],"wp:term":[{"taxonomy":"product_brand","embeddable":true,"href":"https:\/\/staging.realdutchfood.com\/de\/wp-json\/wp\/v2\/product_brand?post=150541"},{"taxonomy":"product_cat","embeddable":true,"href":"https:\/\/staging.realdutchfood.com\/de\/wp-json\/wp\/v2\/product_cat?post=150541"},{"taxonomy":"product_tag","embeddable":true,"href":"https:\/\/staging.realdutchfood.com\/de\/wp-json\/wp\/v2\/product_tag?post=150541"}],"curies":[{"name":"wp","href":"https:\/\/api.w.org\/{rel}","templated":true}]}}