{"id":169877,"date":"2024-06-10T12:43:19","date_gmt":"2024-06-10T10:43:19","guid":{"rendered":"https:\/\/realdutchfood.com\/?post_type=product&#038;p=169877"},"modified":"2024-06-10T12:59:39","modified_gmt":"2024-06-10T10:59:39","slug":"jumbo-mini-butter-teigbleche","status":"publish","type":"product","link":"https:\/\/staging.realdutchfood.com\/de\/jumbo-mini-butter-teigbleche\/","title":{"rendered":"Jumbo Mini Butter Teigbleche"},"content":{"rendered":"<div class=\"product-information\" data-v-5a9b1845=\"\" data-v-d1ba1b3a=\"\" data-v-d887a814=\"\">\n<div class=\"jum-collapsible open\" data-testid=\"jum-collapsible\" data-v-6b6f3d61=\"\" data-v-5a9b1845=\"\">\n<div class=\"title-wrapper\" data-v-6b6f3d61=\"\">\n<h3 class=\"title\">Zutaten Jumbo Mini Butter Teigbleche<\/h3>\n<\/div>\n<div data-v-6b6f3d61=\"\">\n<div id=\"jum-collapsible-0\" class=\"content\" data-v-6b6f3d61=\"\">\n<p><strong>Weizenmehl<\/strong>, Butterfett 37% (<strong>Milch<\/strong>), Wasser, Salz, pasteurisierte <strong>Vollmilch<\/strong>, Raps\u00f6l, <strong>Milcheiwei\u00df<\/strong>, Erbsenprotein<\/p>\n<\/div>\n<\/div>\n<\/div>\n<div class=\"jum-collapsible nutritions open\" data-testid=\"jum-collapsible\" data-v-6b6f3d61=\"\" data-v-038af5f8=\"\" data-v-5a9b1845=\"\">\n<div class=\"title-wrapper\" data-v-6b6f3d61=\"\">\n<h3 class=\"title\">N\u00e4hrwerte<\/h3>\n<table class=\"striped jum-table\" data-testid=\"nutritional-values-table-content\" data-v-b9926f77=\"\" data-v-68fb0216=\"\">\n<tbody>\n<tr class=\"header-row\" data-v-b9926f77=\"\">\n<th class=\"header-column\" data-v-b9926f77=\"\">N\u00e4hrwerte<\/th>\n<th class=\"header-column\" data-v-b9926f77=\"\">pro 100 g<\/th>\n<th class=\"header-column\" data-v-b9926f77=\"\">pro 6,7 g<\/th>\n<th class=\"header-column\" data-v-b9926f77=\"\">RI*<\/th>\n<\/tr>\n<\/tbody>\n<tbody data-v-68fb0216=\"\">\n<tr class=\"row\" data-v-68fb0216=\"\">\n<td class=\"column\" data-v-68fb0216=\"\">Energie<\/td>\n<td class=\"column\" data-v-68fb0216=\"\">kJ 2364<\/td>\n<td class=\"column\" data-v-68fb0216=\"\">kJ 158<\/td>\n<td class=\"column\" data-v-68fb0216=\"\"><\/td>\n<\/tr>\n<tr class=\"row\" data-v-68fb0216=\"\">\n<td class=\"column\" data-v-68fb0216=\"\"><\/td>\n<td class=\"column\" data-v-68fb0216=\"\">kcal 568<\/td>\n<td class=\"column\" data-v-68fb0216=\"\">KCAL 38<\/td>\n<td class=\"column\" data-v-68fb0216=\"\">2%<\/td>\n<\/tr>\n<tr class=\"row\" data-v-68fb0216=\"\">\n<td class=\"column\" data-v-68fb0216=\"\">Fette<\/td>\n<td class=\"column\" data-v-68fb0216=\"\">ca. 38,2 g<\/td>\n<td class=\"column\" data-v-68fb0216=\"\">2,5 g<\/td>\n<td class=\"column\" data-v-68fb0216=\"\">4%<\/td>\n<\/tr>\n<tr class=\"row\" data-v-68fb0216=\"\">\n<td class=\"column\" data-v-68fb0216=\"\">Davon ges\u00e4ttigte Fetts\u00e4uren<\/td>\n<td class=\"column\" data-v-68fb0216=\"\">ca. 24,1 g<\/td>\n<td class=\"column\" data-v-68fb0216=\"\">ca. 1,6 g<\/td>\n<td class=\"column\" data-v-68fb0216=\"\">8%<\/td>\n<\/tr>\n<tr class=\"row\" data-v-68fb0216=\"\">\n<td class=\"column\" data-v-68fb0216=\"\">Kohlenhydrate<\/td>\n<td class=\"column\" data-v-68fb0216=\"\">46,1 g<\/td>\n<td class=\"column\" data-v-68fb0216=\"\">ca. 3,1 g<\/td>\n<td class=\"column\" data-v-68fb0216=\"\">1%<\/td>\n<\/tr>\n<tr class=\"row\" data-v-68fb0216=\"\">\n<td class=\"column\" data-v-68fb0216=\"\">Davon Zucker<\/td>\n<td class=\"column\" data-v-68fb0216=\"\">1,0 g<\/td>\n<td class=\"column\" data-v-68fb0216=\"\">&lt;0,1 g<\/td>\n<td class=\"column\" data-v-68fb0216=\"\">&lt;1%<\/td>\n<\/tr>\n<tr class=\"row\" data-v-68fb0216=\"\">\n<td class=\"column\" data-v-68fb0216=\"\">Faser<\/td>\n<td class=\"column\" data-v-68fb0216=\"\">ca. 2,1 g<\/td>\n<td class=\"column\" data-v-68fb0216=\"\">0,1 g<\/td>\n<td class=\"column\" data-v-68fb0216=\"\"><\/td>\n<\/tr>\n<tr class=\"row\" data-v-68fb0216=\"\">\n<td class=\"column\" data-v-68fb0216=\"\">Proteine<\/td>\n<td class=\"column\" data-v-68fb0216=\"\">9,0 g<\/td>\n<td class=\"column\" data-v-68fb0216=\"\">0,6 g<\/td>\n<td class=\"column\" data-v-68fb0216=\"\">1%<\/td>\n<\/tr>\n<tr class=\"row\" data-v-68fb0216=\"\">\n<td class=\"column\" data-v-68fb0216=\"\">Salz<\/td>\n<td class=\"column\" data-v-68fb0216=\"\">ca. 1,13 g<\/td>\n<td class=\"column\" data-v-68fb0216=\"\">0,08 g<\/td>\n<td class=\"column\" data-v-68fb0216=\"\">1%<\/td>\n<\/tr>\n<tr class=\"row\" data-v-68fb0216=\"\">\n<td class=\"column\" colspan=\"4\" data-v-68fb0216=\"\">* RI = Referenzmenge eines durchschnittlichen Erwachsenen (8.400 kJ\/2.000 kcal).<\/td>\n<\/tr>\n<tr class=\"row\" data-v-68fb0216=\"\">\n<td class=\"column\" colspan=\"4\" data-v-68fb0216=\"\">Diese Packung enth\u00e4lt 12 Portionen.<\/td>\n<\/tr>\n<\/tbody>\n<\/table>\n<\/div>\n<\/div>\n<div class=\"jum-collapsible open\" data-testid=\"jum-collapsible\" data-v-6b6f3d61=\"\" data-v-5a9b1845=\"\">\n<div class=\"title-wrapper\" data-v-6b6f3d61=\"\">\n<h3 class=\"title\">Produktinformation Jumbo Mini Butter Teigbleche<\/h3>\n<\/div>\n<div data-v-6b6f3d61=\"\">\n<div id=\"jum-collapsible-2\" class=\"content\" data-v-6b6f3d61=\"\">\n<div class=\"mb\">\n<p class=\"block\"><a href=\"https:\/\/staging.realdutchfood.com\/de\/ostern\/\">Bl\u00e4tterteigschalen<\/a><\/p>\n<\/div>\n<\/div>\n<\/div>\n<\/div>\n<div class=\"jum-collapsible open\" data-testid=\"jum-collapsible\" data-v-6b6f3d61=\"\" data-v-5a9b1845=\"\">\n<div class=\"title-wrapper\" data-v-6b6f3d61=\"\">\n<p>Tipp f\u00fcr ein ofenleckeres Teigblech<br \/>\nZiegenk\u00e4se, Walnussst\u00fccke und Honig<br \/>\nLachs, Spinat &amp; Cr\u00e8me fra\u00eeche<\/p>\n<\/div>\n<div data-v-6b6f3d61=\"\">\n<div id=\"jum-collapsible-3\" class=\"content\" data-v-6b6f3d61=\"\">\n<p><span style=\"font-size: 20.16px; color: #333333;\">Allergen-Warnungen<\/span><\/p>\n<\/div>\n<\/div>\n<\/div>\n<div class=\"jum-collapsible open\" data-testid=\"jum-collapsible\" data-v-6b6f3d61=\"\" data-v-1fa7cae0=\"\" data-v-5a9b1845=\"\">\n<div data-v-6b6f3d61=\"\">\n<div id=\"jum-collapsible-4\" class=\"content\" data-v-6b6f3d61=\"\">\n<div class=\"item\" data-v-cfe264b1=\"\"><strong data-v-cfe264b1=\"\">Enth\u00e4lt: <\/strong><span data-v-cfe264b1=\"\">Milch, Weizen, Gluten<\/span><\/div>\n<div class=\"item\" data-v-cfe264b1=\"\"><strong data-v-cfe264b1=\"\">Kann enthalten: <\/strong><span data-v-cfe264b1=\"\">Eier<\/span><\/div>\n<div data-v-cfe264b1=\"\"><\/div>\n<\/div>\n<\/div>\n<\/div>\n<div class=\"jum-collapsible open\" data-testid=\"jum-collapsible\" data-v-6b6f3d61=\"\" data-v-5a9b1845=\"\">\n<div class=\"title-wrapper\" data-v-6b6f3d61=\"\"><\/div>\n<\/div>\n<div class=\"jum-collapsible open\" data-testid=\"jum-collapsible\" data-v-6b6f3d61=\"\" data-v-5a9b1845=\"\">\n<div data-v-6b6f3d61=\"\">\n<div id=\"jum-collapsible-6\" class=\"content\" data-v-6b6f3d61=\"\"><\/div>\n<\/div>\n<\/div>\n<div class=\"jum-collapsible open\" data-testid=\"jum-collapsible\" data-v-6b6f3d61=\"\" data-v-5a9b1845=\"\">\n<div data-v-6b6f3d61=\"\">\n<div id=\"jum-collapsible-7\" class=\"content\" data-v-6b6f3d61=\"\">\n<p>&nbsp;<\/p>\n<\/div>\n<\/div>\n<\/div>\n<\/div>\n","protected":false},"excerpt":{"rendered":"<p>Zutaten Jumbo Mini Butter Teigbleche Weizenmehl, Butterfett 37% (Milch), Wasser, Salz, pasteurisierte Vollmilch, Raps\u00f6l, Milcheiwei\u00df, Erbsenprotein N\u00e4hrwerte N\u00e4hrwerte pro 100 g pro 6,7 g RI* Energie kJ 2364 kJ 158 kcal 568 KCAL 38 2% Fette ca. 38,2 g 2,5 g 4% Davon ges\u00e4ttigte Fetts\u00e4uren ca. 24,1 g ca. 1,6 g 8% Kohlenhydrate 46,1 g [&#8230;]\n","protected":false},"featured_media":169882,"template":"","meta":{"_acf_changed":false,"_aipt_faq_data":""},"product_brand":[14474],"product_cat":[17286,14534,14529,14502,15168,14494,14505],"product_tag":[],"class_list":{"0":"post-169877","1":"product","2":"type-product","3":"status-publish","4":"has-post-thumbnail","6":"product_brand-jumbo-de","7":"product_cat-osterfruehstueck","8":"product_cat-dosenfleisch","9":"product_cat-fleisch-fisch-huhn","10":"product_cat-ostern","11":"product_cat-rautenzeichen","12":"product_cat-saisonale-artikel","13":"product_cat-weihnachten-und-silvester","14":"pa_artikelnummer-1983-de","16":"first","17":"onbackorder","18":"taxable","19":"shipping-taxable","20":"purchasable","21":"product-type-simple"},"bundled_by":[],"bundle_stock_status":"onbackorder","bundle_stock_quantity":null,"bundle_virtual":false,"bundle_layout":"","bundle_add_to_cart_form_location":"","bundle_editable_in_cart":false,"bundle_sold_individually_context":"","bundle_item_grouping":"","bundle_min_size":"","bundle_max_size":"","bundle_price":[],"bundled_items":[],"bundle_sell_ids":[],"acf":{"content":"12 stuks"},"_links":{"self":[{"href":"https:\/\/staging.realdutchfood.com\/de\/wp-json\/wp\/v2\/product\/169877","targetHints":{"allow":["GET"]}}],"collection":[{"href":"https:\/\/staging.realdutchfood.com\/de\/wp-json\/wp\/v2\/product"}],"about":[{"href":"https:\/\/staging.realdutchfood.com\/de\/wp-json\/wp\/v2\/types\/product"}],"wp:featuredmedia":[{"embeddable":true,"href":"https:\/\/staging.realdutchfood.com\/de\/wp-json\/wp\/v2\/media\/169882"}],"wp:attachment":[{"href":"https:\/\/staging.realdutchfood.com\/de\/wp-json\/wp\/v2\/media?parent=169877"}],"wp:term":[{"taxonomy":"product_brand","embeddable":true,"href":"https:\/\/staging.realdutchfood.com\/de\/wp-json\/wp\/v2\/product_brand?post=169877"},{"taxonomy":"product_cat","embeddable":true,"href":"https:\/\/staging.realdutchfood.com\/de\/wp-json\/wp\/v2\/product_cat?post=169877"},{"taxonomy":"product_tag","embeddable":true,"href":"https:\/\/staging.realdutchfood.com\/de\/wp-json\/wp\/v2\/product_tag?post=169877"}],"curies":[{"name":"wp","href":"https:\/\/api.w.org\/{rel}","templated":true}]}}