{"id":170506,"date":"2024-06-25T13:13:20","date_gmt":"2024-06-25T11:13:20","guid":{"rendered":"https:\/\/realdutchfood.com\/?post_type=product&#038;p=170506"},"modified":"2024-06-25T13:25:36","modified_gmt":"2024-06-25T11:25:36","slug":"lassie-vollkorn-couscous-bio","status":"publish","type":"product","link":"https:\/\/staging.realdutchfood.com\/de\/lassie-vollkorn-couscous-bio\/","title":{"rendered":"Lassie Vollkorn Couscous Bio"},"content":{"rendered":"<h2>Detaillierte Produktinformationen von: Lassie Vollkorn Couscous Bio<\/h2>\n<div class=\"jum-nutritional-info jum-product-info-item\">\n<h2>Produktbeschreibung<\/h2>\n<p class=\"block\" data-v-24343815=\"\">BIO-VOLLKORN-COUSCOUS (WEIZEN)<\/p>\n<p class=\"block\" data-v-24343815=\"\">Couscous ist f\u00fcr Nordafrika das, was Reis f\u00fcr Asien ist. Vorged\u00e4mpfte kleine K\u00f6rner aus Weizenmehl und Wasser.<\/p>\n<p><a href=\"https:\/\/staging.realdutchfood.com\/de\/nudeln-reis\/\">Klicken Sie hier<\/a> f\u00fcr mehr Reis oder Pasta.<\/p>\n<\/div>\n<div class=\"jum-nutritional-info jum-product-info-item\">\n<h2>N\u00e4hrwerte<\/h2>\n<table class=\"striped jum-table\" data-testid=\"nutritional-values-table-content\" data-v-b9926f77=\"\" data-v-68fb0216=\"\">\n<tbody>\n<tr class=\"header-row\" data-v-b9926f77=\"\">\n<th class=\"header-column\" data-v-b9926f77=\"\">N\u00e4hrwerte<\/th>\n<th class=\"header-column\" data-v-b9926f77=\"\">pro 100g<\/th>\n<\/tr>\n<\/tbody>\n<tbody data-v-68fb0216=\"\">\n<tr class=\"row\" data-v-68fb0216=\"\">\n<td class=\"column\" data-v-68fb0216=\"\">Energie<\/td>\n<td class=\"column\" data-v-68fb0216=\"\">1478 kJ<\/td>\n<\/tr>\n<tr class=\"row\" data-v-68fb0216=\"\">\n<td class=\"column\" data-v-68fb0216=\"\"><\/td>\n<td class=\"column\" data-v-68fb0216=\"\">353 kcal<\/td>\n<\/tr>\n<tr class=\"row\" data-v-68fb0216=\"\">\n<td class=\"column\" data-v-68fb0216=\"\">Fette<\/td>\n<td class=\"column\" data-v-68fb0216=\"\">ca. 2,3 g<\/td>\n<\/tr>\n<tr class=\"row\" data-v-68fb0216=\"\">\n<td class=\"column\" data-v-68fb0216=\"\">Davon ges\u00e4ttigte Fetts\u00e4uren<\/td>\n<td class=\"column\" data-v-68fb0216=\"\">0,38 g<\/td>\n<\/tr>\n<tr class=\"row\" data-v-68fb0216=\"\">\n<td class=\"column\" data-v-68fb0216=\"\">Kohlenhydrate<\/td>\n<td class=\"column\" data-v-68fb0216=\"\">ca. 65,4 g<\/td>\n<\/tr>\n<tr class=\"row\" data-v-68fb0216=\"\">\n<td class=\"column\" data-v-68fb0216=\"\">Davon Zucker<\/td>\n<td class=\"column\" data-v-68fb0216=\"\">ca. 3,2 g<\/td>\n<\/tr>\n<tr class=\"row\" data-v-68fb0216=\"\">\n<td class=\"column\" data-v-68fb0216=\"\">Faser<\/td>\n<td class=\"column\" data-v-68fb0216=\"\">9,0 g<\/td>\n<\/tr>\n<tr class=\"row\" data-v-68fb0216=\"\">\n<td class=\"column\" data-v-68fb0216=\"\">Proteine<\/td>\n<td class=\"column\" data-v-68fb0216=\"\">ca. 12,3 g<\/td>\n<\/tr>\n<tr class=\"row\" data-v-68fb0216=\"\">\n<td class=\"column\" data-v-68fb0216=\"\">Salz<\/td>\n<td class=\"column\" data-v-68fb0216=\"\">&lt;0,01 g<\/td>\n<\/tr>\n<\/tbody>\n<\/table>\n<\/div>\n<div class=\"jum-lifestyle-images jum-product-info-item\"><\/div>\n<div class=\"jum-gda-info jum-product-info-item\">\n<div class=\"jum-gda-info-item\"><span style=\"font-size: 20.16px; color: #333333;\">Zutaten<\/span><\/div>\n<\/div>\n<div class=\"jum-ingredients-info jum-product-info-item\">\n<p>Bio-Vollkorn-Couscous (<strong>Weizen<\/strong>)<\/p>\n<\/div>\n<h2>Allergene:<\/h2>\n<div class=\"item\" data-v-cfe264b1=\"\"><strong data-v-cfe264b1=\"\">Enth\u00e4lt: <\/strong><span data-v-cfe264b1=\"\">Weizen<\/span><\/div>\n<div data-v-cfe264b1=\"\"><\/div>\n<div class=\"title-wrapper\" data-v-0ec7390e=\"\">\n<h3 class=\"title\">\u00dcber den Hersteller<\/h3>\n<\/div>\n<div id=\"jum-collapsible-5\" class=\"content\" data-v-0ec7390e=\"\">\n<p><strong>Marke<\/strong> Als Lassie m\u00f6chten wir Ihnen helfen, lecker und gesund zu kochen. Das machen wir seit Jahrzehnten und werden das auch in den kommenden Jahren tun. Einfach eine einfache und vor allem leckere Mahlzeit auf dem Teller. Ohne gro\u00dfen Aufwand und mit guten Zutaten als Basis.<\/p>\n<p><strong data-testid=\"manufacturer-website\">Website <\/strong>www.lassie.nl<\/p>\n<p><strong data-testid=\"manufacturer-address\">Adresse <\/strong>Lassie B.V.<br \/>\nAntwortnummer: 308<br \/>\n1520 VB Wormerveer<\/p>\n<\/div>\n<div class=\"content\" data-v-0ec7390e=\"\"><\/div>\n","protected":false},"excerpt":{"rendered":"<p>Detaillierte Produktinformationen von: Lassie Vollkorn Couscous Bio Produktbeschreibung BIO-VOLLKORN-COUSCOUS (WEIZEN) Couscous ist f\u00fcr Nordafrika das, was Reis f\u00fcr Asien ist. Vorged\u00e4mpfte kleine K\u00f6rner aus Weizenmehl und Wasser. Klicken Sie hier f\u00fcr mehr Reis oder Pasta. N\u00e4hrwerte N\u00e4hrwerte pro 100g Energie 1478 kJ 353 kcal Fette ca. 2,3 g Davon ges\u00e4ttigte Fetts\u00e4uren 0,38 g Kohlenhydrate ca. [&#8230;]\n","protected":false},"featured_media":170509,"template":"","meta":{"_acf_changed":false,"_aipt_faq_data":""},"product_brand":[14992],"product_cat":[14478,14482],"product_tag":[],"class_list":{"0":"post-170506","1":"product","2":"type-product","3":"status-publish","4":"has-post-thumbnail","6":"product_brand-lassie-de","7":"product_cat-nudeln-reis","8":"product_cat-reis","9":"pa_artikelnummer-3622-de","10":"pa_dieet_allergie_biologisch-biologisch-de","12":"first","13":"onbackorder","14":"sale","15":"taxable","16":"shipping-taxable","17":"purchasable","18":"product-type-simple"},"bundled_by":[],"bundle_stock_status":"onbackorder","bundle_stock_quantity":null,"bundle_virtual":false,"bundle_layout":"","bundle_add_to_cart_form_location":"","bundle_editable_in_cart":false,"bundle_sold_individually_context":"","bundle_item_grouping":"","bundle_min_size":"","bundle_max_size":"","bundle_price":[],"bundled_items":[],"bundle_sell_ids":[],"acf":{"content":"275 gr"},"_links":{"self":[{"href":"https:\/\/staging.realdutchfood.com\/de\/wp-json\/wp\/v2\/product\/170506","targetHints":{"allow":["GET"]}}],"collection":[{"href":"https:\/\/staging.realdutchfood.com\/de\/wp-json\/wp\/v2\/product"}],"about":[{"href":"https:\/\/staging.realdutchfood.com\/de\/wp-json\/wp\/v2\/types\/product"}],"wp:featuredmedia":[{"embeddable":true,"href":"https:\/\/staging.realdutchfood.com\/de\/wp-json\/wp\/v2\/media\/170509"}],"wp:attachment":[{"href":"https:\/\/staging.realdutchfood.com\/de\/wp-json\/wp\/v2\/media?parent=170506"}],"wp:term":[{"taxonomy":"product_brand","embeddable":true,"href":"https:\/\/staging.realdutchfood.com\/de\/wp-json\/wp\/v2\/product_brand?post=170506"},{"taxonomy":"product_cat","embeddable":true,"href":"https:\/\/staging.realdutchfood.com\/de\/wp-json\/wp\/v2\/product_cat?post=170506"},{"taxonomy":"product_tag","embeddable":true,"href":"https:\/\/staging.realdutchfood.com\/de\/wp-json\/wp\/v2\/product_tag?post=170506"}],"curies":[{"name":"wp","href":"https:\/\/api.w.org\/{rel}","templated":true}]}}