{"id":170571,"date":"2024-06-27T16:38:21","date_gmt":"2024-06-27T14:38:21","guid":{"rendered":"https:\/\/realdutchfood.com\/?post_type=product&#038;p=170571"},"modified":"2024-06-27T16:59:43","modified_gmt":"2024-06-27T14:59:43","slug":"wapenaer-broeckelkaese","status":"publish","type":"product","link":"https:\/\/staging.realdutchfood.com\/de\/wapenaer-broeckelkaese\/","title":{"rendered":"Wapenaer Br\u00f6ckelk\u00e4se"},"content":{"rendered":"<h2 class=\"jum-heading font-weight-black mt-2x h4\">Produktinformationen Wapenaer Br\u00f6ckelk\u00e4se<\/h2>\n<p class=\"block\" data-v-24343815=\"\">Gouda-K\u00e4se 48+, gereift<\/p>\n<p class=\"block\" data-v-24343815=\"\">Wir von Wapenaer wissen besser als jeder andere, was leckerer K\u00e4se ist. Sie k\u00f6nnen unser Know-how und unsere Handwerkskunst schmecken! Sie erkennen unseren K\u00e4se an seiner Cremigkeit mit einem einzigartigen und charaktervollen Geschmack. Die frische Milch von niederl\u00e4ndischen K\u00fchen, das Wissen unseres K\u00e4semeisters und die Aufmerksamkeit f\u00fcr den Reifeprozess machen unseren K\u00e4se so schmackhaft. Und das schmeckt man!<\/p>\n<h2>Zutaten:<\/h2>\n<div class=\"jum-collapsible open\" data-v-0ec7390e=\"\" data-v-193922da=\"\">\n<div id=\"jum-collapsible-0\" class=\"content\" data-v-0ec7390e=\"\">\n<p>Pasteurisierte <strong>Milch<\/strong>, Salz, Starter, tierisches Lab, Konservierungsstoff: E251, Farbstoff: E160b(ii), E = EU-zugelassener Hilfsstoff.<\/p>\n<h2>Allergene:<\/h2>\n<p><strong data-v-cfe264b1=\"\">Enth\u00e4lt: <\/strong><span data-v-cfe264b1=\"\">Milch<\/span><\/p>\n<h2>N\u00e4hrwerte:<\/h2>\n<table class=\"striped jum-table\" data-testid=\"nutritional-values-table-content\" data-v-b9926f77=\"\" data-v-68fb0216=\"\">\n<tbody>\n<tr class=\"header-row\" data-v-b9926f77=\"\">\n<th class=\"header-column\" data-v-b9926f77=\"\">N\u00e4hrwerte<\/th>\n<th class=\"header-column\" data-v-b9926f77=\"\">pro 100 g:<\/th>\n<\/tr>\n<\/tbody>\n<tbody data-v-68fb0216=\"\">\n<tr class=\"row\" data-v-68fb0216=\"\">\n<td class=\"column\" data-v-68fb0216=\"\">Energie<\/td>\n<td class=\"column\" data-v-68fb0216=\"\">kJ 1763 \/ kcal 425<\/td>\n<\/tr>\n<tr class=\"row\" data-v-68fb0216=\"\">\n<td class=\"column\" data-v-68fb0216=\"\">Fette<\/td>\n<td class=\"column\" data-v-68fb0216=\"\">ca. 35,0 g<\/td>\n<\/tr>\n<tr class=\"row\" data-v-68fb0216=\"\">\n<td class=\"column\" data-v-68fb0216=\"\">Davon ges\u00e4ttigte Fetts\u00e4uren<\/td>\n<td class=\"column\" data-v-68fb0216=\"\">ca. 23,8 g<\/td>\n<\/tr>\n<tr class=\"row\" data-v-68fb0216=\"\">\n<td class=\"column\" data-v-68fb0216=\"\">Kohlenhydrate<\/td>\n<td class=\"column\" data-v-68fb0216=\"\">0,0 g<\/td>\n<\/tr>\n<tr class=\"row\" data-v-68fb0216=\"\">\n<td class=\"column\" data-v-68fb0216=\"\">Davon Zucker<\/td>\n<td class=\"column\" data-v-68fb0216=\"\">0,0 g<\/td>\n<\/tr>\n<tr class=\"row\" data-v-68fb0216=\"\">\n<td class=\"column\" data-v-68fb0216=\"\">Faser<\/td>\n<td class=\"column\" data-v-68fb0216=\"\">0,0 g<\/td>\n<\/tr>\n<tr class=\"row\" data-v-68fb0216=\"\">\n<td class=\"column\" data-v-68fb0216=\"\">Proteine<\/td>\n<td class=\"column\" data-v-68fb0216=\"\">ca. 26,8 g<\/td>\n<\/tr>\n<tr class=\"row\" data-v-68fb0216=\"\">\n<td class=\"column\" data-v-68fb0216=\"\">Salz<\/td>\n<td class=\"column\" data-v-68fb0216=\"\">1,97 g<\/td>\n<\/tr>\n<\/tbody>\n<\/table>\n<\/div>\n<\/div>\n<div class=\"jum-collapsible open\" data-v-0ec7390e=\"\" data-v-193922da=\"\">\n<div id=\"jum-collapsible-2\" class=\"content\" data-v-0ec7390e=\"\">\n<div class=\"mb\"><\/div>\n<\/div>\n<\/div>\n<div id=\"jum-collapsible-3\" class=\"content\" data-v-0ec7390e=\"\">\n<p>&nbsp;<\/p>\n<\/div>\n","protected":false},"excerpt":{"rendered":"<p>Produktinformationen Wapenaer Br\u00f6ckelk\u00e4se Gouda-K\u00e4se 48+, gereift Wir von Wapenaer wissen besser als jeder andere, was leckerer K\u00e4se ist. Sie k\u00f6nnen unser Know-how und unsere Handwerkskunst schmecken! Sie erkennen unseren K\u00e4se an seiner Cremigkeit mit einem einzigartigen und charaktervollen Geschmack. Die frische Milch von niederl\u00e4ndischen K\u00fchen, das Wissen unseres K\u00e4semeisters und die Aufmerksamkeit f\u00fcr den Reifeprozess [&#8230;]\n","protected":false},"featured_media":170574,"template":"","meta":{"_acf_changed":false,"_aipt_faq_data":""},"product_brand":[17207],"product_cat":[14492,14756],"product_tag":[14485,14759],"class_list":{"0":"post-170571","1":"product","2":"type-product","3":"status-publish","4":"has-post-thumbnail","6":"product_brand-wapenaer-de","7":"product_cat-milchprodukte","8":"product_cat-hollandischer-kase","9":"product_tag-am-meisten-vermisste-niederlaendische-produkte","10":"product_tag-kase","11":"pa_artikelnummer-3470-de","12":"pa_dieet_allergie_biologisch-laktosefrei","13":"pa_show-myparcel-options-1-de","15":"first","16":"onbackorder","17":"taxable","18":"shipping-taxable","19":"purchasable","20":"product-type-simple"},"bundled_by":[],"bundle_stock_status":"onbackorder","bundle_stock_quantity":null,"bundle_virtual":false,"bundle_layout":"","bundle_add_to_cart_form_location":"","bundle_editable_in_cart":false,"bundle_sold_individually_context":"","bundle_item_grouping":"","bundle_min_size":"","bundle_max_size":"","bundle_price":[],"bundled_items":[],"bundle_sell_ids":[],"acf":{"content":"300 gr"},"_links":{"self":[{"href":"https:\/\/staging.realdutchfood.com\/de\/wp-json\/wp\/v2\/product\/170571","targetHints":{"allow":["GET"]}}],"collection":[{"href":"https:\/\/staging.realdutchfood.com\/de\/wp-json\/wp\/v2\/product"}],"about":[{"href":"https:\/\/staging.realdutchfood.com\/de\/wp-json\/wp\/v2\/types\/product"}],"wp:featuredmedia":[{"embeddable":true,"href":"https:\/\/staging.realdutchfood.com\/de\/wp-json\/wp\/v2\/media\/170574"}],"wp:attachment":[{"href":"https:\/\/staging.realdutchfood.com\/de\/wp-json\/wp\/v2\/media?parent=170571"}],"wp:term":[{"taxonomy":"product_brand","embeddable":true,"href":"https:\/\/staging.realdutchfood.com\/de\/wp-json\/wp\/v2\/product_brand?post=170571"},{"taxonomy":"product_cat","embeddable":true,"href":"https:\/\/staging.realdutchfood.com\/de\/wp-json\/wp\/v2\/product_cat?post=170571"},{"taxonomy":"product_tag","embeddable":true,"href":"https:\/\/staging.realdutchfood.com\/de\/wp-json\/wp\/v2\/product_tag?post=170571"}],"curies":[{"name":"wp","href":"https:\/\/api.w.org\/{rel}","templated":true}]}}