{"id":170786,"date":"2024-07-04T17:49:48","date_gmt":"2024-07-04T15:49:48","guid":{"rendered":"https:\/\/realdutchfood.com\/?post_type=product&#038;p=170786"},"modified":"2024-07-04T18:04:43","modified_gmt":"2024-07-04T16:04:43","slug":"go-tan-susse-fruhlingsrollen-sauce","status":"publish","type":"product","link":"https:\/\/staging.realdutchfood.com\/de\/go-tan-susse-fruhlingsrollen-sauce\/","title":{"rendered":"Go-Tan S\u00fc\u00dfe Fr\u00fchlingsrollen Sauce"},"content":{"rendered":"<h2>Detaillierte Produktinformationen zu: Go-Tan S\u00fc\u00dfe Fr\u00fchlingsrollen Sauce<\/h2>\n<p class=\"block\" data-v-24343815=\"\">S\u00fc\u00dfe Fr\u00fchlingsrollensauce.<\/p>\n<p class=\"block\" data-v-24343815=\"\">Ein delikates Gleichgewicht frischer Zutaten. Ein Familienrezept &#8211; die Wahl der Feinschmecker.<\/p>\n<p>Han&#8217;s Chili Sauce &#8211; Original Familienrezept.<\/p>\n<div class=\"jum-nutritional-info jum-product-info-item\">\n<div class=\"jum-collapsible open\" data-testid=\"jum-collapsible\" data-v-6b6f3d61=\"\" data-v-6d4f1d38=\"\">\n<div class=\"title-wrapper\" data-v-6b6f3d61=\"\">\n<h3 class=\"title\">Zutaten<\/h3>\n<\/div>\n<div data-v-6b6f3d61=\"\">\n<div id=\"jum-collapsible-0\" class=\"content\" data-v-6b6f3d61=\"\">\n<p>Wasser, Zucker, Paprika, Essig, rote Paprika, modifizierte Maisst\u00e4rke, Salz, Knoblauch, Gew\u00fcrze, Konservierungsstoffe (Kaliumsorbat, Natriumbenzoat), Lebensmittels\u00e4uren (Essigs\u00e4ure, Zitronens\u00e4ure), Verdickungsmittel (Xanthan)<\/p>\n<\/div>\n<\/div>\n<\/div>\n<div class=\"jum-collapsible nutritions open\" data-testid=\"jum-collapsible\" data-v-6b6f3d61=\"\" data-v-038af5f8=\"\" data-v-6d4f1d38=\"\">\n<div class=\"title-wrapper\" data-v-6b6f3d61=\"\">\n<h3 class=\"title\">N\u00e4hrwerte von: Go-Tan S\u00fc\u00dfe Fr\u00fchlingsrollensauce<\/h3>\n<table class=\"striped jum-table\" data-testid=\"nutritional-values-table-content\" data-v-b9926f77=\"\" data-v-68fb0216=\"\">\n<tbody>\n<tr class=\"header-row\" data-v-b9926f77=\"\">\n<th class=\"header-column\" data-v-b9926f77=\"\">N\u00e4hrwerte<\/th>\n<th class=\"header-column\" data-v-b9926f77=\"\">pro 100g<\/th>\n<\/tr>\n<\/tbody>\n<tbody data-v-68fb0216=\"\">\n<tr class=\"row\" data-v-68fb0216=\"\">\n<td class=\"column\" data-v-68fb0216=\"\">Energie<\/td>\n<td class=\"column\" data-v-68fb0216=\"\">741 kJ\/175 kcal<\/td>\n<\/tr>\n<tr class=\"row\" data-v-68fb0216=\"\">\n<td class=\"column\" data-v-68fb0216=\"\">Fette<\/td>\n<td class=\"column\" data-v-68fb0216=\"\">0,1 g<\/td>\n<\/tr>\n<tr class=\"row\" data-v-68fb0216=\"\">\n<td class=\"column\" data-v-68fb0216=\"\">Davon ges\u00e4ttigte Fetts\u00e4uren<\/td>\n<td class=\"column\" data-v-68fb0216=\"\">0,0 g<\/td>\n<\/tr>\n<tr class=\"row\" data-v-68fb0216=\"\">\n<td class=\"column\" data-v-68fb0216=\"\">Kohlenhydrate<\/td>\n<td class=\"column\" data-v-68fb0216=\"\">43,1 g<\/td>\n<\/tr>\n<tr class=\"row\" data-v-68fb0216=\"\">\n<td class=\"column\" data-v-68fb0216=\"\">Davon Zucker<\/td>\n<td class=\"column\" data-v-68fb0216=\"\">40,3 Gramm<\/td>\n<\/tr>\n<tr class=\"row\" data-v-68fb0216=\"\">\n<td class=\"column\" data-v-68fb0216=\"\">Proteine<\/td>\n<td class=\"column\" data-v-68fb0216=\"\">0,18 g<\/td>\n<\/tr>\n<tr class=\"row\" data-v-68fb0216=\"\">\n<td class=\"column\" data-v-68fb0216=\"\">Salz<\/td>\n<td class=\"column\" data-v-68fb0216=\"\">0,91 g<\/td>\n<\/tr>\n<\/tbody>\n<\/table>\n<\/div>\n<\/div>\n<div class=\"jum-collapsible open\" data-testid=\"jum-collapsible\" data-v-6b6f3d61=\"\" data-v-6d4f1d38=\"\">\n<div class=\"title-wrapper\" data-v-6b6f3d61=\"\"><\/div>\n<div data-v-6b6f3d61=\"\">\n<div id=\"jum-collapsible-2\" class=\"content\" data-v-6b6f3d61=\"\">\n<div class=\"mb\">\n<p class=\"block\">\n<\/div>\n<\/div>\n<\/div>\n<\/div>\n<div class=\"jum-collapsible open\" data-testid=\"jum-collapsible\" data-v-6b6f3d61=\"\" data-v-6d4f1d38=\"\">\n<div data-v-6b6f3d61=\"\">\n<div id=\"jum-collapsible-3\" class=\"content\" data-v-6b6f3d61=\"\">\n<p><span style=\"font-size: 20.16px; color: #333333;\">\u00dcber den Hersteller<\/span><\/p>\n<\/div>\n<\/div>\n<\/div>\n<div class=\"jum-collapsible open\" data-testid=\"jum-collapsible\" data-v-6b6f3d61=\"\" data-v-6d4f1d38=\"\">\n<div data-v-6b6f3d61=\"\">\n<div id=\"jum-collapsible-4\" class=\"content\" data-v-6b6f3d61=\"\">\n<p><strong>Marke<\/strong><\/p>\n<p>Go-Tan &#8211; Feinschmeckernde asiatische Familie est. 1954.<\/p>\n<p>www.go-tan.nl<\/p>\n<p><strong data-testid=\"manufacturer-website\">Website<\/strong><\/p>\n<p>www.go-tan.nl<\/p>\n<p><strong data-testid=\"manufacturer-address\">Adresse<\/strong><\/p>\n<p>Go-Tan B.V.<br \/>\nPostfach 7<br \/>\n4040 DA Kesteren<\/p>\n<\/div>\n<\/div>\n<\/div>\n<div class=\"jum-collapsible open\" data-testid=\"jum-collapsible\" data-v-6b6f3d61=\"\" data-v-6d4f1d38=\"\">\n<div class=\"title-wrapper\" data-v-6b6f3d61=\"\"><\/div>\n<div data-v-6b6f3d61=\"\">\n<div id=\"jum-collapsible-5\" class=\"content\" data-v-6b6f3d61=\"\">\n<p>&nbsp;<\/p>\n<\/div>\n<\/div>\n<\/div>\n<\/div>\n","protected":false},"excerpt":{"rendered":"<p>Detaillierte Produktinformationen zu: Go-Tan S\u00fc\u00dfe Fr\u00fchlingsrollen Sauce S\u00fc\u00dfe Fr\u00fchlingsrollensauce. Ein delikates Gleichgewicht frischer Zutaten. Ein Familienrezept &#8211; die Wahl der Feinschmecker. Han&#8217;s Chili Sauce &#8211; Original Familienrezept. Zutaten Wasser, Zucker, Paprika, Essig, rote Paprika, modifizierte Maisst\u00e4rke, Salz, Knoblauch, Gew\u00fcrze, Konservierungsstoffe (Kaliumsorbat, Natriumbenzoat), Lebensmittels\u00e4uren (Essigs\u00e4ure, Zitronens\u00e4ure), Verdickungsmittel (Xanthan) N\u00e4hrwerte von: Go-Tan S\u00fc\u00dfe Fr\u00fchlingsrollensauce N\u00e4hrwerte pro 100g [&#8230;]\n","protected":false},"featured_media":170789,"template":"","meta":{"_acf_changed":false,"_aipt_faq_data":""},"product_brand":[14464],"product_cat":[14033,14547],"product_tag":[],"class_list":{"0":"post-170786","1":"product","2":"type-product","3":"status-publish","4":"has-post-thumbnail","6":"product_brand-go-tan-de","7":"product_cat-orientalisch","8":"product_cat-orientalische-saucen","9":"pa_artikelnummer-1481-de","11":"first","12":"onbackorder","13":"featured","14":"taxable","15":"shipping-taxable","16":"purchasable","17":"product-type-simple"},"bundled_by":[],"bundle_stock_status":"onbackorder","bundle_stock_quantity":null,"bundle_virtual":false,"bundle_layout":"","bundle_add_to_cart_form_location":"","bundle_editable_in_cart":false,"bundle_sold_individually_context":"","bundle_item_grouping":"","bundle_min_size":"","bundle_max_size":"","bundle_price":[],"bundled_items":[],"bundle_sell_ids":[],"acf":{"content":"270 ml"},"_links":{"self":[{"href":"https:\/\/staging.realdutchfood.com\/de\/wp-json\/wp\/v2\/product\/170786","targetHints":{"allow":["GET"]}}],"collection":[{"href":"https:\/\/staging.realdutchfood.com\/de\/wp-json\/wp\/v2\/product"}],"about":[{"href":"https:\/\/staging.realdutchfood.com\/de\/wp-json\/wp\/v2\/types\/product"}],"wp:featuredmedia":[{"embeddable":true,"href":"https:\/\/staging.realdutchfood.com\/de\/wp-json\/wp\/v2\/media\/170789"}],"wp:attachment":[{"href":"https:\/\/staging.realdutchfood.com\/de\/wp-json\/wp\/v2\/media?parent=170786"}],"wp:term":[{"taxonomy":"product_brand","embeddable":true,"href":"https:\/\/staging.realdutchfood.com\/de\/wp-json\/wp\/v2\/product_brand?post=170786"},{"taxonomy":"product_cat","embeddable":true,"href":"https:\/\/staging.realdutchfood.com\/de\/wp-json\/wp\/v2\/product_cat?post=170786"},{"taxonomy":"product_tag","embeddable":true,"href":"https:\/\/staging.realdutchfood.com\/de\/wp-json\/wp\/v2\/product_tag?post=170786"}],"curies":[{"name":"wp","href":"https:\/\/api.w.org\/{rel}","templated":true}]}}