{"id":170821,"date":"2024-07-05T12:53:39","date_gmt":"2024-07-05T10:53:39","guid":{"rendered":"https:\/\/realdutchfood.com\/?post_type=product&#038;p=170821"},"modified":"2024-07-05T13:09:21","modified_gmt":"2024-07-05T11:09:21","slug":"saitaku-mirin-susser-reis-wein-zum-kochen","status":"publish","type":"product","link":"https:\/\/staging.realdutchfood.com\/de\/saitaku-mirin-susser-reis-wein-zum-kochen\/","title":{"rendered":"Saitaku Mirin S\u00fc\u00dfer Reiswein zum Kochen"},"content":{"rendered":"<h2>Detaillierte Produktinformationen von: Saitaku Mirin S\u00fc\u00dfer Reiswein zum Kochen<\/h2>\n<p class=\"block\" data-v-24343815=\"\">S\u00dcSSER REISWEIN<\/p>\n<p class=\"block\" data-v-24343815=\"\">Gew\u00fcrze f\u00fcr die japanische K\u00fcche<br \/>\nEnth\u00e4lt Alkohol<br \/>\nSaitaku einfach japanisch<\/p>\n<div class=\"jum-nutritional-info jum-product-info-item\">\n<div class=\"jum-collapsible open\" data-testid=\"jum-collapsible\" data-v-6b6f3d61=\"\" data-v-6d4f1d38=\"\">\n<div class=\"title-wrapper\" data-v-6b6f3d61=\"\">\n<h3 class=\"title\">Zutaten<\/h3>\n<\/div>\n<div data-v-6b6f3d61=\"\">\n<div id=\"jum-collapsible-0\" class=\"content\" data-v-6b6f3d61=\"\">\n<p class=\"ingredients-text\" data-testid=\"ingredients-text-body\">Klebreis 36%, Wasser, Reis, Zitronenextrakt<\/p>\n<div class=\"list\" data-testid=\"allergens-content\" data-v-cfe264b1=\"\">\n<div class=\"item\" data-v-cfe264b1=\"\">\n<p><span style=\"font-size: 20.16px;\"><span style=\"font-size: 20.16px;\">N\u00e4hrwerte von: Saitaku Mirin S\u00fc\u00dfer Reiswein zum Kochen<\/span><\/span><\/p>\n<table class=\"striped jum-table\" data-testid=\"nutritional-values-table-content\" data-v-b9926f77=\"\" data-v-68fb0216=\"\">\n<tbody>\n<tr class=\"header-row\" data-v-b9926f77=\"\">\n<th class=\"header-column\" data-v-b9926f77=\"\">N\u00e4hrwerte<\/th>\n<th class=\"header-column\" data-v-b9926f77=\"\">\u00d8 \/ 100 ml<\/th>\n<\/tr>\n<\/tbody>\n<tbody data-v-68fb0216=\"\">\n<tr class=\"row\" data-v-68fb0216=\"\">\n<td class=\"column\" data-v-68fb0216=\"\">Energie<\/td>\n<td class=\"column\" data-v-68fb0216=\"\">1258 kJ<\/td>\n<\/tr>\n<tr class=\"row\" data-v-68fb0216=\"\">\n<td class=\"column\" data-v-68fb0216=\"\"><\/td>\n<td class=\"column\" data-v-68fb0216=\"\">296 kcal<\/td>\n<\/tr>\n<tr class=\"row\" data-v-68fb0216=\"\">\n<td class=\"column\" data-v-68fb0216=\"\">Fette<\/td>\n<td class=\"column\" data-v-68fb0216=\"\">0 g<\/td>\n<\/tr>\n<tr class=\"row\" data-v-68fb0216=\"\">\n<td class=\"column\" data-v-68fb0216=\"\">Davon ges\u00e4ttigte Fetts\u00e4uren<\/td>\n<td class=\"column\" data-v-68fb0216=\"\">0 g<\/td>\n<\/tr>\n<tr class=\"row\" data-v-68fb0216=\"\">\n<td class=\"column\" data-v-68fb0216=\"\">Kohlenhydrate<\/td>\n<td class=\"column\" data-v-68fb0216=\"\">74 g<\/td>\n<\/tr>\n<tr class=\"row\" data-v-68fb0216=\"\">\n<td class=\"column\" data-v-68fb0216=\"\">Davon Zucker<\/td>\n<td class=\"column\" data-v-68fb0216=\"\">53 g<\/td>\n<\/tr>\n<tr class=\"row\" data-v-68fb0216=\"\">\n<td class=\"column\" data-v-68fb0216=\"\">Proteine<\/td>\n<td class=\"column\" data-v-68fb0216=\"\">0 g<\/td>\n<\/tr>\n<tr class=\"row\" data-v-68fb0216=\"\">\n<td class=\"column\" data-v-68fb0216=\"\">Salz<\/td>\n<td class=\"column\" data-v-68fb0216=\"\">&lt;0,01 g<\/td>\n<\/tr>\n<\/tbody>\n<\/table>\n<\/div>\n<\/div>\n<\/div>\n<\/div>\n<\/div>\n<div class=\"jum-collapsible nutritions open\" data-testid=\"jum-collapsible\" data-v-6b6f3d61=\"\" data-v-038af5f8=\"\" data-v-6d4f1d38=\"\"><\/div>\n<div class=\"jum-collapsible open\" data-testid=\"jum-collapsible\" data-v-6b6f3d61=\"\" data-v-6d4f1d38=\"\">\n<div class=\"title-wrapper\" data-v-6b6f3d61=\"\"><\/div>\n<div data-v-6b6f3d61=\"\">\n<div id=\"jum-collapsible-2\" class=\"content\" data-v-6b6f3d61=\"\">\n<div class=\"mb\">\n<p class=\"block\"><span style=\"color: #333333; font-size: 20.16px;\">\u00dcber den Hersteller<\/span><\/p>\n<\/div>\n<\/div>\n<\/div>\n<\/div>\n<div class=\"jum-collapsible open\" data-testid=\"jum-collapsible\" data-v-6b6f3d61=\"\" data-v-6d4f1d38=\"\">\n<div data-v-6b6f3d61=\"\">\n<div id=\"jum-collapsible-4\" class=\"content\" data-v-6b6f3d61=\"\">\n<p><strong>Marke<\/strong><\/p>\n<p>www.saitaku.co<\/p>\n<p><strong data-testid=\"manufacturer-website\">Website<\/strong><\/p>\n<p>www.saitaku.co<\/p>\n<p><strong data-testid=\"manufacturer-address\">Adresse<\/strong><\/p>\n<p>Ethno &amp; Company AG, Lindstrasse 39,<br \/>\n8400 Winterthur, Schweiz<\/p>\n<\/div>\n<\/div>\n<\/div>\n<div class=\"jum-collapsible open\" data-testid=\"jum-collapsible\" data-v-6b6f3d61=\"\" data-v-6d4f1d38=\"\">\n<div class=\"title-wrapper\" data-v-6b6f3d61=\"\">\n<h3 class=\"title\">Ursprung<\/h3>\n<\/div>\n<div data-v-6b6f3d61=\"\">\n<div id=\"jum-collapsible-5\" class=\"content\" data-v-6b6f3d61=\"\">\n<p><strong>Herkunftsland<\/strong><\/p>\n<p>China<\/p>\n<p><strong>Ursprung<\/strong><\/p>\n<p>Herkunft: CN<\/p>\n<\/div>\n<\/div>\n<\/div>\n<\/div>\n","protected":false},"excerpt":{"rendered":"<p>Detaillierte Produktinformationen von: Saitaku Mirin S\u00fc\u00dfer Reiswein zum Kochen S\u00dcSSER REISWEIN Gew\u00fcrze f\u00fcr die japanische K\u00fcche Enth\u00e4lt Alkohol Saitaku einfach japanisch Zutaten Klebreis 36%, Wasser, Reis, Zitronenextrakt N\u00e4hrwerte von: Saitaku Mirin S\u00fc\u00dfer Reiswein zum Kochen N\u00e4hrwerte \u00d8 \/ 100 ml Energie 1258 kJ 296 kcal Fette 0 g Davon ges\u00e4ttigte Fetts\u00e4uren 0 g Kohlenhydrate 74 [&#8230;]\n","protected":false},"featured_media":170824,"template":"","meta":{"_acf_changed":false,"_aipt_faq_data":""},"product_brand":[15551],"product_cat":[14547,14541,14472,14475],"product_tag":[],"class_list":{"0":"post-170821","1":"product","2":"type-product","3":"status-publish","4":"has-post-thumbnail","6":"product_brand-saitaku","7":"product_cat-orientalische-saucen","8":"product_cat-nasse-sose","9":"product_cat-saucen-gewuerze","10":"product_cat-sosse","11":"pa_artikelnummer-1481-de","13":"first","14":"onbackorder","15":"taxable","16":"shipping-taxable","17":"purchasable","18":"product-type-simple"},"bundled_by":[],"bundle_stock_status":"onbackorder","bundle_stock_quantity":null,"bundle_virtual":false,"bundle_layout":"","bundle_add_to_cart_form_location":"","bundle_editable_in_cart":false,"bundle_sold_individually_context":"","bundle_item_grouping":"","bundle_min_size":"","bundle_max_size":"","bundle_price":[],"bundled_items":[],"bundle_sell_ids":[],"acf":{"content":"150 ml"},"_links":{"self":[{"href":"https:\/\/staging.realdutchfood.com\/de\/wp-json\/wp\/v2\/product\/170821","targetHints":{"allow":["GET"]}}],"collection":[{"href":"https:\/\/staging.realdutchfood.com\/de\/wp-json\/wp\/v2\/product"}],"about":[{"href":"https:\/\/staging.realdutchfood.com\/de\/wp-json\/wp\/v2\/types\/product"}],"wp:featuredmedia":[{"embeddable":true,"href":"https:\/\/staging.realdutchfood.com\/de\/wp-json\/wp\/v2\/media\/170824"}],"wp:attachment":[{"href":"https:\/\/staging.realdutchfood.com\/de\/wp-json\/wp\/v2\/media?parent=170821"}],"wp:term":[{"taxonomy":"product_brand","embeddable":true,"href":"https:\/\/staging.realdutchfood.com\/de\/wp-json\/wp\/v2\/product_brand?post=170821"},{"taxonomy":"product_cat","embeddable":true,"href":"https:\/\/staging.realdutchfood.com\/de\/wp-json\/wp\/v2\/product_cat?post=170821"},{"taxonomy":"product_tag","embeddable":true,"href":"https:\/\/staging.realdutchfood.com\/de\/wp-json\/wp\/v2\/product_tag?post=170821"}],"curies":[{"name":"wp","href":"https:\/\/api.w.org\/{rel}","templated":true}]}}