{"id":171742,"date":"2024-08-16T18:25:58","date_gmt":"2024-08-16T16:25:58","guid":{"rendered":"https:\/\/realdutchfood.com\/?post_type=product&#038;p=171742"},"modified":"2025-04-20T08:10:17","modified_gmt":"2025-04-20T06:10:17","slug":"jumbo-weisse-schokolade-aufstrich","status":"publish","type":"product","link":"https:\/\/staging.realdutchfood.com\/de\/jumbo-weisse-schokolade-aufstrich\/","title":{"rendered":"Jumbo Wei\u00dfe Schokolade Aufstrich"},"content":{"rendered":"<h2>Detaillierte Produktinformationen von: Jumbo Wei\u00dfe Schokolade Aufstrich<\/h2>\n<p>Wei\u00df <a href=\"https:\/\/staging.realdutchfood.com\/de\/schokoladenaufstrich\/\">Schoko-Aufsrich<\/a><\/p>\n<div class=\"jum-nutritional-info jum-product-info-item\">\n<h3>N\u00e4hrwerte<\/h3>\n<table class=\"striped jum-table\" data-testid=\"nutritional-values-table-content\" data-v-b9926f77=\"\" data-v-f683cf68=\"\">\n<tbody>\n<tr class=\"header-row\" data-v-b9926f77=\"\">\n<th class=\"header-column\" data-v-b9926f77=\"\">N\u00e4hrwerte<\/th>\n<th class=\"header-column\" data-v-b9926f77=\"\">pro 100 Gramm:<\/th>\n<th class=\"header-column\" data-v-b9926f77=\"\">Pro 15 Gramm:<\/th>\n<\/tr>\n<\/tbody>\n<tbody data-v-f683cf68=\"\">\n<tr class=\"row\" data-v-f683cf68=\"\">\n<td class=\"column\" data-v-f683cf68=\"\">Energie<\/td>\n<td class=\"column\" data-v-f683cf68=\"\">kJ 2378 \/ kcal 570<\/td>\n<td class=\"column\" data-v-f683cf68=\"\">kJ 357 \/ kcal 86<\/td>\n<\/tr>\n<tr class=\"row\" data-v-f683cf68=\"\">\n<td class=\"column\" data-v-f683cf68=\"\">Fett<\/td>\n<td class=\"column\" data-v-f683cf68=\"\">36,0 g<\/td>\n<td class=\"column\" data-v-f683cf68=\"\">5,4 g<\/td>\n<\/tr>\n<tr class=\"row\" data-v-f683cf68=\"\">\n<td class=\"column\" data-v-f683cf68=\"\">Davon ges\u00e4ttigt:<\/td>\n<td class=\"column\" data-v-f683cf68=\"\">7,0 g<\/td>\n<td class=\"column\" data-v-f683cf68=\"\">1,1 g<\/td>\n<\/tr>\n<tr class=\"row\" data-v-f683cf68=\"\">\n<td class=\"column\" data-v-f683cf68=\"\">Kohlenhydrate<\/td>\n<td class=\"column\" data-v-f683cf68=\"\">58,0 g<\/td>\n<td class=\"column\" data-v-f683cf68=\"\">8,7 g<\/td>\n<\/tr>\n<tr class=\"row\" data-v-f683cf68=\"\">\n<td class=\"column\" data-v-f683cf68=\"\">Davon Zucker<\/td>\n<td class=\"column\" data-v-f683cf68=\"\">58,0 g<\/td>\n<td class=\"column\" data-v-f683cf68=\"\">8,7 g<\/td>\n<\/tr>\n<tr class=\"row\" data-v-f683cf68=\"\">\n<td class=\"column\" data-v-f683cf68=\"\">Ballaststoffe<\/td>\n<td class=\"column\" data-v-f683cf68=\"\">0,0 g<\/td>\n<td class=\"column\" data-v-f683cf68=\"\">0,0 g<\/td>\n<\/tr>\n<tr class=\"row\" data-v-f683cf68=\"\">\n<td class=\"column\" data-v-f683cf68=\"\">Eiwei\u00df<\/td>\n<td class=\"column\" data-v-f683cf68=\"\">3,5 g<\/td>\n<td class=\"column\" data-v-f683cf68=\"\">0,5 g<\/td>\n<\/tr>\n<tr class=\"row\" data-v-f683cf68=\"\">\n<td class=\"column\" data-v-f683cf68=\"\">Salz<\/td>\n<td class=\"column\" data-v-f683cf68=\"\">0,23 g<\/td>\n<td class=\"column\" data-v-f683cf68=\"\">0,03 g<\/td>\n<\/tr>\n<tr class=\"row\" data-v-f683cf68=\"\">\n<td class=\"column\" colspan=\"3\" data-v-f683cf68=\"\">*Der Salzgehalt besteht aus nat\u00fcrlich vorkommendem Natrium.<\/td>\n<\/tr>\n<tr class=\"row\" data-v-f683cf68=\"\">\n<td class=\"column\" colspan=\"3\" data-v-f683cf68=\"\">Diese Packung enth\u00e4lt \u2248 27 Portionen.<\/td>\n<\/tr>\n<\/tbody>\n<\/table>\n<\/div>\n<div class=\"jum-gda-info jum-product-info-item\">\n<div class=\"jum-gda-info-item\">\n<p>&nbsp;<\/p>\n<h3><span style=\"color: #333333; font-size: 20.16px;\">Zutaten Jumbo Wei\u00dfe Schokolade Aufstrich<\/span><\/h3>\n<p>Zucker, pflanzliche \u00d6le (Raps, Palm), <strong>Magermilchpulver<\/strong>, Molkenpulver (<strong>Milch<\/strong>) (vegetarisch), wei\u00dfe Schokolade 2,5% (Zucker, Kakaobutter\u00b9,<strong>Magermilchpulver<\/strong>, <strong>Milchfett<\/strong>), Emulgator: Lecithine, nat\u00fcrliches Vanillearoma, \u00b9Rainforest Alliance zertifiziert. Lesen Sie mehr auf ra.org.<\/p>\n<\/div>\n<\/div>\n<div class=\"jum-product-storage jum-product-info-item\">\n<p><span style=\"font-size: 20.16px; color: #333333;\">Allergiewarnung<\/span><\/p>\n<\/div>\n<div class=\"jum-product-allergy-info jum-product-info-item\">\n<div class=\"item\" data-v-cfe264b1=\"\">\n<div class=\"item\" data-v-cfe264b1=\"\"><strong data-v-cfe264b1=\"\">Enth\u00e4lt: <\/strong><span data-v-cfe264b1=\"\">Milch<\/span><\/div>\n<div class=\"item\" data-v-cfe264b1=\"\"><strong data-v-cfe264b1=\"\">Kann enthalten: <\/strong><span data-v-cfe264b1=\"\">Mandeln, Cashewkerne, Haseln\u00fcsse, Pekann\u00fcsse, Pistazien, Waln\u00fcsse, Macadamianuss<\/span><\/div>\n<\/div>\n<\/div>\n","protected":false},"excerpt":{"rendered":"<p>Detaillierte Produktinformationen von: Jumbo Wei\u00dfe Schokolade Aufstrich Wei\u00df Schoko-Aufsrich N\u00e4hrwerte N\u00e4hrwerte pro 100 Gramm: Pro 15 Gramm: Energie kJ 2378 \/ kcal 570 kJ 357 \/ kcal 86 Fett 36,0 g 5,4 g Davon ges\u00e4ttigt: 7,0 g 1,1 g Kohlenhydrate 58,0 g 8,7 g Davon Zucker 58,0 g 8,7 g Ballaststoffe 0,0 g 0,0 g [&#8230;]\n","protected":false},"featured_media":171745,"template":"","meta":{"_acf_changed":false,"_aipt_faq_data":""},"product_brand":[14474],"product_cat":[14479,14528,14897],"product_tag":[],"class_list":{"0":"post-171742","1":"product","2":"type-product","3":"status-publish","4":"has-post-thumbnail","6":"product_brand-jumbo-de","7":"product_cat-fruehstueck","8":"product_cat-brotbelag","9":"product_cat-schokoladenaufstrich","10":"pa_artikelnummer-266-de","12":"first","13":"onbackorder","14":"taxable","15":"shipping-taxable","16":"purchasable","17":"product-type-simple"},"bundled_by":[],"bundle_stock_status":"onbackorder","bundle_stock_quantity":-1,"bundle_virtual":false,"bundle_layout":"","bundle_add_to_cart_form_location":"","bundle_editable_in_cart":false,"bundle_sold_individually_context":"","bundle_item_grouping":"","bundle_min_size":"","bundle_max_size":"","bundle_price":[],"bundled_items":[],"bundle_sell_ids":[],"acf":{"content":"400 gr"},"_links":{"self":[{"href":"https:\/\/staging.realdutchfood.com\/de\/wp-json\/wp\/v2\/product\/171742","targetHints":{"allow":["GET"]}}],"collection":[{"href":"https:\/\/staging.realdutchfood.com\/de\/wp-json\/wp\/v2\/product"}],"about":[{"href":"https:\/\/staging.realdutchfood.com\/de\/wp-json\/wp\/v2\/types\/product"}],"wp:featuredmedia":[{"embeddable":true,"href":"https:\/\/staging.realdutchfood.com\/de\/wp-json\/wp\/v2\/media\/171745"}],"wp:attachment":[{"href":"https:\/\/staging.realdutchfood.com\/de\/wp-json\/wp\/v2\/media?parent=171742"}],"wp:term":[{"taxonomy":"product_brand","embeddable":true,"href":"https:\/\/staging.realdutchfood.com\/de\/wp-json\/wp\/v2\/product_brand?post=171742"},{"taxonomy":"product_cat","embeddable":true,"href":"https:\/\/staging.realdutchfood.com\/de\/wp-json\/wp\/v2\/product_cat?post=171742"},{"taxonomy":"product_tag","embeddable":true,"href":"https:\/\/staging.realdutchfood.com\/de\/wp-json\/wp\/v2\/product_tag?post=171742"}],"curies":[{"name":"wp","href":"https:\/\/api.w.org\/{rel}","templated":true}]}}