{"id":171927,"date":"2024-08-22T16:56:56","date_gmt":"2024-08-22T14:56:56","guid":{"rendered":"https:\/\/realdutchfood.com\/?post_type=product&#038;p=171927"},"modified":"2024-08-22T17:17:09","modified_gmt":"2024-08-22T15:17:09","slug":"de-ruijter-specials-gesalzenes-karamell","status":"publish","type":"product","link":"https:\/\/staging.realdutchfood.com\/de\/de-ruijter-specials-gesalzenes-karamell\/","title":{"rendered":"De Ruijter Specials Gesalzenes Karamell"},"content":{"rendered":"<div class=\"row food-labelling\">\n<div class=\"large-6 columns\">\n<h1 class=\"jum-heading strong h3\" data-testid=\"product-title\" data-v-008e9f0f=\"\" data-v-d6be688a=\"\">De Ruijter Specials Gesalzenes Karamell<\/h1>\n<h2 class=\"heading--7 pt--20 pb--20 color-blue--2\">Produkt<\/h2>\n<h3 class=\"heading--9 heading--strong\">Beschreibung von: De Ruijter Specials Gesalzenes Karamell<\/h3>\n<p class=\"paragraph--1 pb--20\"><a href=\"https:\/\/www.deruijter.nl\/\" target=\"_blank\" rel=\"noopener\" data-schema-attribute=\"\"> De ruijter<\/a> Specials<\/p>\n<\/div>\n<div class=\"text-body\" data-testid=\"product-description-text-body\" data-v-24343815=\"\">\n<p class=\"block\" data-v-24343815=\"\">Mischung aus Milchschokoladenstreuseln, Streuseln mit gesalzenem Karamell und knusprigen gesalzenen Karamellkugeln (5%).<\/p>\n<p class=\"block\" data-v-24343815=\"\">Genie\u00dfen Sie jeden Tag doppelt mit diesen gesalzenen Karamellstreuseln von de Ruijter. Eine Mischung aus Milchschokoladenstreuseln, Streuseln mit Karamellgeschmack und Karamellb\u00e4llchen f\u00fcr einen knusprigen Biss mit einer salzigen Note. Machen Sie aus Ihrem Sandwich einen Leckerbissen, aus Ihrem Joghurt ein Festmahl und verleihen Sie Ihren Brownies einen knusprigen Biss. Oder streuen Sie sie in Ihre Hand f\u00fcr einen leckeren Snack. Das ist doppelter Genuss! Wir legen Wert auf Qualit\u00e4t und Nachhaltigkeit. De Ruijter m\u00f6chte zu einer besseren Welt f\u00fcr Mensch und Natur beitragen. Aus diesem Grund beziehen wir unseren Kakao verantwortungsbewusst von Rainforest Alliance-zertifizierten Farmen. www.rainforest-alliance.org<\/p>\n<\/div>\n<div class=\"large-6 columns\">\n<h3 class=\"heading--9 heading--strong\">Zutaten<\/h3>\n<p class=\"paragraph--1 pb--20\">Streusel: Zucker, <strong>Magermilchpulver<\/strong>, Kakaobutter*, Kakaopulver*, <strong>Laktose<\/strong>, fraktioniertes <strong>Milchfett<\/strong> (harte Fraktion), <strong>Weizenst\u00e4rke<\/strong>, <strong>Buttermilchpulver<\/strong>, Emulgator (<strong>Sojalecithin<\/strong>), Salz, Karottensaftkonzentrat, Apfelextrakt, nat\u00fcrliche Aromen., Kugeln: Zucker, Kakaobutter, knusprige F\u00fcllung (<strong>Weizenmehl<\/strong>, Zucker, Salz, <strong>Hafermehl<\/strong>, <strong>Weizenmalzmehl<\/strong>, Backtriebmittel (Natriumbicarbonat), nat\u00fcrliches Vanillearoma), ganz <strong>Milchpulver<\/strong>, Karamellpulver 8,8% (<strong>Magermilchpulver<\/strong>, <strong>Molkenpulver, Zucker<\/strong>, <strong>Milchfett<\/strong>, nat\u00fcrliches Vanillearoma), <strong>Magermilchpulver<\/strong>, karamellisierter Zucker, Emulgator (Lecithin), Kakaomasse, Salz, Glukosesirup, Zucker, \u00dcberzugsmittel (Gummi arabicum)., *iRainforest Alliance gecertificeerd.ra.org.<\/p>\n<h3 class=\"heading--9 heading--strong\">Informationen zu Allergien<\/h3>\n<div class=\"list\" data-testid=\"allergens-content\" data-v-cfe264b1=\"\">\n<div class=\"item\" data-v-cfe264b1=\"\"><strong data-v-cfe264b1=\"\">Enth\u00e4lt: <\/strong><span data-v-cfe264b1=\"\">Laktose, Milch, Weizen, Hafer, Soja<\/span><\/div>\n<\/div>\n<\/div>\n<div class=\"large-6 columns\">\n<h2 class=\"heading--7 pt--20 pb--20 color-blue--2\">N\u00e4hrwerte De Ruijter Specials Gesalzenes Karamell<\/h2>\n<p>:<\/p>\n<table class=\"striped jum-table\" data-testid=\"nutritional-values-table-content\" data-v-b9926f77=\"\" data-v-f683cf68=\"\">\n<tbody>\n<tr class=\"header-row\" data-v-b9926f77=\"\">\n<th class=\"header-column\" data-v-b9926f77=\"\">N\u00e4hrwerte<\/th>\n<th class=\"header-column\" data-v-b9926f77=\"\">pro 100 g<\/th>\n<th class=\"header-column\" data-v-b9926f77=\"\">pro Portion 20 g<\/th>\n<\/tr>\n<\/tbody>\n<tbody data-v-f683cf68=\"\">\n<tr class=\"row\" data-v-f683cf68=\"\">\n<td class=\"column\" data-v-f683cf68=\"\">Energie<\/td>\n<td class=\"column\" data-v-f683cf68=\"\">1893 kJ<\/td>\n<td class=\"column\" data-v-f683cf68=\"\">379 kJ<\/td>\n<\/tr>\n<tr class=\"row\" data-v-f683cf68=\"\">\n<td class=\"column\" data-v-f683cf68=\"\"><\/td>\n<td class=\"column\" data-v-f683cf68=\"\">449 kcal<\/td>\n<td class=\"column\" data-v-f683cf68=\"\">90 kcal<\/td>\n<\/tr>\n<tr class=\"row\" data-v-f683cf68=\"\">\n<td class=\"column\" data-v-f683cf68=\"\">Fett<\/td>\n<td class=\"column\" data-v-f683cf68=\"\">15 g<\/td>\n<td class=\"column\" data-v-f683cf68=\"\">3,0 g<\/td>\n<\/tr>\n<tr class=\"row\" data-v-f683cf68=\"\">\n<td class=\"column\" data-v-f683cf68=\"\">Davon ges\u00e4ttigte Fetts\u00e4uren<\/td>\n<td class=\"column\" data-v-f683cf68=\"\">9,1 g<\/td>\n<td class=\"column\" data-v-f683cf68=\"\">1,8 g<\/td>\n<\/tr>\n<tr class=\"row\" data-v-f683cf68=\"\">\n<td class=\"column\" data-v-f683cf68=\"\">Kohlenhydrate<\/td>\n<td class=\"column\" data-v-f683cf68=\"\">72 g<\/td>\n<td class=\"column\" data-v-f683cf68=\"\">14 g<\/td>\n<\/tr>\n<tr class=\"row\" data-v-f683cf68=\"\">\n<td class=\"column\" data-v-f683cf68=\"\">Davon Zucker<\/td>\n<td class=\"column\" data-v-f683cf68=\"\">69 g<\/td>\n<td class=\"column\" data-v-f683cf68=\"\">14 g<\/td>\n<\/tr>\n<tr class=\"row\" data-v-f683cf68=\"\">\n<td class=\"column\" data-v-f683cf68=\"\">Eiwei\u00df<\/td>\n<td class=\"column\" data-v-f683cf68=\"\">6,0 g<\/td>\n<td class=\"column\" data-v-f683cf68=\"\">1,2 g<\/td>\n<\/tr>\n<tr class=\"row\" data-v-f683cf68=\"\">\n<td class=\"column\" data-v-f683cf68=\"\">Salz<\/td>\n<td class=\"column\" data-v-f683cf68=\"\">0,98 g<\/td>\n<td class=\"column\" data-v-f683cf68=\"\">0,20 g<\/td>\n<\/tr>\n<tr class=\"row\" data-v-f683cf68=\"\">\n<td class=\"column\" colspan=\"3\" data-v-f683cf68=\"\">Diese Packung enth\u00e4lt 10 Portionen.<\/td>\n<\/tr>\n<\/tbody>\n<\/table>\n<\/div>\n<\/div>\n","protected":false},"excerpt":{"rendered":"<p>De Ruijter Specials Gesalzenes Karamell Produkt Beschreibung von: De Ruijter Specials Gesalzenes Karamell De ruijter Specials Mischung aus Milchschokoladenstreuseln, Streuseln mit gesalzenem Karamell und knusprigen gesalzenen Karamellkugeln (5%). Genie\u00dfen Sie jeden Tag doppelt mit diesen gesalzenen Karamellstreuseln von de Ruijter. Eine Mischung aus Milchschokoladenstreuseln, Streuseln mit Karamellgeschmack und Karamellb\u00e4llchen f\u00fcr einen knusprigen Biss mit einer [&#8230;]\n","protected":false},"featured_media":171930,"template":"","meta":{"_acf_changed":false,"_aipt_faq_data":""},"product_brand":[14743],"product_cat":[14479,14528,14883,14882],"product_tag":[],"class_list":{"0":"post-171927","1":"product","2":"type-product","3":"status-publish","4":"has-post-thumbnail","6":"product_brand-de-ruijter-de","7":"product_cat-fruehstueck","8":"product_cat-brotbelag","9":"product_cat-de-ruijter-streusel","10":"product_cat-streusel","11":"pa_artikelnummer-236-de","13":"first","14":"onbackorder","15":"taxable","16":"shipping-taxable","17":"purchasable","18":"product-type-simple"},"bundled_by":[],"bundle_stock_status":"onbackorder","bundle_stock_quantity":null,"bundle_virtual":false,"bundle_layout":"","bundle_add_to_cart_form_location":"","bundle_editable_in_cart":false,"bundle_sold_individually_context":"","bundle_item_grouping":"","bundle_min_size":"","bundle_max_size":"","bundle_price":[],"bundled_items":[],"bundle_sell_ids":[],"acf":{"content":"200 gr"},"_links":{"self":[{"href":"https:\/\/staging.realdutchfood.com\/de\/wp-json\/wp\/v2\/product\/171927","targetHints":{"allow":["GET"]}}],"collection":[{"href":"https:\/\/staging.realdutchfood.com\/de\/wp-json\/wp\/v2\/product"}],"about":[{"href":"https:\/\/staging.realdutchfood.com\/de\/wp-json\/wp\/v2\/types\/product"}],"wp:featuredmedia":[{"embeddable":true,"href":"https:\/\/staging.realdutchfood.com\/de\/wp-json\/wp\/v2\/media\/171930"}],"wp:attachment":[{"href":"https:\/\/staging.realdutchfood.com\/de\/wp-json\/wp\/v2\/media?parent=171927"}],"wp:term":[{"taxonomy":"product_brand","embeddable":true,"href":"https:\/\/staging.realdutchfood.com\/de\/wp-json\/wp\/v2\/product_brand?post=171927"},{"taxonomy":"product_cat","embeddable":true,"href":"https:\/\/staging.realdutchfood.com\/de\/wp-json\/wp\/v2\/product_cat?post=171927"},{"taxonomy":"product_tag","embeddable":true,"href":"https:\/\/staging.realdutchfood.com\/de\/wp-json\/wp\/v2\/product_tag?post=171927"}],"curies":[{"name":"wp","href":"https:\/\/api.w.org\/{rel}","templated":true}]}}