{"id":172057,"date":"2024-08-27T16:32:11","date_gmt":"2024-08-27T14:32:11","guid":{"rendered":"https:\/\/realdutchfood.com\/?post_type=product&#038;p=172057"},"modified":"2024-10-06T13:11:47","modified_gmt":"2024-10-06T11:11:47","slug":"jumbo-sauerteig-baguettes-mehrkorn","status":"publish","type":"product","link":"https:\/\/staging.realdutchfood.com\/de\/jumbo-sauerteig-baguettes-mehrkorn\/","title":{"rendered":"Jumbo Sauerteig Baguettes Mehrkorn"},"content":{"rendered":"<h2>Detaillierte Produktinformationen von: Jumbo Sauerteig Baguettes Mehrkorn<\/h2>\n<p>Vorgebackenes braunes<a href=\"https:\/\/staging.realdutchfood.com\/de\/bake-off-brot\/\"> Bake-off<\/a>-Mehrkorn-Sauerteigbaguette. Quelle der Ballaststoffe.<\/p>\n<p class=\"block\" data-v-24343815=\"\">Dieses Brot enth\u00e4lt 5,5 g Ballaststoffe pro 100 g.<\/p>\n<div class=\"jum-nutritional-info jum-product-info-item\">\n<h3>N\u00e4hrwerte<\/h3>\n<p>:<\/p>\n<table class=\"striped jum-table\" data-testid=\"nutritional-values-table-content\" data-v-b9926f77=\"\" data-v-f683cf68=\"\">\n<tbody>\n<tr class=\"header-row\" data-v-b9926f77=\"\">\n<th class=\"header-column\" data-v-b9926f77=\"\">N\u00e4hrwerte<\/th>\n<th class=\"header-column\" data-v-b9926f77=\"\">pro 100 g<\/th>\n<th class=\"header-column\" data-v-b9926f77=\"\">RI*<\/th>\n<th class=\"header-column\" data-v-b9926f77=\"\">pro 35 g<\/th>\n<\/tr>\n<\/tbody>\n<tbody data-v-f683cf68=\"\">\n<tr class=\"row\" data-v-f683cf68=\"\">\n<td class=\"column\" data-v-f683cf68=\"\">Energie<\/td>\n<td class=\"column\" data-v-f683cf68=\"\">kJ 1022<\/td>\n<td class=\"column\" data-v-f683cf68=\"\"><\/td>\n<td class=\"column\" data-v-f683cf68=\"\">kJ 358<\/td>\n<\/tr>\n<tr class=\"row\" data-v-f683cf68=\"\">\n<td class=\"column\" data-v-f683cf68=\"\"><\/td>\n<td class=\"column\" data-v-f683cf68=\"\">kcal 242<\/td>\n<td class=\"column\" data-v-f683cf68=\"\">4%<\/td>\n<td class=\"column\" data-v-f683cf68=\"\">kcal 85<\/td>\n<\/tr>\n<tr class=\"row\" data-v-f683cf68=\"\">\n<td class=\"column\" data-v-f683cf68=\"\">Fett<\/td>\n<td class=\"column\" data-v-f683cf68=\"\">2,0 g<\/td>\n<td class=\"column\" data-v-f683cf68=\"\">1%<\/td>\n<td class=\"column\" data-v-f683cf68=\"\">0,7 g<\/td>\n<\/tr>\n<tr class=\"row\" data-v-f683cf68=\"\">\n<td class=\"column\" data-v-f683cf68=\"\">Davon ges\u00e4ttigte Fetts\u00e4uren<\/td>\n<td class=\"column\" data-v-f683cf68=\"\">0,3 g<\/td>\n<td class=\"column\" data-v-f683cf68=\"\">&lt;1%<\/td>\n<td class=\"column\" data-v-f683cf68=\"\">0,1 g<\/td>\n<\/tr>\n<tr class=\"row\" data-v-f683cf68=\"\">\n<td class=\"column\" data-v-f683cf68=\"\">Kohlenhydrate<\/td>\n<td class=\"column\" data-v-f683cf68=\"\">43,7 g<\/td>\n<td class=\"column\" data-v-f683cf68=\"\">6%<\/td>\n<td class=\"column\" data-v-f683cf68=\"\">15,3 g<\/td>\n<\/tr>\n<tr class=\"row\" data-v-f683cf68=\"\">\n<td class=\"column\" data-v-f683cf68=\"\">Davon Zucker<\/td>\n<td class=\"column\" data-v-f683cf68=\"\">1,5 g<\/td>\n<td class=\"column\" data-v-f683cf68=\"\">&lt;1%<\/td>\n<td class=\"column\" data-v-f683cf68=\"\">0,5 g<\/td>\n<\/tr>\n<tr class=\"row\" data-v-f683cf68=\"\">\n<td class=\"column\" data-v-f683cf68=\"\">Ballaststoffe<\/td>\n<td class=\"column\" data-v-f683cf68=\"\">5,5 g<\/td>\n<td class=\"column\" data-v-f683cf68=\"\"><\/td>\n<td class=\"column\" data-v-f683cf68=\"\">1,9 g<\/td>\n<\/tr>\n<tr class=\"row\" data-v-f683cf68=\"\">\n<td class=\"column\" data-v-f683cf68=\"\">Eiwei\u00df<\/td>\n<td class=\"column\" data-v-f683cf68=\"\">9,5 g<\/td>\n<td class=\"column\" data-v-f683cf68=\"\">7%<\/td>\n<td class=\"column\" data-v-f683cf68=\"\">3,3 g<\/td>\n<\/tr>\n<tr class=\"row\" data-v-f683cf68=\"\">\n<td class=\"column\" data-v-f683cf68=\"\">Salz<\/td>\n<td class=\"column\" data-v-f683cf68=\"\">0,98 g<\/td>\n<td class=\"column\" data-v-f683cf68=\"\">6%<\/td>\n<td class=\"column\" data-v-f683cf68=\"\">0,34 g<\/td>\n<\/tr>\n<tr class=\"row\" data-v-f683cf68=\"\">\n<td class=\"column\" colspan=\"4\" data-v-f683cf68=\"\">* RI = Referenzmenge eines durchschnittlichen Erwachsenen (8.400 kJ\/2.000 kcal).<\/td>\n<\/tr>\n<tr class=\"row\" data-v-f683cf68=\"\">\n<td class=\"column\" colspan=\"4\" data-v-f683cf68=\"\">Diese Packung enth\u00e4lt \u2248 7 Portionen.<\/td>\n<\/tr>\n<\/tbody>\n<\/table>\n<\/div>\n<div class=\"jum-gda-info jum-product-info-item\">\n<p>&nbsp;<\/p>\n<\/div>\n<div class=\"jum-ingredients-info jum-product-info-item\">\n<h3>Zutaten aus: Jumbo Sauerteig Baguettes Mehrkorn<\/h3>\n<p>Vollkorn <strong>Weizenmehl<\/strong>32,5%, Wasser, <strong>Weizenmehl<\/strong>20,3%, Sauerteig (Wasser, Weizenmehl 3,9%, Starterkultur [Dinkel) <strong>Weizen<\/strong>]), <strong>Roggenmehl<\/strong>6,8%, Leinsamen, <strong>Weizenkleie<\/strong>1,6%, jodiertes Salz, Sonnenblumenkerne, Hirse 0,9%, <strong>Weizengluten<\/strong>, Hefe, ger\u00f6stetes <strong>Weizenmalzmehl<\/strong>0,3%, <strong>Weizenkeime<\/strong>0,1%, Reismehl, Mehlverbesserer: E300, Enzyme (<strong>Weizen<\/strong>), E = EU-zugelassener Hilfsstoff.<\/p>\n<\/div>\n<div class=\"jum-product-usage-safety jum-product-info-item\"><\/div>\n<div class=\"jum-product-storage jum-product-info-item\">\n<p><span style=\"font-size: 20.16px; color: #333333;\">Allergiewarnung<\/span><\/p>\n<\/div>\n<div class=\"jum-product-allergy-info jum-product-info-item\">\n<div class=\"item\" data-v-cfe264b1=\"\">\n<div class=\"item\" data-v-cfe264b1=\"\"><strong data-v-cfe264b1=\"\">Enth\u00e4lt: <\/strong><span data-v-cfe264b1=\"\">Roggen, Weizen, Dinkel, Gluten<\/span><\/div>\n<div class=\"item\" data-v-cfe264b1=\"\"><strong data-v-cfe264b1=\"\">Kann enthalten: <\/strong><span data-v-cfe264b1=\"\">Lupine, Senf, Gerste, Hafer, Soja, Sesam<\/span><\/div>\n<\/div>\n<\/div>\n","protected":false},"excerpt":{"rendered":"<p>Detaillierte Produktinformationen von: Jumbo Sauerteig Baguettes Mehrkorn Vorgebackenes braunes Bake-off-Mehrkorn-Sauerteigbaguette. Quelle der Ballaststoffe. Dieses Brot enth\u00e4lt 5,5 g Ballaststoffe pro 100 g. N\u00e4hrwerte : N\u00e4hrwerte pro 100 g RI* pro 35 g Energie kJ 1022 kJ 358 kcal 242 4% kcal 85 Fett 2,0 g 1% 0,7 g Davon ges\u00e4ttigte Fetts\u00e4uren 0,3 g &lt;1% 0,1 [&#8230;]\n","protected":false},"featured_media":172060,"template":"","meta":{"_acf_changed":false,"_aipt_faq_data":""},"product_brand":[14474],"product_cat":[17286,15513,14479,14502,14505],"product_tag":[],"class_list":{"0":"post-172057","1":"product","2":"type-product","3":"status-publish","4":"has-post-thumbnail","6":"product_brand-jumbo-de","7":"product_cat-osterfruehstueck","8":"product_cat-bake-off-brot","9":"product_cat-fruehstueck","10":"product_cat-ostern","11":"product_cat-weihnachten-und-silvester","12":"pa_artikelnummer-1367-de","14":"first","15":"onbackorder","16":"taxable","17":"shipping-taxable","18":"purchasable","19":"product-type-simple"},"bundled_by":[],"bundle_stock_status":"onbackorder","bundle_stock_quantity":null,"bundle_virtual":false,"bundle_layout":"","bundle_add_to_cart_form_location":"","bundle_editable_in_cart":false,"bundle_sold_individually_context":"","bundle_item_grouping":"","bundle_min_size":"","bundle_max_size":"","bundle_price":[],"bundled_items":[],"bundle_sell_ids":[],"acf":{"content":"2 stks"},"_links":{"self":[{"href":"https:\/\/staging.realdutchfood.com\/de\/wp-json\/wp\/v2\/product\/172057","targetHints":{"allow":["GET"]}}],"collection":[{"href":"https:\/\/staging.realdutchfood.com\/de\/wp-json\/wp\/v2\/product"}],"about":[{"href":"https:\/\/staging.realdutchfood.com\/de\/wp-json\/wp\/v2\/types\/product"}],"wp:featuredmedia":[{"embeddable":true,"href":"https:\/\/staging.realdutchfood.com\/de\/wp-json\/wp\/v2\/media\/172060"}],"wp:attachment":[{"href":"https:\/\/staging.realdutchfood.com\/de\/wp-json\/wp\/v2\/media?parent=172057"}],"wp:term":[{"taxonomy":"product_brand","embeddable":true,"href":"https:\/\/staging.realdutchfood.com\/de\/wp-json\/wp\/v2\/product_brand?post=172057"},{"taxonomy":"product_cat","embeddable":true,"href":"https:\/\/staging.realdutchfood.com\/de\/wp-json\/wp\/v2\/product_cat?post=172057"},{"taxonomy":"product_tag","embeddable":true,"href":"https:\/\/staging.realdutchfood.com\/de\/wp-json\/wp\/v2\/product_tag?post=172057"}],"curies":[{"name":"wp","href":"https:\/\/api.w.org\/{rel}","templated":true}]}}