{"id":172070,"date":"2024-08-27T17:03:12","date_gmt":"2024-08-27T15:03:12","guid":{"rendered":"https:\/\/realdutchfood.com\/?post_type=product&#038;p=172070"},"modified":"2024-10-06T13:11:43","modified_gmt":"2024-10-06T11:11:43","slug":"jumbo-sauerteig-mehrkorn-broetchen","status":"publish","type":"product","link":"https:\/\/staging.realdutchfood.com\/de\/jumbo-sauerteig-mehrkorn-broetchen\/","title":{"rendered":"Jumbo Sauerteig Mehrkorn Br\u00f6tchen"},"content":{"rendered":"<h2>Detaillierte Produktinformationen zu: Jumbo Sauerteig Mehrkorn Br\u00f6tchen<\/h2>\n<p class=\"block\" data-v-24343815=\"\">Vorgebackene braune<a href=\"https:\/\/staging.realdutchfood.com\/de\/bake-off-brot\/\"> Bake-off<\/a>-Mehrkorn-Sauerteigrollen. Quelle der Ballaststoffe<\/p>\n<p class=\"block\" data-v-24343815=\"\">Dieses Brot enth\u00e4lt 6,0 g Ballaststoffe pro 100 g.<\/p>\n<p class=\"block\" data-v-24343815=\"\"><span style=\"font-size: 20.16px; color: #333333;\">N\u00e4hrwerte<\/span><\/p>\n<p>:<\/p>\n<table class=\"striped jum-table\" data-testid=\"nutritional-values-table-content\" data-v-b9926f77=\"\" data-v-f683cf68=\"\">\n<tbody>\n<tr class=\"header-row\" data-v-b9926f77=\"\">\n<th class=\"header-column\" data-v-b9926f77=\"\">N\u00e4hrwerte<\/th>\n<th class=\"header-column\" data-v-b9926f77=\"\">pro 100 g<\/th>\n<th class=\"header-column\" data-v-b9926f77=\"\">RI*<\/th>\n<th class=\"header-column\" data-v-b9926f77=\"\">pro 150 g<\/th>\n<\/tr>\n<\/tbody>\n<tbody data-v-f683cf68=\"\">\n<tr class=\"row\" data-v-f683cf68=\"\">\n<td class=\"column\" data-v-f683cf68=\"\">Energie<\/td>\n<td class=\"column\" data-v-f683cf68=\"\">kJ 1062<\/td>\n<td class=\"column\" data-v-f683cf68=\"\"><\/td>\n<td class=\"column\" data-v-f683cf68=\"\">kJ 796<\/td>\n<\/tr>\n<tr class=\"row\" data-v-f683cf68=\"\">\n<td class=\"column\" data-v-f683cf68=\"\"><\/td>\n<td class=\"column\" data-v-f683cf68=\"\">kcal 252<\/td>\n<td class=\"column\" data-v-f683cf68=\"\">9%<\/td>\n<td class=\"column\" data-v-f683cf68=\"\">kcal 189<\/td>\n<\/tr>\n<tr class=\"row\" data-v-f683cf68=\"\">\n<td class=\"column\" data-v-f683cf68=\"\">Fett<\/td>\n<td class=\"column\" data-v-f683cf68=\"\">3,5 g<\/td>\n<td class=\"column\" data-v-f683cf68=\"\">4%<\/td>\n<td class=\"column\" data-v-f683cf68=\"\">2,6 g<\/td>\n<\/tr>\n<tr class=\"row\" data-v-f683cf68=\"\">\n<td class=\"column\" data-v-f683cf68=\"\">Davon ges\u00e4ttigte Fetts\u00e4uren<\/td>\n<td class=\"column\" data-v-f683cf68=\"\">0,5 g<\/td>\n<td class=\"column\" data-v-f683cf68=\"\">2%<\/td>\n<td class=\"column\" data-v-f683cf68=\"\">0,4 g<\/td>\n<\/tr>\n<tr class=\"row\" data-v-f683cf68=\"\">\n<td class=\"column\" data-v-f683cf68=\"\">Kohlenhydrate<\/td>\n<td class=\"column\" data-v-f683cf68=\"\">42,1 g<\/td>\n<td class=\"column\" data-v-f683cf68=\"\">12%<\/td>\n<td class=\"column\" data-v-f683cf68=\"\">31,6 g<\/td>\n<\/tr>\n<tr class=\"row\" data-v-f683cf68=\"\">\n<td class=\"column\" data-v-f683cf68=\"\">Davon Zucker<\/td>\n<td class=\"column\" data-v-f683cf68=\"\">2,0 g<\/td>\n<td class=\"column\" data-v-f683cf68=\"\">2%<\/td>\n<td class=\"column\" data-v-f683cf68=\"\">1,5 g<\/td>\n<\/tr>\n<tr class=\"row\" data-v-f683cf68=\"\">\n<td class=\"column\" data-v-f683cf68=\"\">Ballaststoffe<\/td>\n<td class=\"column\" data-v-f683cf68=\"\">6,0 g<\/td>\n<td class=\"column\" data-v-f683cf68=\"\"><\/td>\n<td class=\"column\" data-v-f683cf68=\"\">4,5 g<\/td>\n<\/tr>\n<tr class=\"row\" data-v-f683cf68=\"\">\n<td class=\"column\" data-v-f683cf68=\"\">Eiwei\u00df<\/td>\n<td class=\"column\" data-v-f683cf68=\"\">9,9 g<\/td>\n<td class=\"column\" data-v-f683cf68=\"\">15%<\/td>\n<td class=\"column\" data-v-f683cf68=\"\">7,4 g<\/td>\n<\/tr>\n<tr class=\"row\" data-v-f683cf68=\"\">\n<td class=\"column\" data-v-f683cf68=\"\">Salz<\/td>\n<td class=\"column\" data-v-f683cf68=\"\">0,90 g<\/td>\n<td class=\"column\" data-v-f683cf68=\"\">11%<\/td>\n<td class=\"column\" data-v-f683cf68=\"\">0,68 g<\/td>\n<\/tr>\n<tr class=\"row\" data-v-f683cf68=\"\">\n<td class=\"column\" colspan=\"4\" data-v-f683cf68=\"\">* RI = Referenzmenge eines durchschnittlichen Erwachsenen (8.400 kJ\/2.000 kcal).<\/td>\n<\/tr>\n<tr class=\"row\" data-v-f683cf68=\"\">\n<td class=\"column\" colspan=\"4\" data-v-f683cf68=\"\">Diese Packung enth\u00e4lt 4 Portionen.<\/td>\n<\/tr>\n<\/tbody>\n<\/table>\n<div class=\"jum-ingredients-info jum-product-info-item\">\n<h3>Zutaten f\u00fcr: Jumbo Sauerteig Mehrkorn Br\u00f6tchen<\/h3>\n<p class=\"ingredients-text\" data-testid=\"ingredients-text-body\"><strong>Weizenvollkornmehl<\/strong>30,4 %, Wasser, <strong>Weizenmehl<\/strong>19,1 %, Sauerteig (Wasser, Weizenmehl 3,6 %, Starterkultur [Dinkelweizen<strong>]),<\/strong> <strong>Roggenmehl<\/strong>6,4 %, Leinsamen, Hirse 2,1 %, <strong>Weizenkleie<\/strong>1,5 %, Mohn, <strong>Sesam<\/strong>, jodiertes Salz, Sonnenblumenkerne, <strong>Weizengluten<\/strong>, Hefe, ger\u00f6stetes <strong>Weizenmalzmehl<\/strong>0,2 %, <strong>Weizenkeime<\/strong>0,1 %, Reismehl, Mehlverbesserer: E300, Enzyme (<strong>Weizen<\/strong>), E = EU-zugelassener Hilfsstoff.<\/p>\n<\/div>\n<div class=\"jum-product-usage-safety jum-product-info-item\"><span style=\"font-size: 20.16px;\">Allergiewarnung<\/span><\/div>\n<div class=\"jum-product-allergy-info jum-product-info-item\">\n<div class=\"item\" data-v-cfe264b1=\"\">\n<div class=\"item\" data-v-cfe264b1=\"\">\n<div class=\"list\" data-testid=\"allergens-content\" data-v-cfe264b1=\"\">\n<div class=\"item\" data-v-cfe264b1=\"\"><strong data-v-cfe264b1=\"\">Enth\u00e4lt: <\/strong><span data-v-cfe264b1=\"\">Roggen, Weizen, Dinkel, Gluten, Sesam<\/span><\/div>\n<div class=\"item\" data-v-cfe264b1=\"\"><strong data-v-cfe264b1=\"\">Kann enthalten: <\/strong><span data-v-cfe264b1=\"\">Lupine, Senf, Gerste, Hafer, Soja<\/span><\/div>\n<\/div>\n<div class=\"jum-notification note allergy-prompt\" data-testid=\"jum-notification\" aria-live=\"polite\" data-v-ac4d1a7e=\"\" data-v-edd32e8c=\"\" data-v-51eb74a5=\"\"><\/div>\n<\/div>\n<\/div>\n<\/div>\n","protected":false},"excerpt":{"rendered":"<p>Detaillierte Produktinformationen zu: Jumbo Sauerteig Mehrkorn Br\u00f6tchen Vorgebackene braune Bake-off-Mehrkorn-Sauerteigrollen. Quelle der Ballaststoffe Dieses Brot enth\u00e4lt 6,0 g Ballaststoffe pro 100 g. N\u00e4hrwerte : N\u00e4hrwerte pro 100 g RI* pro 150 g Energie kJ 1062 kJ 796 kcal 252 9% kcal 189 Fett 3,5 g 4% 2,6 g Davon ges\u00e4ttigte Fetts\u00e4uren 0,5 g 2% 0,4 [&#8230;]\n","protected":false},"featured_media":172073,"template":"","meta":{"_acf_changed":false,"_aipt_faq_data":""},"product_brand":[14474],"product_cat":[17286,15513,14479,14502,14505],"product_tag":[],"class_list":{"0":"post-172070","1":"product","2":"type-product","3":"status-publish","4":"has-post-thumbnail","6":"product_brand-jumbo-de","7":"product_cat-osterfruehstueck","8":"product_cat-bake-off-brot","9":"product_cat-fruehstueck","10":"product_cat-ostern","11":"product_cat-weihnachten-und-silvester","12":"pa_artikelnummer-1367-de","14":"first","15":"onbackorder","16":"taxable","17":"shipping-taxable","18":"purchasable","19":"product-type-simple"},"bundled_by":[],"bundle_stock_status":"onbackorder","bundle_stock_quantity":null,"bundle_virtual":false,"bundle_layout":"","bundle_add_to_cart_form_location":"","bundle_editable_in_cart":false,"bundle_sold_individually_context":"","bundle_item_grouping":"","bundle_min_size":"","bundle_max_size":"","bundle_price":[],"bundled_items":[],"bundle_sell_ids":[],"acf":{"content":"4 stks"},"_links":{"self":[{"href":"https:\/\/staging.realdutchfood.com\/de\/wp-json\/wp\/v2\/product\/172070","targetHints":{"allow":["GET"]}}],"collection":[{"href":"https:\/\/staging.realdutchfood.com\/de\/wp-json\/wp\/v2\/product"}],"about":[{"href":"https:\/\/staging.realdutchfood.com\/de\/wp-json\/wp\/v2\/types\/product"}],"wp:featuredmedia":[{"embeddable":true,"href":"https:\/\/staging.realdutchfood.com\/de\/wp-json\/wp\/v2\/media\/172073"}],"wp:attachment":[{"href":"https:\/\/staging.realdutchfood.com\/de\/wp-json\/wp\/v2\/media?parent=172070"}],"wp:term":[{"taxonomy":"product_brand","embeddable":true,"href":"https:\/\/staging.realdutchfood.com\/de\/wp-json\/wp\/v2\/product_brand?post=172070"},{"taxonomy":"product_cat","embeddable":true,"href":"https:\/\/staging.realdutchfood.com\/de\/wp-json\/wp\/v2\/product_cat?post=172070"},{"taxonomy":"product_tag","embeddable":true,"href":"https:\/\/staging.realdutchfood.com\/de\/wp-json\/wp\/v2\/product_tag?post=172070"}],"curies":[{"name":"wp","href":"https:\/\/api.w.org\/{rel}","templated":true}]}}