{"id":192745,"date":"2026-02-02T22:35:55","date_gmt":"2026-02-02T21:35:55","guid":{"rendered":"https:\/\/realdutchfood.com\/?post_type=product&#038;p=192745"},"modified":"2026-03-14T14:08:02","modified_gmt":"2026-03-14T13:08:02","slug":"knorr-chicken-tandoori","status":"publish","type":"product","link":"https:\/\/staging.realdutchfood.com\/de\/knorr-chicken-tandoori\/","title":{"rendered":"Knorr Chicken Tandoori"},"content":{"rendered":"<p>Knorr Chicken Tandoori bietet eine praktische L\u00f6sung, um ein klassisches indisches Gericht mit aromatischer W\u00fcrze und Reis schnell zuzubereiten. Diese Mahlzeitmischung ist ideal f\u00fcr alle, die Zuhause unkompliziert authentische Weltk\u00fcche genie\u00dfen m\u00f6chten.<\/p>\n<p>Das Set enth\u00e4lt sorgf\u00e4ltig abgestimmte Komponenten wie eine Raita-Saucenmischung, Reismischung, So\u00dfenmischung und Gew\u00fcrzmischung, die zusammen das typische Chicken Tandoori Geschmackserlebnis schaffen. So bringen Sie abwechslungsreiche und w\u00fcrzige Aromen ganz einfach auf den Teller.<\/p>\n<ul>\n<li><strong>Raita-Saucenmischung:<\/strong> Mit Zutaten wie Zucker, Zwiebeln, Knoblauchpulver, Zitronensaftpulver und Petersilie sorgt sie f\u00fcr die frische, cremige Note, die das Gericht perfekt erg\u00e4nzt.<\/li>\n<li><strong>Reismischung:<\/strong> Enth\u00e4lt wei\u00dfen Reis mit gr\u00fcner und roter Paprika sowie nat\u00fcrlichem Kurkumageschmack, die f\u00fcr ein buntes, appetitliches Gericht sorgen.<\/li>\n<li><strong>So\u00dfenmischung:<\/strong> Eine Basis aus Weizenmehl, Tomatenpulver, Paprika und verschiedenen Gew\u00fcrzen wie Ingwer, Kreuzk\u00fcmmel und Koriander schafft die w\u00fcrzige, aromatische So\u00dfe.<\/li>\n<li><strong>Gew\u00fcrzmischung:<\/strong> Besteht aus jodiertem Salz, Tomatenpulver, Knoblauchpulver, Cayennepfeffer und weiteren Gew\u00fcrzen, die f\u00fcr den charakteristischen Geschmack des Tandoori sorgen.<\/li>\n<\/ul>\n<p>Diese Kombination erm\u00f6glicht eine einfache Zubereitung eines vollwertigen Mahlzeitsgerichts mit viel Gem\u00fcse und ausgewogenen Gew\u00fcrzen. Die Mischung ist ohne Konservierungsstoffe, k\u00fcnstliche Farbstoffe oder Geschmacksverst\u00e4rker hergestellt, was f\u00fcr einen nat\u00fcrlichen Geschmack sorgt.<\/p>\n<h3>Ingredi\u00ebnten<\/h3>\n<p>Raita-Saucenmischung: Zucker, Zwiebeln, Salz, Knoblauchpulver, St\u00e4rke, Zitronensaftpulver (Zucker, Zitronensaft, Salz), Pfeffer, Kreuzk\u00fcmmel, Mais\u00f6l, Petersilie. Reismischung: Reis 97,2 %, Paprika (gr\u00fcn, rot), nat\u00fcrlicher Kurkumageschmack, Lorbeerblatt. So\u00dfenmischung: St\u00e4rke, WEIZENMEHL, Paprika, Tomatenpulver, Pflanzen\u00f6le (Sonnenblumen, Mais), jodiertes Salz, Zwiebeln, Ingwer, Sojaso\u00dfenpulver (Maltodextrin, Sojasauce (SOJABOHNEN, WHEAT), Salz), rote Paprika, Tomate, Knoblauchpulver, Aromen, MILCHZUCKER, Cayennepfefe, Kreuzk\u00fcmmel, Koriander, Salz, MILCHPROTEINE, Rote Betepulver (Maltodextrin, Rote Betesaft), Hefeextrakt, Petersiliewurzelpulver. Gew\u00fcrzmischung: Jodiertes Salz, Tomatenpulver, Paprikapulver, St\u00e4rke, Zwiebelpulver, Sojaso\u00dfenpulver (Maltodextrin, Sojasauce (SOJABOHNEN, WHEAT), Salz), Knoblauchpulver, hydrolysiertes Gem\u00fcseprotein (Mais), Cayennepfeffer, Aromastoffe, Ingwer, Mais\u00f6l, Mineralsalz (Kalium), Zitronensaftpulver (Maltodextrin, Zitronensaft), Salz, Rote Betepulver (Maltodextrin, Rote Betesaft), Hefeextrakt, Petersiliewurzelpulver.<\/p>\n<h3>Allergene<\/h3>\n<p>Enth\u00e4lt Milch, glutenhaltige Getreide (Weizen, Roggen, Gerste, Hafer), Soja, Laktose.<\/p>\n<p>Kann Spuren von Ei, Sellerie, Senf enthalten.<\/p>\n<h3>N\u00e4hrwerte (pro 100 g)<\/h3>\n<ul>\n<li>Energie: 483 kJ \/ 115 kcal<\/li>\n<li>Fett: 3,9 g, davon ges\u00e4ttigte Fetts\u00e4uren: 0,9 g<\/li>\n<li>Kohlenhydrate: ca. 14 g, davon Zucker: ca. 1,7 g<\/li>\n<li>Ballaststoffe: 1,0 g<\/li>\n<li>Eiwei\u00df: ca. 5,3 g<\/li>\n<li>Salz: 0,54 g<\/li>\n<\/ul>\n<p>Knorr Chicken Tandoori ist ideal f\u00fcr eine schnelle, leckere Mahlzeit, die Sie mit wenig Aufwand zubereiten k\u00f6nnen. Perfekt f\u00fcr Familien oder kleine Gruppen, die die indische K\u00fcche lieben und ein ausgewogenes Gericht mit Reis und Gem\u00fcse sch\u00e4tzen.<\/p>\n<p>Genie\u00dfen Sie den authentischen Geschmack Indiens einfach zuhause \u2013 mit einer sorgf\u00e4ltig komponierten Mischung, die alle wichtigen Zutaten f\u00fcr ein Chicken Tandoori Gericht in einer Packung vereint.<\/p>\n","protected":false},"excerpt":{"rendered":"<p>Genie\u00dfen Sie authentischen indischen Geschmack mit der intensiv gew\u00fcrzten Chicken Tandoori Sauce von Knorr. Perfekt abgestimmt f\u00fcr saftiges H\u00e4hnchen, liefert die 303-Gramm-Packung genau die richtige Menge f\u00fcr ein k\u00f6stliches Gericht voller exotischer Aromen. Einfach zuzubereiten und ideal f\u00fcr ein schnelles orientalisches Dinner, bringt diese Sauce die Vielfalt der indischen K\u00fcche direkt in Ihre K\u00fcche.<\/p>\n","protected":false},"featured_media":192748,"template":"","meta":{"_acf_changed":false,"_aipt_faq_data":""},"product_brand":[15383],"product_cat":[15563,15837,14714,15610,14033,14511,14472],"product_tag":[],"class_list":{"0":"post-192745","1":"product","2":"type-product","3":"status-publish","4":"has-post-thumbnail","6":"product_brand-knorr-de-2","7":"product_cat-indische-kueche","8":"product_cat-knorr-weltgerichte","9":"product_cat-krauter-gewurze","10":"product_cat-mahlzeitmischungen-und-pakete","11":"product_cat-orientalisch","12":"product_cat-pasta-saucen","13":"product_cat-saucen-gewuerze","14":"pa_artikelnummer-1690-de","16":"first","17":"onbackorder","18":"taxable","19":"shipping-taxable","20":"purchasable","21":"product-type-simple"},"bundled_by":[],"bundle_stock_status":"onbackorder","bundle_stock_quantity":0,"bundle_virtual":false,"bundle_layout":"","bundle_add_to_cart_form_location":"","bundle_editable_in_cart":false,"bundle_sold_individually_context":"","bundle_item_grouping":"","bundle_min_size":"","bundle_max_size":"","bundle_price":[],"bundled_items":[],"bundle_sell_ids":[],"acf":{"content":"303 gr"},"_links":{"self":[{"href":"https:\/\/staging.realdutchfood.com\/de\/wp-json\/wp\/v2\/product\/192745","targetHints":{"allow":["GET"]}}],"collection":[{"href":"https:\/\/staging.realdutchfood.com\/de\/wp-json\/wp\/v2\/product"}],"about":[{"href":"https:\/\/staging.realdutchfood.com\/de\/wp-json\/wp\/v2\/types\/product"}],"wp:featuredmedia":[{"embeddable":true,"href":"https:\/\/staging.realdutchfood.com\/de\/wp-json\/wp\/v2\/media\/192748"}],"wp:attachment":[{"href":"https:\/\/staging.realdutchfood.com\/de\/wp-json\/wp\/v2\/media?parent=192745"}],"wp:term":[{"taxonomy":"product_brand","embeddable":true,"href":"https:\/\/staging.realdutchfood.com\/de\/wp-json\/wp\/v2\/product_brand?post=192745"},{"taxonomy":"product_cat","embeddable":true,"href":"https:\/\/staging.realdutchfood.com\/de\/wp-json\/wp\/v2\/product_cat?post=192745"},{"taxonomy":"product_tag","embeddable":true,"href":"https:\/\/staging.realdutchfood.com\/de\/wp-json\/wp\/v2\/product_tag?post=192745"}],"curies":[{"name":"wp","href":"https:\/\/api.w.org\/{rel}","templated":true}]}}