{"id":196791,"date":"2026-04-17T17:07:44","date_gmt":"2026-04-17T15:07:44","guid":{"rendered":"https:\/\/realdutchfood.com\/?post_type=product&#038;p=196791"},"modified":"2026-04-17T17:36:45","modified_gmt":"2026-04-17T15:36:45","slug":"tortilla-cracker-meersalz-und-schwarzen-pfeffer","status":"publish","type":"product","link":"https:\/\/staging.realdutchfood.com\/de\/tortilla-cracker-meersalz-und-schwarzen-pfeffer\/","title":{"rendered":"Tortilla Cracker Meersalz und schwarzen Pfeffer"},"content":{"rendered":"<h3><strong>Produktbeschreibung von Tortilla Cracker Meersalz und schwarzen Pfeffer <\/strong><\/h3>\n<p class=\"block\" data-v-6ad20fa4=\"\">Vollkorn-Roggencracker mit Meersalz und schwarzem Pfeffer<\/p>\n<p class=\"block\" data-v-6ad20fa4=\"\">Bolletje Tortilla Crackers sind d\u00fcnne und knusprige, im Ofen gebackene Cracker mit geschmackvollen Gew\u00fcrzen. Sie werden aus Vollkornroggen hergestellt und enthalten zus\u00e4tzliche Ballaststoffe. Das macht sie ideal als Snack oder Abendsnack \u2013 und sie sind auch einfach \u00fcberraschend lecker.<\/p>\n<h3><strong>Zutaten von Tortilla Cracker Meersalz und schwarzen Pfeffer <\/strong><\/h3>\n<div class=\"list\" data-v-514df5bc=\"\" data-v-fc054175=\"\" data-testid=\"allergens-content\">\n<div data-v-514df5bc=\"\">\n<p class=\"ingredients-text\" data-v-fc054175=\"\" data-testid=\"ingredients-text-body\">Vollkorn-Roggenmehl, Sonnenblumen\u00f6l, 8 % Gew\u00fcrzmischung (Reismehl, Maltodextrin, 17 % Meersalz, Zucker, 3,8 % schwarzer Pfeffer, Hefe, Hefeextrakt, nat\u00fcrliche Aromastoffe, Antioxidans (Zitronens\u00e4ure), S\u00e4ureregulatoren (Milchs\u00e4ure, Calciumlaktat), Sonnenblumen\u00f6l), Hefe<\/p>\n<h5 class=\"jum-heading bold h5 title\" data-v-8c32abe1=\"\" data-v-fc054175=\"\" data-testid=\"allergens-title\">Allergene<\/h5>\n<div class=\"list\" data-v-514df5bc=\"\" data-v-fc054175=\"\" data-testid=\"allergens-content\">\n<div class=\"item\" data-v-514df5bc=\"\">\n<h3 class=\"jum-heading bold h6\" data-v-8c32abe1=\"\" data-v-514df5bc=\"\" data-testid=\"jum-heading\">Enth\u00e4lt:<\/h3>\n<p><span data-v-514df5bc=\"\">Getreide mit Gluten, Roggen<\/span><\/p>\n<\/div>\n<div class=\"item\" data-v-514df5bc=\"\">\n<h3 class=\"jum-heading bold h6\" data-v-8c32abe1=\"\" data-v-514df5bc=\"\" data-testid=\"jum-heading\">Kann enthalten:<\/h3>\n<p><span data-v-514df5bc=\"\">Milch, Sesam<\/span><\/p>\n<\/div>\n<div data-v-514df5bc=\"\">\n<h2 class=\"jum-heading bold h4 header\" data-v-8c32abe1=\"\" data-v-8d0833ba=\"\" data-testid=\"jum-heading\">N\u00e4hrwerte<\/h2>\n<table class=\"striped jum-table\" data-v-3b4ab732=\"\" data-v-8d0833ba=\"\" data-testid=\"nutritional-values-table-content\">\n<thead data-v-3b4ab732=\"\">\n<tr class=\"header-row\" data-v-3b4ab732=\"\">\n<th class=\"header-column\" data-v-3b4ab732=\"\">N\u00e4hrwerte<\/th>\n<th class=\"header-column\" data-v-3b4ab732=\"\">pro 100 g<\/th>\n<th class=\"header-column\" data-v-3b4ab732=\"\">pro Portion (ca. 30 g)<\/th>\n<th class=\"header-column\" data-v-3b4ab732=\"\">RI*<\/th>\n<\/tr>\n<\/thead>\n<tbody data-v-8d0833ba=\"\">\n<tr class=\"row\" data-v-8d0833ba=\"\">\n<td class=\"column\" data-v-8d0833ba=\"\">Energie<\/td>\n<td class=\"column\" data-v-8d0833ba=\"\">1663 kJ<\/td>\n<td class=\"column\" data-v-8d0833ba=\"\">499 kJ<\/td>\n<td class=\"column\" data-v-8d0833ba=\"\">6 %<\/td>\n<\/tr>\n<tr class=\"row\" data-v-8d0833ba=\"\">\n<td class=\"column\" data-v-8d0833ba=\"\"><\/td>\n<td class=\"column\" data-v-8d0833ba=\"\">397 kcal<\/td>\n<td class=\"column\" data-v-8d0833ba=\"\">119 kcal<\/td>\n<td class=\"column\" data-v-8d0833ba=\"\">6 %<\/td>\n<\/tr>\n<tr class=\"row\" data-v-8d0833ba=\"\">\n<td class=\"sub-label column\" data-v-8d0833ba=\"\">Fette, von denen<\/td>\n<td class=\"column\" data-v-8d0833ba=\"\">11 g<\/td>\n<td class=\"column\" data-v-8d0833ba=\"\">3,3 g<\/td>\n<td class=\"column\" data-v-8d0833ba=\"\">5 %<\/td>\n<\/tr>\n<tr class=\"row\" data-v-8d0833ba=\"\">\n<td class=\"column\" data-v-8d0833ba=\"\">Ges\u00e4ttigte Fetts\u00e4uren<\/td>\n<td class=\"column\" data-v-8d0833ba=\"\">0,9 g<\/td>\n<td class=\"column\" data-v-8d0833ba=\"\">0,3 g<\/td>\n<td class=\"column\" data-v-8d0833ba=\"\">1 %<\/td>\n<\/tr>\n<tr class=\"row\" data-v-8d0833ba=\"\">\n<td class=\"column\" data-v-8d0833ba=\"\">Kohlenhydrate,<\/td>\n<td class=\"column\" data-v-8d0833ba=\"\">57 g<\/td>\n<td class=\"column\" data-v-8d0833ba=\"\">17 g<\/td>\n<td class=\"column\" data-v-8d0833ba=\"\">7 %<\/td>\n<\/tr>\n<tr class=\"row\" data-v-8d0833ba=\"\">\n<td class=\"sub-label column\" data-v-8d0833ba=\"\">davon Zucker<\/td>\n<td class=\"column\" data-v-8d0833ba=\"\">ca. 1,5 g<\/td>\n<td class=\"column\" data-v-8d0833ba=\"\">&lt;0,5 g<\/td>\n<td class=\"column\" data-v-8d0833ba=\"\">&lt;1%<\/td>\n<\/tr>\n<tr class=\"row\" data-v-8d0833ba=\"\">\n<td class=\"column\" data-v-8d0833ba=\"\">Glasfaser<\/td>\n<td class=\"column\" data-v-8d0833ba=\"\">17 g<\/td>\n<td class=\"column\" data-v-8d0833ba=\"\">5,1 g<\/td>\n<td class=\"column\" data-v-8d0833ba=\"\"><\/td>\n<\/tr>\n<tr class=\"row\" data-v-8d0833ba=\"\">\n<td class=\"column\" data-v-8d0833ba=\"\">Proteine<\/td>\n<td class=\"column\" data-v-8d0833ba=\"\">8,9 g<\/td>\n<td class=\"column\" data-v-8d0833ba=\"\">2,7 g<\/td>\n<td class=\"column\" data-v-8d0833ba=\"\">5 %<\/td>\n<\/tr>\n<tr class=\"row\" data-v-8d0833ba=\"\">\n<td class=\"column\" data-v-8d0833ba=\"\">Salz<\/td>\n<td class=\"column\" data-v-8d0833ba=\"\">1,4 g<\/td>\n<td class=\"column\" data-v-8d0833ba=\"\">0,42 g<\/td>\n<td class=\"column\" data-v-8d0833ba=\"\">7 %<\/td>\n<\/tr>\n<tr class=\"row\" data-v-8d0833ba=\"\">\n<td class=\"column\" colspan=\"4\" data-v-8d0833ba=\"\">Diese Packung enth\u00e4lt ca. 5 Portionen.<\/td>\n<\/tr>\n<tr class=\"row\" data-v-8d0833ba=\"\">\n<td class=\"column\" colspan=\"4\" data-v-8d0833ba=\"\">*RI = Referenzmenge f\u00fcr einen durchschnittlichen Erwachsenen (8400 kJ\/2000 kcal).<\/td>\n<\/tr>\n<\/tbody>\n<\/table>\n<\/div>\n<\/div>\n<\/div>\n<\/div>\n","protected":false},"excerpt":{"rendered":"<p>Genie\u00dfe den unwiderstehlichen Geschmack von Sauerrahm und Zwiebeln mit diesen knusprigen Tortillacrackern. Perfekt als gesunder Snack, mit einem Getr\u00e4nk oder als Erg\u00e4nzung zum Fr\u00fchst\u00fcck. Diese Cracker verbinden eine fluffige Textur mit einem k\u00f6stlichen Geschmacksausbruch \u2013 ideal f\u00fcr jeden Anlass. Dank der sorgf\u00e4ltig ausgew\u00e4hlten Zutaten bieten sie eine verantwortungsvolle Wahl, ohne beim Geschmack Kompromisse einzugehen. Entdecken Sie die Vielseitigkeit und lassen Sie sich von dieser leckeren Leckerei \u00fcberraschen.<\/p>\n","protected":false},"featured_media":196794,"template":"","meta":{"_acf_changed":false,"_aipt_faq_data":""},"product_brand":[14476],"product_cat":[14479,15215],"product_tag":[],"class_list":{"0":"post-196791","1":"product","2":"type-product","3":"status-publish","4":"has-post-thumbnail","6":"product_brand-bolletje","7":"product_cat-fruehstueck","8":"product_cat-kekse","9":"pa_artikelnummer-696-de","11":"first","12":"onbackorder","13":"sale","14":"taxable","15":"shipping-taxable","16":"purchasable","17":"product-type-simple"},"bundled_by":[],"bundle_stock_status":"onbackorder","bundle_stock_quantity":null,"bundle_virtual":false,"bundle_layout":"","bundle_add_to_cart_form_location":"","bundle_editable_in_cart":false,"bundle_sold_individually_context":"","bundle_item_grouping":"","bundle_min_size":"","bundle_max_size":"","bundle_price":[],"bundled_items":[],"bundle_sell_ids":[],"acf":{"content":"150 gr"},"_links":{"self":[{"href":"https:\/\/staging.realdutchfood.com\/de\/wp-json\/wp\/v2\/product\/196791","targetHints":{"allow":["GET"]}}],"collection":[{"href":"https:\/\/staging.realdutchfood.com\/de\/wp-json\/wp\/v2\/product"}],"about":[{"href":"https:\/\/staging.realdutchfood.com\/de\/wp-json\/wp\/v2\/types\/product"}],"wp:featuredmedia":[{"embeddable":true,"href":"https:\/\/staging.realdutchfood.com\/de\/wp-json\/wp\/v2\/media\/196794"}],"wp:attachment":[{"href":"https:\/\/staging.realdutchfood.com\/de\/wp-json\/wp\/v2\/media?parent=196791"}],"wp:term":[{"taxonomy":"product_brand","embeddable":true,"href":"https:\/\/staging.realdutchfood.com\/de\/wp-json\/wp\/v2\/product_brand?post=196791"},{"taxonomy":"product_cat","embeddable":true,"href":"https:\/\/staging.realdutchfood.com\/de\/wp-json\/wp\/v2\/product_cat?post=196791"},{"taxonomy":"product_tag","embeddable":true,"href":"https:\/\/staging.realdutchfood.com\/de\/wp-json\/wp\/v2\/product_tag?post=196791"}],"curies":[{"name":"wp","href":"https:\/\/api.w.org\/{rel}","templated":true}]}}